{"id":40074,"date":"2026-01-05T22:35:53","date_gmt":"2026-01-05T21:35:53","guid":{"rendered":"https:\/\/kingabor.pl\/strefatworcy\/?page_id=40074"},"modified":"2026-01-06T16:22:00","modified_gmt":"2026-01-06T15:22:00","slug":"finalne-podziekowanie-mapa","status":"publish","type":"page","link":"http:\/\/kingabor.pl\/edu\/finalne-podziekowanie-mapa\/","title":{"rendered":"Finalne Podzi\u0119kowanie &#8211; Mapa"},"content":{"rendered":"\t\t<div data-elementor-type=\"wp-page\" data-elementor-id=\"40074\" class=\"elementor elementor-40074\">\n\t\t\t\t<div class=\"elementor-element elementor-element-43b69a78 e-flex e-con-boxed e-con e-parent\" data-id=\"43b69a78\" data-element_type=\"container\" data-e-type=\"container\" data-settings=\"{&quot;background_background&quot;:&quot;classic&quot;}\">\n\t\t\t\t\t<div class=\"e-con-inner\">\n\t\t\t\t<div class=\"elementor-element elementor-element-641ceebe elementor-widget elementor-widget-spacer\" data-id=\"641ceebe\" data-element_type=\"widget\" data-e-type=\"widget\" data-widget_type=\"spacer.default\">\n\t\t\t\t<div class=\"elementor-widget-container\">\n\t\t\t\t\t\t\t<div class=\"elementor-spacer\">\n\t\t\t<div class=\"elementor-spacer-inner\"><\/div>\n\t\t<\/div>\n\t\t\t\t\t\t<\/div>\n\t\t\t\t<\/div>\n\t\t\t\t<div class=\"elementor-element elementor-element-7cb6b206 elementor-widget elementor-widget-heading\" data-id=\"7cb6b206\" data-element_type=\"widget\" data-e-type=\"widget\" data-widget_type=\"heading.default\">\n\t\t\t\t<div class=\"elementor-widget-container\">\n\t\t\t\t\t<h2 class=\"elementor-heading-title elementor-size-default\">Gratuluj\u0119! Zrobi\u0142a\u015b dla swojego biznesu wi\u0119cej w 15 minut, ni\u017c wi\u0119kszo\u015b\u0107 os\u00f3b robi przez ca\u0142y rok.\n<\/h2>\t\t\t\t<\/div>\n\t\t\t\t<\/div>\n\t\t\t\t<div class=\"elementor-element elementor-element-63d11fca elementor-widget elementor-widget-spacer\" data-id=\"63d11fca\" data-element_type=\"widget\" data-e-type=\"widget\" data-widget_type=\"spacer.default\">\n\t\t\t\t<div class=\"elementor-widget-container\">\n\t\t\t\t\t\t\t<div class=\"elementor-spacer\">\n\t\t\t<div class=\"elementor-spacer-inner\"><\/div>\n\t\t<\/div>\n\t\t\t\t\t\t<\/div>\n\t\t\t\t<\/div>\n\t\t\t\t\t<\/div>\n\t\t\t\t<\/div>\n\t\t<div class=\"elementor-element elementor-element-783b6174 e-con-full e-flex e-con e-parent\" data-id=\"783b6174\" data-element_type=\"container\" data-e-type=\"container\" data-settings=\"{&quot;background_background&quot;:&quot;classic&quot;}\">\n\t\t\t\t<div class=\"elementor-element elementor-element-2d0418c1 elementor-widget elementor-widget-spacer\" data-id=\"2d0418c1\" data-element_type=\"widget\" data-e-type=\"widget\" data-widget_type=\"spacer.default\">\n\t\t\t\t<div class=\"elementor-widget-container\">\n\t\t\t\t\t\t\t<div class=\"elementor-spacer\">\n\t\t\t<div class=\"elementor-spacer-inner\"><\/div>\n\t\t<\/div>\n\t\t\t\t\t\t<\/div>\n\t\t\t\t<\/div>\n\t\t\t\t<div class=\"elementor-element elementor-element-522fc705 elementor-widget elementor-widget-heading\" data-id=\"522fc705\" data-element_type=\"widget\" data-e-type=\"widget\" data-widget_type=\"heading.default\">\n\t\t\t\t<div class=\"elementor-widget-container\">\n\t\t\t\t\t<h2 class=\"elementor-heading-title elementor-size-default\">Twoje materia\u0142y s\u0105 ju\u017c w drodze na Tw\u00f3j e-mail. <\/h2>\t\t\t\t<\/div>\n\t\t\t\t<\/div>\n\t\t\t\t<div class=\"elementor-element elementor-element-f83f792 elementor-widget elementor-widget-heading\" data-id=\"f83f792\" data-element_type=\"widget\" data-e-type=\"widget\" data-widget_type=\"heading.default\">\n\t\t\t\t<div class=\"elementor-widget-container\">\n\t\t\t\t\t<h2 class=\"elementor-heading-title elementor-size-default\">Zanim jednak rzucisz si\u0119 w wir pracy, przeczytaj te 3 kr\u00f3tkie kroki, aby nic Ci nie umkn\u0119\u0142o:\n<\/h2>\t\t\t\t<\/div>\n\t\t\t\t<\/div>\n\t\t\t\t<div class=\"elementor-element elementor-element-67ee63f elementor-widget elementor-widget-spacer\" data-id=\"67ee63f\" data-element_type=\"widget\" data-e-type=\"widget\" data-widget_type=\"spacer.default\">\n\t\t\t\t<div class=\"elementor-widget-container\">\n\t\t\t\t\t\t\t<div class=\"elementor-spacer\">\n\t\t\t<div class=\"elementor-spacer-inner\"><\/div>\n\t\t<\/div>\n\t\t\t\t\t\t<\/div>\n\t\t\t\t<\/div>\n\t\t\t\t<div class=\"elementor-element elementor-element-5eb0cce4 elementor-position-inline-start elementor-view-default elementor-mobile-position-block-start elementor-widget elementor-widget-icon-box\" data-id=\"5eb0cce4\" data-element_type=\"widget\" data-e-type=\"widget\" data-widget_type=\"icon-box.default\">\n\t\t\t\t<div class=\"elementor-widget-container\">\n\t\t\t\t\t\t\t<div class=\"elementor-icon-box-wrapper\">\n\n\t\t\t\t\t\t<div class=\"elementor-icon-box-icon\">\n\t\t\t\t<span  class=\"elementor-icon\">\n\t\t\t\t<i aria-hidden=\"true\" class=\"fas fa-envelope\"><\/i>\t\t\t\t<\/span>\n\t\t\t<\/div>\n\t\t\t\n\t\t\t\t\t\t<div class=\"elementor-icon-box-content\">\n\n\t\t\t\t\t\t\t\t\t<h3 class=\"elementor-icon-box-title\">\n\t\t\t\t\t\t<span  >\n\t\t\t\t\t\t\tSprawd\u017a skrzynk\u0119 (za ok. 2-5 minut) \t\t\t\t\t\t<\/span>\n\t\t\t\t\t<\/h3>\n\t\t\t\t\n\t\t\t\t\t\t\t\t\t<p class=\"elementor-icon-box-description\">\n\t\t\t\t\t\tSzukaj wiadomo\u015bci od naffy lub bezpo\u015brednio ode mnie. Je\u015bli nie widzisz maila, sprawd\u017a folder \"Oferty\" lub \"Spam\" \u2013 systemy czasem tam chowaj\u0105 najfajniejsze rzeczy.\n\t\t\t\t\t<\/p>\n\t\t\t\t\n\t\t\t<\/div>\n\t\t\t\n\t\t<\/div>\n\t\t\t\t\t\t<\/div>\n\t\t\t\t<\/div>\n\t\t\t\t<div class=\"elementor-element elementor-element-aea5685 elementor-position-inline-start elementor-view-default elementor-mobile-position-block-start elementor-widget elementor-widget-icon-box\" data-id=\"aea5685\" data-element_type=\"widget\" data-e-type=\"widget\" data-widget_type=\"icon-box.default\">\n\t\t\t\t<div class=\"elementor-widget-container\">\n\t\t\t\t\t\t\t<div class=\"elementor-icon-box-wrapper\">\n\n\t\t\t\t\t\t<div class=\"elementor-icon-box-icon\">\n\t\t\t\t<span  class=\"elementor-icon\">\n\t\t\t\t<i aria-hidden=\"true\" class=\"fas fa-envelope\"><\/i>\t\t\t\t<\/span>\n\t\t\t<\/div>\n\t\t\t\n\t\t\t\t\t\t<div class=\"elementor-icon-box-content\">\n\n\t\t\t\t\t\t\t\t\t<h3 class=\"elementor-icon-box-title\">\n\t\t\t\t\t\t<span  >\n\t\t\t\t\t\t\tPobierz i zapisz\t\t\t\t\t\t<\/span>\n\t\t\t\t\t<\/h3>\n\t\t\t\t\n\t\t\t\t\t\t\t\t\t<p class=\"elementor-icon-box-description\">\n\t\t\t\t\t\tPobierz PDF-y na dysk i stw\u00f3rz dla nich osobny folder \u201eM\u00f3j Kurs Online\u201d. Je\u015bli wolisz pisa\u0107 r\u0119cznie \u2013 wydrukuj Workbook. To Twoje narz\u0119dzie pracy, nie b\u00f3j si\u0119 w nim bazgra\u0107!\n\t\t\t\t\t<\/p>\n\t\t\t\t\n\t\t\t<\/div>\n\t\t\t\n\t\t<\/div>\n\t\t\t\t\t\t<\/div>\n\t\t\t\t<\/div>\n\t\t\t\t<div class=\"elementor-element elementor-element-02fbad5 elementor-position-inline-start elementor-view-default elementor-mobile-position-block-start elementor-widget elementor-widget-icon-box\" data-id=\"02fbad5\" data-element_type=\"widget\" data-e-type=\"widget\" data-widget_type=\"icon-box.default\">\n\t\t\t\t<div class=\"elementor-widget-container\">\n\t\t\t\t\t\t\t<div class=\"elementor-icon-box-wrapper\">\n\n\t\t\t\t\t\t<div class=\"elementor-icon-box-icon\">\n\t\t\t\t<span  class=\"elementor-icon\">\n\t\t\t\t<i aria-hidden=\"true\" class=\"fas fa-envelope\"><\/i>\t\t\t\t<\/span>\n\t\t\t<\/div>\n\t\t\t\n\t\t\t\t\t\t<div class=\"elementor-icon-box-content\">\n\n\t\t\t\t\t\t\t\t\t<h3 class=\"elementor-icon-box-title\">\n\t\t\t\t\t\t<span  >\n\t\t\t\t\t\t\tZacznij od strony 4 w Workbooku\t\t\t\t\t\t<\/span>\n\t\t\t\t\t<\/h3>\n\t\t\t\t\n\t\t\t\t\t\t\t\t\t<p class=\"elementor-icon-box-description\">\n\t\t\t\t\t\tNie musisz czyta\u0107 wszystkiego naraz. Otw\u00f3rz Zeszyt \u0106wicze\u0144 na stronie 4 (<b>Mapa Empatii<\/b>). To tam zrozumiesz swojego klienta tak dobrze, \u017ce sprzeda\u017c kursu stanie si\u0119 naturalnym nast\u0119pstwem Twojej wiedzy.\n\t\t\t\t\t<\/p>\n\t\t\t\t\n\t\t\t<\/div>\n\t\t\t\n\t\t<\/div>\n\t\t\t\t\t\t<\/div>\n\t\t\t\t<\/div>\n\t\t\t\t<div class=\"elementor-element elementor-element-3c13beb4 elementor-widget elementor-widget-spacer\" data-id=\"3c13beb4\" data-element_type=\"widget\" data-e-type=\"widget\" data-widget_type=\"spacer.default\">\n\t\t\t\t<div class=\"elementor-widget-container\">\n\t\t\t\t\t\t\t<div class=\"elementor-spacer\">\n\t\t\t<div class=\"elementor-spacer-inner\"><\/div>\n\t\t<\/div>\n\t\t\t\t\t\t<\/div>\n\t\t\t\t<\/div>\n\t\t\t\t<\/div>\n\t\t<div class=\"elementor-element elementor-element-88fb073 e-flex e-con-boxed e-con e-parent\" data-id=\"88fb073\" data-element_type=\"container\" data-e-type=\"container\" data-settings=\"{&quot;background_background&quot;:&quot;classic&quot;}\">\n\t\t\t\t\t<div class=\"e-con-inner\">\n\t\t\t\t<div class=\"elementor-element elementor-element-546992d elementor-widget elementor-widget-spacer\" data-id=\"546992d\" data-element_type=\"widget\" data-e-type=\"widget\" data-widget_type=\"spacer.default\">\n\t\t\t\t<div class=\"elementor-widget-container\">\n\t\t\t\t\t\t\t<div class=\"elementor-spacer\">\n\t\t\t<div class=\"elementor-spacer-inner\"><\/div>\n\t\t<\/div>\n\t\t\t\t\t\t<\/div>\n\t\t\t\t<\/div>\n\t\t\t\t<div class=\"elementor-element elementor-element-42edb1d elementor-widget elementor-widget-text-editor\" data-id=\"42edb1d\" data-element_type=\"widget\" data-e-type=\"widget\" data-widget_type=\"text-editor.default\">\n\t\t\t\t<div class=\"elementor-widget-container\">\n\t\t\t\t\t\t\t\t\t<p><b>Pami\u0119taj:<\/b><span style=\"font-weight: 400;\"> Masz teraz w r\u0119kach system, kt\u00f3ry przyni\u00f3s\u0142 mi <\/span><b>200 sprzedanych kurs\u00f3w<\/b><span style=\"font-weight: 400;\">. Nie musisz ju\u017c zgadywa\u0107. Po prostu id\u017a krok po kroku za moimi wskaz\u00f3wkami. Je\u015bli ja to zrobi\u0142am, Ty te\u017c dasz rad\u0119.<\/span><\/p>\t\t\t\t\t\t\t\t<\/div>\n\t\t\t\t<\/div>\n\t\t\t\t<div class=\"elementor-element elementor-element-7e5b9bf elementor-widget elementor-widget-spacer\" data-id=\"7e5b9bf\" data-element_type=\"widget\" data-e-type=\"widget\" data-widget_type=\"spacer.default\">\n\t\t\t\t<div class=\"elementor-widget-container\">\n\t\t\t\t\t\t\t<div class=\"elementor-spacer\">\n\t\t\t<div class=\"elementor-spacer-inner\"><\/div>\n\t\t<\/div>\n\t\t\t\t\t\t<\/div>\n\t\t\t\t<\/div>\n\t\t\t\t\t<\/div>\n\t\t\t\t<\/div>\n\t\t<div class=\"elementor-element elementor-element-d3649bc e-flex e-con-boxed e-con e-parent\" data-id=\"d3649bc\" data-element_type=\"container\" data-e-type=\"container\">\n\t\t\t\t\t<div class=\"e-con-inner\">\n\t\t\t\t<div class=\"elementor-element elementor-element-c66ae75 elementor-widget elementor-widget-spacer\" data-id=\"c66ae75\" data-element_type=\"widget\" data-e-type=\"widget\" data-widget_type=\"spacer.default\">\n\t\t\t\t<div class=\"elementor-widget-container\">\n\t\t\t\t\t\t\t<div class=\"elementor-spacer\">\n\t\t\t<div class=\"elementor-spacer-inner\"><\/div>\n\t\t<\/div>\n\t\t\t\t\t\t<\/div>\n\t\t\t\t<\/div>\n\t\t\t\t\t<\/div>\n\t\t\t\t<\/div>\n\t\t<div class=\"elementor-element elementor-element-130ad6b8 e-flex e-con-boxed e-con e-parent\" data-id=\"130ad6b8\" data-element_type=\"container\" data-e-type=\"container\">\n\t\t\t\t\t<div class=\"e-con-inner\">\n\t\t<div class=\"elementor-element elementor-element-333e6079 e-con-full e-flex e-con e-child\" data-id=\"333e6079\" data-element_type=\"container\" data-e-type=\"container\">\n\t\t\t\t<div class=\"elementor-element elementor-element-73dfc2a elementor-widget elementor-widget-image\" data-id=\"73dfc2a\" data-element_type=\"widget\" data-e-type=\"widget\" data-widget_type=\"image.default\">\n\t\t\t\t<div class=\"elementor-widget-container\">\n\t\t\t\t\t\t\t\t\t\t\t\t\t\t\t<img fetchpriority=\"high\" decoding=\"async\" width=\"612\" height=\"612\" src=\"http:\/\/kingabor.pl\/edu\/wp-content\/uploads\/sites\/10\/2026\/01\/Kinga-Bor-1.png\" class=\"attachment-2048x2048 size-2048x2048 wp-image-39435\" alt=\"\" srcset=\"http:\/\/kingabor.pl\/edu\/wp-content\/uploads\/sites\/10\/2026\/01\/Kinga-Bor-1.png 612w, http:\/\/kingabor.pl\/edu\/wp-content\/uploads\/sites\/10\/2026\/01\/Kinga-Bor-1-300x300.png 300w, http:\/\/kingabor.pl\/edu\/wp-content\/uploads\/sites\/10\/2026\/01\/Kinga-Bor-1-150x150.png 150w, http:\/\/kingabor.pl\/edu\/wp-content\/uploads\/sites\/10\/2026\/01\/Kinga-Bor-1-520x520.png 520w\" sizes=\"(max-width: 612px) 100vw, 612px\" \/>\t\t\t\t\t\t\t\t\t\t\t\t\t\t\t<\/div>\n\t\t\t\t<\/div>\n\t\t\t\t<\/div>\n\t\t<div class=\"elementor-element elementor-element-cf6c178 e-con-full e-flex e-con e-child\" data-id=\"cf6c178\" data-element_type=\"container\" data-e-type=\"container\">\n\t\t\t\t<div class=\"elementor-element elementor-element-45d723df elementor-widget elementor-widget-text-editor\" data-id=\"45d723df\" data-element_type=\"widget\" data-e-type=\"widget\" data-widget_type=\"text-editor.default\">\n\t\t\t\t<div class=\"elementor-widget-container\">\n\t\t\t\t\t\t\t\t\t<h3><b>Nie zostajesz z tym sama!<\/b><\/h3>\n<p><span style=\"font-weight: 400;\">Tworzenie kursu to maraton, a nie sprint. Je\u015bli utkniesz, b\u0119dziesz mia\u0142a pytanie lub po prostu b\u0119dziesz chcia\u0142a si\u0119 pochwali\u0107 pierwszymi sukcesami \u2013 zapraszam Ci\u0119 tutaj:<\/span><\/p>\n<ul>\n<li style=\"font-weight: 400;\" aria-level=\"1\"><b>Obserwuj mnie na Instagramie: @strefatworcyonline<\/b><span style=\"font-weight: 400;\">&nbsp;\u2013 tam dziel\u0119 si\u0119 kulisami i dawk\u0105 motywacji na co dzie\u0144.<\/span><\/li>\n<li style=\"font-weight: 400;\" aria-level=\"1\"><b>Napisz do mnie:<\/b><span style=\"font-weight: 400;\"><span style=\"font-weight: 400;\"><span style=\"font-weight: 400;\">&nbsp;kontakt@kingabor.pl \u2013 czytam ka\u017cd\u0105 wiadomo\u015b\u0107 od moich klientek. Odpisuj\u0119 w ci\u0105gu 24 godzin.<\/span><\/span><\/span><p><\/p>\n<p><b style=\"color: #444444;\">Trzymam kciuki za Twoj\u0105 premier\u0119!<\/b><span style=\"font-weight: 400;\"> Kinga Bor<\/span><\/p><\/li>\n<\/ul>\t\t\t\t\t\t\t\t<\/div>\n\t\t\t\t<\/div>\n\t\t\t\t<\/div>\n\t\t\t\t\t<\/div>\n\t\t\t\t<\/div>\n\t\t<div class=\"elementor-element elementor-element-42368a33 e-flex e-con-boxed e-con e-parent\" data-id=\"42368a33\" data-element_type=\"container\" data-e-type=\"container\">\n\t\t\t\t\t<div class=\"e-con-inner\">\n\t\t\t\t<div class=\"elementor-element elementor-element-6abc2d31 elementor-widget elementor-widget-spacer\" data-id=\"6abc2d31\" data-element_type=\"widget\" data-e-type=\"widget\" data-widget_type=\"spacer.default\">\n\t\t\t\t<div class=\"elementor-widget-container\">\n\t\t\t\t\t\t\t<div class=\"elementor-spacer\">\n\t\t\t<div class=\"elementor-spacer-inner\"><\/div>\n\t\t<\/div>\n\t\t\t\t\t\t<\/div>\n\t\t\t\t<\/div>\n\t\t\t\t<div class=\"elementor-element elementor-element-37dfaa7d elementor-widget elementor-widget-text-editor\" data-id=\"37dfaa7d\" data-element_type=\"widget\" data-e-type=\"widget\" data-widget_type=\"text-editor.default\">\n\t\t\t\t<div class=\"elementor-widget-container\">\n\t\t\t\t\t\t\t\t\t<p style=\"text-align: center;\">Copyright @ Kinga Bor 2026 | Wszelkie prawa zastrze\u017cone<\/p>\t\t\t\t\t\t\t\t<\/div>\n\t\t\t\t<\/div>\n\t\t\t\t\t<\/div>\n\t\t\t\t<\/div>\n\t\t\t\t<\/div>\n\t\t","protected":false},"excerpt":{"rendered":"<p>Gratuluj\u0119! Zrobi\u0142a\u015b dla swojego biznesu wi\u0119cej w 15 minut, ni\u017c wi\u0119kszo\u015b\u0107 os\u00f3b robi przez ca\u0142y rok. Twoje materia\u0142y s\u0105 ju\u017c w drodze na Tw\u00f3j e-mail. Zanim jednak rzucisz si\u0119 w wir pracy, przeczytaj te 3 kr\u00f3tkie kroki, aby nic Ci nie umkn\u0119\u0142o: Sprawd\u017a skrzynk\u0119 (za ok. 2-5 minut) Szukaj wiadomo\u015bci od naffy lub bezpo\u015brednio ode [&hellip;]<\/p>\n","protected":false},"author":1,"featured_media":0,"parent":0,"menu_order":0,"comment_status":"closed","ping_status":"closed","template":"elementor_canvas","meta":{"footnotes":""},"class_list":["post-40074","page","type-page","status-publish","hentry"],"yoast_head":"<!-- This site is optimized with the Yoast SEO plugin v27.1.1 - https:\/\/yoast.com\/product\/yoast-seo-wordpress\/ -->\n<title>Finalne Podzi\u0119kowanie - Mapa - Kinga Bor Edu<\/title>\n<meta name=\"robots\" content=\"index, follow, max-snippet:-1, max-image-preview:large, max-video-preview:-1\" \/>\n<link rel=\"canonical\" href=\"http:\/\/kingabor.pl\/edu\/finalne-podziekowanie-mapa\/\" \/>\n<meta property=\"og:locale\" content=\"pl_PL\" \/>\n<meta property=\"og:type\" content=\"article\" \/>\n<meta property=\"og:title\" content=\"Finalne Podzi\u0119kowanie - Mapa - Kinga Bor Edu\" \/>\n<meta property=\"og:description\" content=\"Gratuluj\u0119! Zrobi\u0142a\u015b dla swojego biznesu wi\u0119cej w 15 minut, ni\u017c wi\u0119kszo\u015b\u0107 os\u00f3b robi przez ca\u0142y rok. Twoje materia\u0142y s\u0105 ju\u017c w drodze na Tw\u00f3j e-mail. Zanim jednak rzucisz si\u0119 w wir pracy, przeczytaj te 3 kr\u00f3tkie kroki, aby nic Ci nie umkn\u0119\u0142o: Sprawd\u017a skrzynk\u0119 (za ok. 2-5 minut) Szukaj wiadomo\u015bci od naffy lub bezpo\u015brednio ode [&hellip;]\" \/>\n<meta property=\"og:url\" content=\"http:\/\/kingabor.pl\/edu\/finalne-podziekowanie-mapa\/\" \/>\n<meta property=\"og:site_name\" content=\"Kinga Bor Edu\" \/>\n<meta property=\"article:modified_time\" content=\"2026-01-06T15:22:00+00:00\" \/>\n<meta property=\"og:image\" content=\"http:\/\/kingabor.pl\/strefatworcy\/wp-content\/uploads\/sites\/10\/2026\/01\/Kinga-Bor-1.png\" \/>\n<meta name=\"twitter:card\" content=\"summary_large_image\" \/>\n<meta name=\"twitter:label1\" content=\"Szacowany czas czytania\" \/>\n\t<meta name=\"twitter:data1\" content=\"2 minuty\" \/>\n<script type=\"application\/ld+json\" class=\"yoast-schema-graph\">{\"@context\":\"https:\/\/schema.org\",\"@graph\":[{\"@type\":\"WebPage\",\"@id\":\"http:\/\/kingabor.pl\/edu\/finalne-podziekowanie-mapa\/\",\"url\":\"http:\/\/kingabor.pl\/edu\/finalne-podziekowanie-mapa\/\",\"name\":\"Finalne Podzi\u0119kowanie - Mapa - Kinga Bor Edu\",\"isPartOf\":{\"@id\":\"http:\/\/kingabor.pl\/edu\/#website\"},\"primaryImageOfPage\":{\"@id\":\"http:\/\/kingabor.pl\/edu\/finalne-podziekowanie-mapa\/#primaryimage\"},\"image\":{\"@id\":\"http:\/\/kingabor.pl\/edu\/finalne-podziekowanie-mapa\/#primaryimage\"},\"thumbnailUrl\":\"http:\/\/kingabor.pl\/strefatworcy\/wp-content\/uploads\/sites\/10\/2026\/01\/Kinga-Bor-1.png\",\"datePublished\":\"2026-01-05T21:35:53+00:00\",\"dateModified\":\"2026-01-06T15:22:00+00:00\",\"breadcrumb\":{\"@id\":\"http:\/\/kingabor.pl\/edu\/finalne-podziekowanie-mapa\/#breadcrumb\"},\"inLanguage\":\"pl-PL\",\"potentialAction\":[{\"@type\":\"ReadAction\",\"target\":[\"http:\/\/kingabor.pl\/edu\/finalne-podziekowanie-mapa\/\"]}]},{\"@type\":\"ImageObject\",\"inLanguage\":\"pl-PL\",\"@id\":\"http:\/\/kingabor.pl\/edu\/finalne-podziekowanie-mapa\/#primaryimage\",\"url\":\"http:\/\/kingabor.pl\/strefatworcy\/wp-content\/uploads\/sites\/10\/2026\/01\/Kinga-Bor-1.png\",\"contentUrl\":\"http:\/\/kingabor.pl\/strefatworcy\/wp-content\/uploads\/sites\/10\/2026\/01\/Kinga-Bor-1.png\"},{\"@type\":\"BreadcrumbList\",\"@id\":\"http:\/\/kingabor.pl\/edu\/finalne-podziekowanie-mapa\/#breadcrumb\",\"itemListElement\":[{\"@type\":\"ListItem\",\"position\":1,\"name\":\"Strona g\u0142\u00f3wna\",\"item\":\"http:\/\/kingabor.pl\/edu\/\"},{\"@type\":\"ListItem\",\"position\":2,\"name\":\"Finalne Podzi\u0119kowanie &#8211; Mapa\"}]},{\"@type\":\"WebSite\",\"@id\":\"http:\/\/kingabor.pl\/edu\/#website\",\"url\":\"http:\/\/kingabor.pl\/edu\/\",\"name\":\"Kinga Bor Edu\",\"description\":\"Edukacja | Dla Nauczycieli | Produkty Cyfrowe | Kursy online\",\"potentialAction\":[{\"@type\":\"SearchAction\",\"target\":{\"@type\":\"EntryPoint\",\"urlTemplate\":\"http:\/\/kingabor.pl\/edu\/?s={search_term_string}\"},\"query-input\":{\"@type\":\"PropertyValueSpecification\",\"valueRequired\":true,\"valueName\":\"search_term_string\"}}],\"inLanguage\":\"pl-PL\"}]}<\/script>\n<!-- \/ Yoast SEO plugin. -->","yoast_head_json":{"title":"Finalne Podzi\u0119kowanie - Mapa - Kinga Bor Edu","robots":{"index":"index","follow":"follow","max-snippet":"max-snippet:-1","max-image-preview":"max-image-preview:large","max-video-preview":"max-video-preview:-1"},"canonical":"http:\/\/kingabor.pl\/edu\/finalne-podziekowanie-mapa\/","og_locale":"pl_PL","og_type":"article","og_title":"Finalne Podzi\u0119kowanie - Mapa - Kinga Bor Edu","og_description":"Gratuluj\u0119! Zrobi\u0142a\u015b dla swojego biznesu wi\u0119cej w 15 minut, ni\u017c wi\u0119kszo\u015b\u0107 os\u00f3b robi przez ca\u0142y rok. Twoje materia\u0142y s\u0105 ju\u017c w drodze na Tw\u00f3j e-mail. Zanim jednak rzucisz si\u0119 w wir pracy, przeczytaj te 3 kr\u00f3tkie kroki, aby nic Ci nie umkn\u0119\u0142o: Sprawd\u017a skrzynk\u0119 (za ok. 2-5 minut) Szukaj wiadomo\u015bci od naffy lub bezpo\u015brednio ode [&hellip;]","og_url":"http:\/\/kingabor.pl\/edu\/finalne-podziekowanie-mapa\/","og_site_name":"Kinga Bor Edu","article_modified_time":"2026-01-06T15:22:00+00:00","og_image":[{"url":"http:\/\/kingabor.pl\/strefatworcy\/wp-content\/uploads\/sites\/10\/2026\/01\/Kinga-Bor-1.png","type":"","width":"","height":""}],"twitter_card":"summary_large_image","twitter_misc":{"Szacowany czas czytania":"2 minuty"},"schema":{"@context":"https:\/\/schema.org","@graph":[{"@type":"WebPage","@id":"http:\/\/kingabor.pl\/edu\/finalne-podziekowanie-mapa\/","url":"http:\/\/kingabor.pl\/edu\/finalne-podziekowanie-mapa\/","name":"Finalne Podzi\u0119kowanie - Mapa - Kinga Bor Edu","isPartOf":{"@id":"http:\/\/kingabor.pl\/edu\/#website"},"primaryImageOfPage":{"@id":"http:\/\/kingabor.pl\/edu\/finalne-podziekowanie-mapa\/#primaryimage"},"image":{"@id":"http:\/\/kingabor.pl\/edu\/finalne-podziekowanie-mapa\/#primaryimage"},"thumbnailUrl":"http:\/\/kingabor.pl\/strefatworcy\/wp-content\/uploads\/sites\/10\/2026\/01\/Kinga-Bor-1.png","datePublished":"2026-01-05T21:35:53+00:00","dateModified":"2026-01-06T15:22:00+00:00","breadcrumb":{"@id":"http:\/\/kingabor.pl\/edu\/finalne-podziekowanie-mapa\/#breadcrumb"},"inLanguage":"pl-PL","potentialAction":[{"@type":"ReadAction","target":["http:\/\/kingabor.pl\/edu\/finalne-podziekowanie-mapa\/"]}]},{"@type":"ImageObject","inLanguage":"pl-PL","@id":"http:\/\/kingabor.pl\/edu\/finalne-podziekowanie-mapa\/#primaryimage","url":"http:\/\/kingabor.pl\/strefatworcy\/wp-content\/uploads\/sites\/10\/2026\/01\/Kinga-Bor-1.png","contentUrl":"http:\/\/kingabor.pl\/strefatworcy\/wp-content\/uploads\/sites\/10\/2026\/01\/Kinga-Bor-1.png"},{"@type":"BreadcrumbList","@id":"http:\/\/kingabor.pl\/edu\/finalne-podziekowanie-mapa\/#breadcrumb","itemListElement":[{"@type":"ListItem","position":1,"name":"Strona g\u0142\u00f3wna","item":"http:\/\/kingabor.pl\/edu\/"},{"@type":"ListItem","position":2,"name":"Finalne Podzi\u0119kowanie &#8211; Mapa"}]},{"@type":"WebSite","@id":"http:\/\/kingabor.pl\/edu\/#website","url":"http:\/\/kingabor.pl\/edu\/","name":"Kinga Bor Edu","description":"Edukacja | Dla Nauczycieli | Produkty Cyfrowe | Kursy online","potentialAction":[{"@type":"SearchAction","target":{"@type":"EntryPoint","urlTemplate":"http:\/\/kingabor.pl\/edu\/?s={search_term_string}"},"query-input":{"@type":"PropertyValueSpecification","valueRequired":true,"valueName":"search_term_string"}}],"inLanguage":"pl-PL"}]}},"_links":{"self":[{"href":"http:\/\/kingabor.pl\/edu\/wp-json\/wp\/v2\/pages\/40074","targetHints":{"allow":["GET"]}}],"collection":[{"href":"http:\/\/kingabor.pl\/edu\/wp-json\/wp\/v2\/pages"}],"about":[{"href":"http:\/\/kingabor.pl\/edu\/wp-json\/wp\/v2\/types\/page"}],"author":[{"embeddable":true,"href":"http:\/\/kingabor.pl\/edu\/wp-json\/wp\/v2\/users\/1"}],"replies":[{"embeddable":true,"href":"http:\/\/kingabor.pl\/edu\/wp-json\/wp\/v2\/comments?post=40074"}],"version-history":[{"count":41,"href":"http:\/\/kingabor.pl\/edu\/wp-json\/wp\/v2\/pages\/40074\/revisions"}],"predecessor-version":[{"id":40593,"href":"http:\/\/kingabor.pl\/edu\/wp-json\/wp\/v2\/pages\/40074\/revisions\/40593"}],"wp:attachment":[{"href":"http:\/\/kingabor.pl\/edu\/wp-json\/wp\/v2\/media?parent=40074"}],"curies":[{"name":"wp","href":"https:\/\/api.w.org\/{rel}","templated":true}]}}