{"id":40635,"date":"2026-01-06T16:48:00","date_gmt":"2026-01-06T15:48:00","guid":{"rendered":"https:\/\/kingabor.pl\/strefatworcy\/?page_id=40635"},"modified":"2026-01-31T14:37:23","modified_gmt":"2026-01-31T13:37:23","slug":"dziekuje-pobierz-certyfikat","status":"publish","type":"page","link":"http:\/\/kingabor.pl\/edu\/dziekuje-pobierz-certyfikat\/","title":{"rendered":"Dzi\u0119kuj\u0119 | Pobierz Certyfikat"},"content":{"rendered":"\t\t<div data-elementor-type=\"wp-page\" data-elementor-id=\"40635\" class=\"elementor elementor-40635\">\n\t\t\t\t<div class=\"elementor-element elementor-element-2107d3ca e-flex e-con-boxed e-con e-parent\" data-id=\"2107d3ca\" data-element_type=\"container\" data-e-type=\"container\" data-settings=\"{&quot;background_background&quot;:&quot;classic&quot;}\">\n\t\t\t\t\t<div class=\"e-con-inner\">\n\t\t\t\t<div class=\"elementor-element elementor-element-1d7df596 elementor-widget elementor-widget-spacer\" data-id=\"1d7df596\" data-element_type=\"widget\" data-e-type=\"widget\" data-widget_type=\"spacer.default\">\n\t\t\t\t<div class=\"elementor-widget-container\">\n\t\t\t\t\t\t\t<div class=\"elementor-spacer\">\n\t\t\t<div class=\"elementor-spacer-inner\"><\/div>\n\t\t<\/div>\n\t\t\t\t\t\t<\/div>\n\t\t\t\t<\/div>\n\t\t\t\t<div class=\"elementor-element elementor-element-781f560b elementor-widget elementor-widget-heading\" data-id=\"781f560b\" data-element_type=\"widget\" data-e-type=\"widget\" data-widget_type=\"heading.default\">\n\t\t\t\t<div class=\"elementor-widget-container\">\n\t\t\t\t\t<h2 class=\"elementor-heading-title elementor-size-default\">TW\u00d3J DARMOWY CERTYFIKAT JEST GOTOWY<\/h2>\t\t\t\t<\/div>\n\t\t\t\t<\/div>\n\t\t\t\t<div class=\"elementor-element elementor-element-1e86ab15 elementor-widget elementor-widget-heading\" data-id=\"1e86ab15\" data-element_type=\"widget\" data-e-type=\"widget\" data-widget_type=\"heading.default\">\n\t\t\t\t<div class=\"elementor-widget-container\">\n\t\t\t\t\t<h2 class=\"elementor-heading-title elementor-size-default\">Szablon certyfikatu leci na Twoj\u0105 skrzynk\u0119!<\/h2>\t\t\t\t<\/div>\n\t\t\t\t<\/div>\n\t\t\t\t<div class=\"elementor-element elementor-element-62d55578 elementor-widget elementor-widget-heading\" data-id=\"62d55578\" data-element_type=\"widget\" data-e-type=\"widget\" data-widget_type=\"heading.default\">\n\t\t\t\t<div class=\"elementor-widget-container\">\n\t\t\t\t\t<h2 class=\"elementor-heading-title elementor-size-default\">Zgodnie z obietnic\u0105, wys\u0142a\u0142am Ci link do edytowalnego szablonu certyfikatu w Canva. <\/h2>\t\t\t\t<\/div>\n\t\t\t\t<\/div>\n\t\t\t\t<div class=\"elementor-element elementor-element-f67142d elementor-widget elementor-widget-heading\" data-id=\"f67142d\" data-element_type=\"widget\" data-e-type=\"widget\" data-widget_type=\"heading.default\">\n\t\t\t\t<div class=\"elementor-widget-container\">\n\t\t\t\t\t<h2 class=\"elementor-heading-title elementor-size-default\">Sprawd\u017a poni\u017cej, co musisz teraz zrobi\u0107, aby zacz\u0105\u0107 z niego korzysta\u0107.<\/h2>\t\t\t\t<\/div>\n\t\t\t\t<\/div>\n\t\t\t\t<div class=\"elementor-element elementor-element-43775fee elementor-widget elementor-widget-spacer\" data-id=\"43775fee\" data-element_type=\"widget\" data-e-type=\"widget\" data-widget_type=\"spacer.default\">\n\t\t\t\t<div class=\"elementor-widget-container\">\n\t\t\t\t\t\t\t<div class=\"elementor-spacer\">\n\t\t\t<div class=\"elementor-spacer-inner\"><\/div>\n\t\t<\/div>\n\t\t\t\t\t\t<\/div>\n\t\t\t\t<\/div>\n\t\t\t\t\t<\/div>\n\t\t\t\t<\/div>\n\t\t<div class=\"elementor-element elementor-element-6eed8bd8 e-flex e-con-boxed e-con e-parent\" data-id=\"6eed8bd8\" data-element_type=\"container\" data-e-type=\"container\" data-settings=\"{&quot;background_background&quot;:&quot;classic&quot;}\">\n\t\t\t\t\t<div class=\"e-con-inner\">\n\t\t\t\t<div class=\"elementor-element elementor-element-ba39b6a elementor-widget elementor-widget-spacer\" data-id=\"ba39b6a\" data-element_type=\"widget\" data-e-type=\"widget\" data-widget_type=\"spacer.default\">\n\t\t\t\t<div class=\"elementor-widget-container\">\n\t\t\t\t\t\t\t<div class=\"elementor-spacer\">\n\t\t\t<div class=\"elementor-spacer-inner\"><\/div>\n\t\t<\/div>\n\t\t\t\t\t\t<\/div>\n\t\t\t\t<\/div>\n\t\t\t\t<div class=\"elementor-element elementor-element-75ff4f7d elementor-widget elementor-widget-heading\" data-id=\"75ff4f7d\" data-element_type=\"widget\" data-e-type=\"widget\" data-widget_type=\"heading.default\">\n\t\t\t\t<div class=\"elementor-widget-container\">\n\t\t\t\t\t<h2 class=\"elementor-heading-title elementor-size-default\">Jak odebra\u0107 Certyfikat?<\/h2>\t\t\t\t<\/div>\n\t\t\t\t<\/div>\n\t\t\t\t<div class=\"elementor-element elementor-element-3965df0c elementor-widget elementor-widget-image\" data-id=\"3965df0c\" data-element_type=\"widget\" data-e-type=\"widget\" data-widget_type=\"image.default\">\n\t\t\t\t<div class=\"elementor-widget-container\">\n\t\t\t\t\t\t\t\t\t\t\t\t\t\t\t<img fetchpriority=\"high\" decoding=\"async\" width=\"1024\" height=\"402\" src=\"https:\/\/kingabor.pl\/edu\/wp-content\/uploads\/sites\/10\/2026\/01\/szablon-certyfikatu-kursowego-do-pobrania.png\" class=\"attachment-large size-large wp-image-39501\" alt=\"\" srcset=\"https:\/\/kingabor.pl\/edu\/wp-content\/uploads\/sites\/10\/2026\/01\/szablon-certyfikatu-kursowego-do-pobrania.png 1024w, https:\/\/kingabor.pl\/edu\/wp-content\/uploads\/sites\/10\/2026\/01\/szablon-certyfikatu-kursowego-do-pobrania-300x118.png 300w, https:\/\/kingabor.pl\/edu\/wp-content\/uploads\/sites\/10\/2026\/01\/szablon-certyfikatu-kursowego-do-pobrania-768x302.png 768w\" sizes=\"(max-width: 1024px) 100vw, 1024px\" \/>\t\t\t\t\t\t\t\t\t\t\t\t\t\t\t<\/div>\n\t\t\t\t<\/div>\n\t\t\t\t<div class=\"elementor-element elementor-element-1f55d81e elementor-position-inline-start elementor-view-default elementor-mobile-position-block-start elementor-widget elementor-widget-icon-box\" data-id=\"1f55d81e\" data-element_type=\"widget\" data-e-type=\"widget\" data-widget_type=\"icon-box.default\">\n\t\t\t\t<div class=\"elementor-widget-container\">\n\t\t\t\t\t\t\t<div class=\"elementor-icon-box-wrapper\">\n\n\t\t\t\t\t\t<div class=\"elementor-icon-box-icon\">\n\t\t\t\t<span  class=\"elementor-icon\">\n\t\t\t\t<i aria-hidden=\"true\" class=\"icon icon-paperclip\"><\/i>\t\t\t\t<\/span>\n\t\t\t<\/div>\n\t\t\t\n\t\t\t\t\t\t<div class=\"elementor-icon-box-content\">\n\n\t\t\t\t\t\t\t\t\t<h3 class=\"elementor-icon-box-title\">\n\t\t\t\t\t\t<span  >\n\t\t\t\t\t\t\tKROK 1: Sprawd\u017a e-mail\t\t\t\t\t\t<\/span>\n\t\t\t\t\t<\/h3>\n\t\t\t\t\n\t\t\t\t\t\t\t\t\t<p class=\"elementor-icon-box-description\">\n\t\t\t\t\t\tW ci\u0105gu 5 minut otrzymasz ode mnie wiadomo\u015b\u0107 o tytule: \"Tw\u00f3j prezent: Szablon Certyfikatu w Canva\". Sprawd\u017a folder Oferty lub Spam, je\u015bli nie widzisz go w odebranych.\t\t\t\t\t<\/p>\n\t\t\t\t\n\t\t\t<\/div>\n\t\t\t\n\t\t<\/div>\n\t\t\t\t\t\t<\/div>\n\t\t\t\t<\/div>\n\t\t\t\t<div class=\"elementor-element elementor-element-6834e712 elementor-position-inline-start elementor-view-default elementor-mobile-position-block-start elementor-widget elementor-widget-icon-box\" data-id=\"6834e712\" data-element_type=\"widget\" data-e-type=\"widget\" data-widget_type=\"icon-box.default\">\n\t\t\t\t<div class=\"elementor-widget-container\">\n\t\t\t\t\t\t\t<div class=\"elementor-icon-box-wrapper\">\n\n\t\t\t\t\t\t<div class=\"elementor-icon-box-icon\">\n\t\t\t\t<span  class=\"elementor-icon\">\n\t\t\t\t<i aria-hidden=\"true\" class=\"icon icon-paperclip\"><\/i>\t\t\t\t<\/span>\n\t\t\t<\/div>\n\t\t\t\n\t\t\t\t\t\t<div class=\"elementor-icon-box-content\">\n\n\t\t\t\t\t\t\t\t\t<h3 class=\"elementor-icon-box-title\">\n\t\t\t\t\t\t<span  >\n\t\t\t\t\t\t\tKROK 2: Importuj do Canva\t\t\t\t\t\t<\/span>\n\t\t\t\t\t<\/h3>\n\t\t\t\t\n\t\t\t\t\t\t\t\t\t<p class=\"elementor-icon-box-description\">\n\t\t\t\t\t\tW mailu znajdziesz przycisk \"Odbierz Certyfikat\". Po klikni\u0119ciu otworzy si\u0119 okno Canva \u2013 wybierz \"U\u017cyj szablonu\", a projekt zostanie na sta\u0142e przypisany do Twojego konta. <b>Koniecznie zr\u00f3b kopi\u0119 tego szablonu<\/b> i pracuj na kopii, \u017ceby go nie uszkodzi\u0107. \t\t\t\t\t<\/p>\n\t\t\t\t\n\t\t\t<\/div>\n\t\t\t\n\t\t<\/div>\n\t\t\t\t\t\t<\/div>\n\t\t\t\t<\/div>\n\t\t\t\t<div class=\"elementor-element elementor-element-6832b082 elementor-position-inline-start elementor-view-default elementor-mobile-position-block-start elementor-widget elementor-widget-icon-box\" data-id=\"6832b082\" data-element_type=\"widget\" data-e-type=\"widget\" data-widget_type=\"icon-box.default\">\n\t\t\t\t<div class=\"elementor-widget-container\">\n\t\t\t\t\t\t\t<div class=\"elementor-icon-box-wrapper\">\n\n\t\t\t\t\t\t<div class=\"elementor-icon-box-icon\">\n\t\t\t\t<span  class=\"elementor-icon\">\n\t\t\t\t<i aria-hidden=\"true\" class=\"icon icon-paperclip\"><\/i>\t\t\t\t<\/span>\n\t\t\t<\/div>\n\t\t\t\n\t\t\t\t\t\t<div class=\"elementor-icon-box-content\">\n\n\t\t\t\t\t\t\t\t\t<h3 class=\"elementor-icon-box-title\">\n\t\t\t\t\t\t<span  >\n\t\t\t\t\t\t\tKROK 3: Edytuj wed\u0142ug potrzeb\t\t\t\t\t\t<\/span>\n\t\t\t\t\t<\/h3>\n\t\t\t\t\n\t\t\t\t\t\t\t\t\t<p class=\"elementor-icon-box-description\">\n\t\t\t\t\t\tMo\u017cesz dowolnie zmieni\u0107 kolory, czcionki i doda\u0107 swoje logo. Pami\u0119taj jednak, \u017ce jeden certyfikat to tylko u\u0142amek sp\u00f3jnego wizerunku Twojego kursu.\t\t\t\t\t<\/p>\n\t\t\t\t\n\t\t\t<\/div>\n\t\t\t\n\t\t<\/div>\n\t\t\t\t\t\t<\/div>\n\t\t\t\t<\/div>\n\t\t\t\t<div class=\"elementor-element elementor-element-6a123827 elementor-widget elementor-widget-spacer\" data-id=\"6a123827\" data-element_type=\"widget\" data-e-type=\"widget\" data-widget_type=\"spacer.default\">\n\t\t\t\t<div class=\"elementor-widget-container\">\n\t\t\t\t\t\t\t<div class=\"elementor-spacer\">\n\t\t\t<div class=\"elementor-spacer-inner\"><\/div>\n\t\t<\/div>\n\t\t\t\t\t\t<\/div>\n\t\t\t\t<\/div>\n\t\t\t\t\t<\/div>\n\t\t\t\t<\/div>\n\t\t<div class=\"elementor-element elementor-element-5eddd3dd e-con-full e-flex e-con e-parent\" data-id=\"5eddd3dd\" data-element_type=\"container\" data-e-type=\"container\" data-settings=\"{&quot;background_background&quot;:&quot;classic&quot;}\">\n\t\t\t\t<div class=\"elementor-element elementor-element-51bf5a0c elementor-widget elementor-widget-spacer\" data-id=\"51bf5a0c\" data-element_type=\"widget\" data-e-type=\"widget\" data-widget_type=\"spacer.default\">\n\t\t\t\t<div class=\"elementor-widget-container\">\n\t\t\t\t\t\t\t<div class=\"elementor-spacer\">\n\t\t\t<div class=\"elementor-spacer-inner\"><\/div>\n\t\t<\/div>\n\t\t\t\t\t\t<\/div>\n\t\t\t\t<\/div>\n\t\t\t\t<div class=\"elementor-element elementor-element-798e6cb0 elementor-widget elementor-widget-heading\" data-id=\"798e6cb0\" data-element_type=\"widget\" data-e-type=\"widget\" data-widget_type=\"heading.default\">\n\t\t\t\t<div class=\"elementor-widget-container\">\n\t\t\t\t\t<h2 class=\"elementor-heading-title elementor-size-default\">Czy na pewno chcesz projektowa\u0107 reszt\u0119 samodzielnie?<\/h2>\t\t\t\t<\/div>\n\t\t\t\t<\/div>\n\t\t\t\t<div class=\"elementor-element elementor-element-49f46860 elementor-widget elementor-widget-text-editor\" data-id=\"49f46860\" data-element_type=\"widget\" data-e-type=\"widget\" data-widget_type=\"text-editor.default\">\n\t\t\t\t<div class=\"elementor-widget-container\">\n\t\t\t\t\t\t\t\t\t<p style=\"text-align: center;\" data-path-to-node=\"15\">Masz ju\u017c certyfikat, ale to dopiero <b data-path-to-node=\"15\" data-index-in-node=\"43\">1 z 378 element\u00f3w<\/b>, kt\u00f3rych potrzebujesz do profesjonalnego kursu. Samodzielne projektowanie pozosta\u0142ych ok\u0142adek, makiet, e-book\u00f3w i post\u00f3w zajmie Ci minimum <b data-path-to-node=\"15\" data-index-in-node=\"200\">40 godzin pracy<\/b>.<\/p><p style=\"text-align: center;\" data-path-to-node=\"16\">Je\u015bli zmienisz zdanie i uznasz, \u017ce Tw\u00f3j czas jest wart wi\u0119cej ni\u017c cena kilku kaw \u2013 oferta na pe\u0142n\u0105 Bibliotek\u0119 Wizualn\u0105 (z rabatem 348 z\u0142) jest dla Ciebie dost\u0119pna tylko teraz.<\/p>\t\t\t\t\t\t\t\t<\/div>\n\t\t\t\t<\/div>\n\t\t\t\t<div class=\"elementor-element elementor-element-e8c216e elementor-widget elementor-widget-image\" data-id=\"e8c216e\" data-element_type=\"widget\" data-e-type=\"widget\" data-widget_type=\"image.default\">\n\t\t\t\t<div class=\"elementor-widget-container\">\n\t\t\t\t\t\t\t\t\t\t\t\t\t\t\t<img decoding=\"async\" width=\"768\" height=\"433\" src=\"https:\/\/kingabor.pl\/edu\/wp-content\/uploads\/sites\/10\/2026\/01\/Wizualizaacja-kursu-wersja-biala-768x433.png\" class=\"attachment-medium_large size-medium_large wp-image-40217\" alt=\"\" srcset=\"https:\/\/kingabor.pl\/edu\/wp-content\/uploads\/sites\/10\/2026\/01\/Wizualizaacja-kursu-wersja-biala-768x433.png 768w, https:\/\/kingabor.pl\/edu\/wp-content\/uploads\/sites\/10\/2026\/01\/Wizualizaacja-kursu-wersja-biala-300x169.png 300w, https:\/\/kingabor.pl\/edu\/wp-content\/uploads\/sites\/10\/2026\/01\/Wizualizaacja-kursu-wersja-biala-1024x577.png 1024w, https:\/\/kingabor.pl\/edu\/wp-content\/uploads\/sites\/10\/2026\/01\/Wizualizaacja-kursu-wersja-biala-1536x865.png 1536w, https:\/\/kingabor.pl\/edu\/wp-content\/uploads\/sites\/10\/2026\/01\/Wizualizaacja-kursu-wersja-biala.png 1640w\" sizes=\"(max-width: 768px) 100vw, 768px\" \/>\t\t\t\t\t\t\t\t\t\t\t\t\t\t\t<\/div>\n\t\t\t\t<\/div>\n\t\t\t\t<div class=\"elementor-element elementor-element-257f858 elementor-widget elementor-widget-heading\" data-id=\"257f858\" data-element_type=\"widget\" data-e-type=\"widget\" data-widget_type=\"heading.default\">\n\t\t\t\t<div class=\"elementor-widget-container\">\n\t\t\t\t\t<h2 class=\"elementor-heading-title elementor-size-default\">Zmieni\u0142am zdanie \u2013 wybieram sp\u00f3jno\u015b\u0107 i oszcz\u0119dno\u015b\u0107 czasu!<\/h2>\t\t\t\t<\/div>\n\t\t\t\t<\/div>\n\t\t\t\t<div class=\"elementor-element elementor-element-33f4d13 elementor-widget elementor-widget-text-editor\" data-id=\"33f4d13\" data-element_type=\"widget\" data-e-type=\"widget\" data-widget_type=\"text-editor.default\">\n\t\t\t\t<div class=\"elementor-widget-container\">\n\t\t\t\t\t\t\t\t\t<p>Mo\u017cesz jeszcze wr\u00f3ci\u0107 do oferty promocyjnej i zgarn\u0105\u0107 ca\u0142y system 378 szablon\u00f3w (w tym e-booki, makiety i gotowy marketing) za 249 z\u0142 zamiast 597 z\u0142.<\/p>\t\t\t\t\t\t\t\t<\/div>\n\t\t\t\t<\/div>\n\t\t\t\t<div class=\"elementor-element elementor-element-477770df elementor-align-center elementor-widget elementor-widget-button\" data-id=\"477770df\" data-element_type=\"widget\" data-e-type=\"widget\" data-widget_type=\"button.default\">\n\t\t\t\t<div class=\"elementor-widget-container\">\n\t\t\t\t\t\t\t\t\t<div class=\"elementor-button-wrapper\">\n\t\t\t\t\t<a class=\"elementor-button elementor-button-link elementor-size-sm elementor-animation-grow\" href=\"https:\/\/kingabor.pl\/edu\/biblioteka-wizualna-kursu-online\/\">\n\t\t\t\t\t\t<span class=\"elementor-button-content-wrapper\">\n\t\t\t\t\t\t<span class=\"elementor-button-icon\">\n\t\t\t\t<i aria-hidden=\"true\" class=\"fas fa-angle-right\"><\/i>\t\t\t<\/span>\n\t\t\t\t\t\t\t\t\t<span class=\"elementor-button-text\">WRACAM DO OFERTY I OSZCZ\u0118DZAM 348 Z\u0141<\/span>\n\t\t\t\t\t<\/span>\n\t\t\t\t\t<\/a>\n\t\t\t\t<\/div>\n\t\t\t\t\t\t\t\t<\/div>\n\t\t\t\t<\/div>\n\t\t\t\t<div class=\"elementor-element elementor-element-475dd5fb elementor-widget elementor-widget-spacer\" data-id=\"475dd5fb\" data-element_type=\"widget\" data-e-type=\"widget\" data-widget_type=\"spacer.default\">\n\t\t\t\t<div class=\"elementor-widget-container\">\n\t\t\t\t\t\t\t<div class=\"elementor-spacer\">\n\t\t\t<div class=\"elementor-spacer-inner\"><\/div>\n\t\t<\/div>\n\t\t\t\t\t\t<\/div>\n\t\t\t\t<\/div>\n\t\t\t\t<\/div>\n\t\t<div class=\"elementor-element elementor-element-b595a44 e-flex e-con-boxed e-con e-parent\" data-id=\"b595a44\" data-element_type=\"container\" data-e-type=\"container\">\n\t\t\t\t\t<div class=\"e-con-inner\">\n\t\t\t\t<div class=\"elementor-element elementor-element-be8cf08 elementor-widget elementor-widget-spacer\" data-id=\"be8cf08\" data-element_type=\"widget\" data-e-type=\"widget\" data-widget_type=\"spacer.default\">\n\t\t\t\t<div class=\"elementor-widget-container\">\n\t\t\t\t\t\t\t<div class=\"elementor-spacer\">\n\t\t\t<div class=\"elementor-spacer-inner\"><\/div>\n\t\t<\/div>\n\t\t\t\t\t\t<\/div>\n\t\t\t\t<\/div>\n\t\t\t\t<div class=\"elementor-element elementor-element-74b4e6ed elementor-widget elementor-widget-text-editor\" data-id=\"74b4e6ed\" data-element_type=\"widget\" data-e-type=\"widget\" data-widget_type=\"text-editor.default\">\n\t\t\t\t<div class=\"elementor-widget-container\">\n\t\t\t\t\t\t\t\t\t<p style=\"text-align: center;\" data-path-to-node=\"4,0\"><strong>Masz problem z odbiorem certyfikatu?<\/strong><\/p><p style=\"text-align: center;\" data-path-to-node=\"4,0\">Je\u015bli mail z szablonem do Ciebie nie dotar\u0142, napisz do mnie na: <b data-path-to-node=\"25\" data-index-in-node=\"118\">kontakt@kingabor.pl<\/b>. Pomog\u0119 Ci najszybciej, jak to mo\u017cliwe!<\/p>\t\t\t\t\t\t\t\t<\/div>\n\t\t\t\t<\/div>\n\t\t\t\t\t<\/div>\n\t\t\t\t<\/div>\n\t\t<div class=\"elementor-element elementor-element-448dc591 e-flex e-con-boxed e-con e-parent\" data-id=\"448dc591\" data-element_type=\"container\" data-e-type=\"container\">\n\t\t\t\t\t<div class=\"e-con-inner\">\n\t\t\t\t<div class=\"elementor-element elementor-element-67e554e1 elementor-widget elementor-widget-spacer\" data-id=\"67e554e1\" data-element_type=\"widget\" data-e-type=\"widget\" data-widget_type=\"spacer.default\">\n\t\t\t\t<div class=\"elementor-widget-container\">\n\t\t\t\t\t\t\t<div class=\"elementor-spacer\">\n\t\t\t<div class=\"elementor-spacer-inner\"><\/div>\n\t\t<\/div>\n\t\t\t\t\t\t<\/div>\n\t\t\t\t<\/div>\n\t\t\t\t<div class=\"elementor-element elementor-element-75d440b elementor-widget elementor-widget-text-editor\" data-id=\"75d440b\" data-element_type=\"widget\" data-e-type=\"widget\" data-widget_type=\"text-editor.default\">\n\t\t\t\t<div class=\"elementor-widget-container\">\n\t\t\t\t\t\t\t\t\t<p style=\"text-align: center;\">Copyright @ Kinga Bor 2026 | Wszelkie prawa zastrze\u017cone<\/p>\t\t\t\t\t\t\t\t<\/div>\n\t\t\t\t<\/div>\n\t\t\t\t\t<\/div>\n\t\t\t\t<\/div>\n\t\t\t\t<\/div>\n\t\t","protected":false},"excerpt":{"rendered":"<p>TW\u00d3J DARMOWY CERTYFIKAT JEST GOTOWY Szablon certyfikatu leci na Twoj\u0105 skrzynk\u0119! Zgodnie z obietnic\u0105, wys\u0142a\u0142am Ci link do edytowalnego szablonu certyfikatu w Canva. Sprawd\u017a poni\u017cej, co musisz teraz zrobi\u0107, aby zacz\u0105\u0107 z niego korzysta\u0107. Jak odebra\u0107 Certyfikat? KROK 1: Sprawd\u017a e-mail W ci\u0105gu 5 minut otrzymasz ode mnie wiadomo\u015b\u0107 o tytule: &#8222;Tw\u00f3j prezent: Szablon Certyfikatu [&hellip;]<\/p>\n","protected":false},"author":1,"featured_media":0,"parent":0,"menu_order":0,"comment_status":"closed","ping_status":"closed","template":"elementor_canvas","meta":{"footnotes":""},"class_list":["post-40635","page","type-page","status-publish","hentry"],"yoast_head":"<!-- This site is optimized with the Yoast SEO plugin v27.1.1 - https:\/\/yoast.com\/product\/yoast-seo-wordpress\/ -->\n<title>Dzi\u0119kuj\u0119 | Pobierz Certyfikat - Kinga Bor Edu<\/title>\n<meta name=\"robots\" content=\"index, follow, max-snippet:-1, max-image-preview:large, max-video-preview:-1\" \/>\n<link rel=\"canonical\" href=\"https:\/\/kingabor.pl\/edu\/dziekuje-pobierz-certyfikat\/\" \/>\n<meta property=\"og:locale\" content=\"pl_PL\" \/>\n<meta property=\"og:type\" content=\"article\" \/>\n<meta property=\"og:title\" content=\"Dzi\u0119kuj\u0119 | Pobierz Certyfikat - Kinga Bor Edu\" \/>\n<meta property=\"og:description\" content=\"TW\u00d3J DARMOWY CERTYFIKAT JEST GOTOWY Szablon certyfikatu leci na Twoj\u0105 skrzynk\u0119! Zgodnie z obietnic\u0105, wys\u0142a\u0142am Ci link do edytowalnego szablonu certyfikatu w Canva. Sprawd\u017a poni\u017cej, co musisz teraz zrobi\u0107, aby zacz\u0105\u0107 z niego korzysta\u0107. Jak odebra\u0107 Certyfikat? KROK 1: Sprawd\u017a e-mail W ci\u0105gu 5 minut otrzymasz ode mnie wiadomo\u015b\u0107 o tytule: &#8222;Tw\u00f3j prezent: Szablon Certyfikatu [&hellip;]\" \/>\n<meta property=\"og:url\" content=\"https:\/\/kingabor.pl\/edu\/dziekuje-pobierz-certyfikat\/\" \/>\n<meta property=\"og:site_name\" content=\"Kinga Bor Edu\" \/>\n<meta property=\"article:modified_time\" content=\"2026-01-31T13:37:23+00:00\" \/>\n<meta property=\"og:image\" content=\"http:\/\/kingabor.pl\/edu\/wp-content\/uploads\/sites\/10\/2026\/01\/szablon-certyfikatu-kursowego-do-pobrania.png\" \/>\n<meta name=\"twitter:card\" content=\"summary_large_image\" \/>\n<meta name=\"twitter:label1\" content=\"Szacowany czas czytania\" \/>\n\t<meta name=\"twitter:data1\" content=\"2 minuty\" \/>\n<script type=\"application\/ld+json\" class=\"yoast-schema-graph\">{\"@context\":\"https:\/\/schema.org\",\"@graph\":[{\"@type\":\"WebPage\",\"@id\":\"https:\/\/kingabor.pl\/edu\/dziekuje-pobierz-certyfikat\/\",\"url\":\"https:\/\/kingabor.pl\/edu\/dziekuje-pobierz-certyfikat\/\",\"name\":\"Dzi\u0119kuj\u0119 | Pobierz Certyfikat - Kinga Bor Edu\",\"isPartOf\":{\"@id\":\"http:\/\/kingabor.pl\/edu\/#website\"},\"primaryImageOfPage\":{\"@id\":\"https:\/\/kingabor.pl\/edu\/dziekuje-pobierz-certyfikat\/#primaryimage\"},\"image\":{\"@id\":\"https:\/\/kingabor.pl\/edu\/dziekuje-pobierz-certyfikat\/#primaryimage\"},\"thumbnailUrl\":\"http:\/\/kingabor.pl\/edu\/wp-content\/uploads\/sites\/10\/2026\/01\/szablon-certyfikatu-kursowego-do-pobrania.png\",\"datePublished\":\"2026-01-06T15:48:00+00:00\",\"dateModified\":\"2026-01-31T13:37:23+00:00\",\"breadcrumb\":{\"@id\":\"https:\/\/kingabor.pl\/edu\/dziekuje-pobierz-certyfikat\/#breadcrumb\"},\"inLanguage\":\"pl-PL\",\"potentialAction\":[{\"@type\":\"ReadAction\",\"target\":[\"https:\/\/kingabor.pl\/edu\/dziekuje-pobierz-certyfikat\/\"]}]},{\"@type\":\"ImageObject\",\"inLanguage\":\"pl-PL\",\"@id\":\"https:\/\/kingabor.pl\/edu\/dziekuje-pobierz-certyfikat\/#primaryimage\",\"url\":\"http:\/\/kingabor.pl\/edu\/wp-content\/uploads\/sites\/10\/2026\/01\/szablon-certyfikatu-kursowego-do-pobrania.png\",\"contentUrl\":\"http:\/\/kingabor.pl\/edu\/wp-content\/uploads\/sites\/10\/2026\/01\/szablon-certyfikatu-kursowego-do-pobrania.png\",\"width\":1024,\"height\":402},{\"@type\":\"BreadcrumbList\",\"@id\":\"https:\/\/kingabor.pl\/edu\/dziekuje-pobierz-certyfikat\/#breadcrumb\",\"itemListElement\":[{\"@type\":\"ListItem\",\"position\":1,\"name\":\"Strona g\u0142\u00f3wna\",\"item\":\"http:\/\/kingabor.pl\/edu\/\"},{\"@type\":\"ListItem\",\"position\":2,\"name\":\"Dzi\u0119kuj\u0119 | Pobierz Certyfikat\"}]},{\"@type\":\"WebSite\",\"@id\":\"http:\/\/kingabor.pl\/edu\/#website\",\"url\":\"http:\/\/kingabor.pl\/edu\/\",\"name\":\"Kinga Bor Edu\",\"description\":\"Edukacja | Dla Nauczycieli | Produkty Cyfrowe | Kursy online\",\"potentialAction\":[{\"@type\":\"SearchAction\",\"target\":{\"@type\":\"EntryPoint\",\"urlTemplate\":\"http:\/\/kingabor.pl\/edu\/?s={search_term_string}\"},\"query-input\":{\"@type\":\"PropertyValueSpecification\",\"valueRequired\":true,\"valueName\":\"search_term_string\"}}],\"inLanguage\":\"pl-PL\"}]}<\/script>\n<!-- \/ Yoast SEO plugin. -->","yoast_head_json":{"title":"Dzi\u0119kuj\u0119 | Pobierz Certyfikat - Kinga Bor Edu","robots":{"index":"index","follow":"follow","max-snippet":"max-snippet:-1","max-image-preview":"max-image-preview:large","max-video-preview":"max-video-preview:-1"},"canonical":"https:\/\/kingabor.pl\/edu\/dziekuje-pobierz-certyfikat\/","og_locale":"pl_PL","og_type":"article","og_title":"Dzi\u0119kuj\u0119 | Pobierz Certyfikat - Kinga Bor Edu","og_description":"TW\u00d3J DARMOWY CERTYFIKAT JEST GOTOWY Szablon certyfikatu leci na Twoj\u0105 skrzynk\u0119! Zgodnie z obietnic\u0105, wys\u0142a\u0142am Ci link do edytowalnego szablonu certyfikatu w Canva. Sprawd\u017a poni\u017cej, co musisz teraz zrobi\u0107, aby zacz\u0105\u0107 z niego korzysta\u0107. Jak odebra\u0107 Certyfikat? KROK 1: Sprawd\u017a e-mail W ci\u0105gu 5 minut otrzymasz ode mnie wiadomo\u015b\u0107 o tytule: &#8222;Tw\u00f3j prezent: Szablon Certyfikatu [&hellip;]","og_url":"https:\/\/kingabor.pl\/edu\/dziekuje-pobierz-certyfikat\/","og_site_name":"Kinga Bor Edu","article_modified_time":"2026-01-31T13:37:23+00:00","og_image":[{"url":"http:\/\/kingabor.pl\/edu\/wp-content\/uploads\/sites\/10\/2026\/01\/szablon-certyfikatu-kursowego-do-pobrania.png","type":"","width":"","height":""}],"twitter_card":"summary_large_image","twitter_misc":{"Szacowany czas czytania":"2 minuty"},"schema":{"@context":"https:\/\/schema.org","@graph":[{"@type":"WebPage","@id":"https:\/\/kingabor.pl\/edu\/dziekuje-pobierz-certyfikat\/","url":"https:\/\/kingabor.pl\/edu\/dziekuje-pobierz-certyfikat\/","name":"Dzi\u0119kuj\u0119 | Pobierz Certyfikat - Kinga Bor Edu","isPartOf":{"@id":"http:\/\/kingabor.pl\/edu\/#website"},"primaryImageOfPage":{"@id":"https:\/\/kingabor.pl\/edu\/dziekuje-pobierz-certyfikat\/#primaryimage"},"image":{"@id":"https:\/\/kingabor.pl\/edu\/dziekuje-pobierz-certyfikat\/#primaryimage"},"thumbnailUrl":"http:\/\/kingabor.pl\/edu\/wp-content\/uploads\/sites\/10\/2026\/01\/szablon-certyfikatu-kursowego-do-pobrania.png","datePublished":"2026-01-06T15:48:00+00:00","dateModified":"2026-01-31T13:37:23+00:00","breadcrumb":{"@id":"https:\/\/kingabor.pl\/edu\/dziekuje-pobierz-certyfikat\/#breadcrumb"},"inLanguage":"pl-PL","potentialAction":[{"@type":"ReadAction","target":["https:\/\/kingabor.pl\/edu\/dziekuje-pobierz-certyfikat\/"]}]},{"@type":"ImageObject","inLanguage":"pl-PL","@id":"https:\/\/kingabor.pl\/edu\/dziekuje-pobierz-certyfikat\/#primaryimage","url":"http:\/\/kingabor.pl\/edu\/wp-content\/uploads\/sites\/10\/2026\/01\/szablon-certyfikatu-kursowego-do-pobrania.png","contentUrl":"http:\/\/kingabor.pl\/edu\/wp-content\/uploads\/sites\/10\/2026\/01\/szablon-certyfikatu-kursowego-do-pobrania.png","width":1024,"height":402},{"@type":"BreadcrumbList","@id":"https:\/\/kingabor.pl\/edu\/dziekuje-pobierz-certyfikat\/#breadcrumb","itemListElement":[{"@type":"ListItem","position":1,"name":"Strona g\u0142\u00f3wna","item":"http:\/\/kingabor.pl\/edu\/"},{"@type":"ListItem","position":2,"name":"Dzi\u0119kuj\u0119 | Pobierz Certyfikat"}]},{"@type":"WebSite","@id":"http:\/\/kingabor.pl\/edu\/#website","url":"http:\/\/kingabor.pl\/edu\/","name":"Kinga Bor Edu","description":"Edukacja | Dla Nauczycieli | Produkty Cyfrowe | Kursy online","potentialAction":[{"@type":"SearchAction","target":{"@type":"EntryPoint","urlTemplate":"http:\/\/kingabor.pl\/edu\/?s={search_term_string}"},"query-input":{"@type":"PropertyValueSpecification","valueRequired":true,"valueName":"search_term_string"}}],"inLanguage":"pl-PL"}]}},"_links":{"self":[{"href":"http:\/\/kingabor.pl\/edu\/wp-json\/wp\/v2\/pages\/40635","targetHints":{"allow":["GET"]}}],"collection":[{"href":"http:\/\/kingabor.pl\/edu\/wp-json\/wp\/v2\/pages"}],"about":[{"href":"http:\/\/kingabor.pl\/edu\/wp-json\/wp\/v2\/types\/page"}],"author":[{"embeddable":true,"href":"http:\/\/kingabor.pl\/edu\/wp-json\/wp\/v2\/users\/1"}],"replies":[{"embeddable":true,"href":"http:\/\/kingabor.pl\/edu\/wp-json\/wp\/v2\/comments?post=40635"}],"version-history":[{"count":89,"href":"http:\/\/kingabor.pl\/edu\/wp-json\/wp\/v2\/pages\/40635\/revisions"}],"predecessor-version":[{"id":42450,"href":"http:\/\/kingabor.pl\/edu\/wp-json\/wp\/v2\/pages\/40635\/revisions\/42450"}],"wp:attachment":[{"href":"http:\/\/kingabor.pl\/edu\/wp-json\/wp\/v2\/media?parent=40635"}],"curies":[{"name":"wp","href":"https:\/\/api.w.org\/{rel}","templated":true}]}}