{"id":42451,"date":"2026-02-01T11:22:54","date_gmt":"2026-02-01T10:22:54","guid":{"rendered":"https:\/\/kingabor.pl\/edu\/?page_id=42451"},"modified":"2026-02-10T14:02:24","modified_gmt":"2026-02-10T13:02:24","slug":"link-bio","status":"publish","type":"page","link":"http:\/\/kingabor.pl\/edu\/","title":{"rendered":"Kinga Bor Edu &#8211; link bio"},"content":{"rendered":"\t\t<div data-elementor-type=\"wp-page\" data-elementor-id=\"42451\" class=\"elementor elementor-42451\">\n\t\t\t\t<div class=\"elementor-element elementor-element-1f09652 e-flex e-con-boxed e-con e-parent\" data-id=\"1f09652\" data-element_type=\"container\" data-e-type=\"container\">\n\t\t\t\t\t<div class=\"e-con-inner\">\n\t\t\t\t<div class=\"elementor-element elementor-element-a83f856 elementor-widget elementor-widget-image\" data-id=\"a83f856\" data-element_type=\"widget\" data-e-type=\"widget\" data-widget_type=\"image.default\">\n\t\t\t\t<div class=\"elementor-widget-container\">\n\t\t\t\t\t\t\t\t\t\t\t\t\t\t\t<img fetchpriority=\"high\" decoding=\"async\" width=\"1536\" height=\"865\" src=\"http:\/\/kingabor.pl\/edu\/wp-content\/uploads\/sites\/10\/2026\/02\/Wizualizacja-kursu-projekt--1536x865.png\" class=\"attachment-1536x1536 size-1536x1536 wp-image-42456\" alt=\"\" srcset=\"http:\/\/kingabor.pl\/edu\/wp-content\/uploads\/sites\/10\/2026\/02\/Wizualizacja-kursu-projekt--1536x865.png 1536w, http:\/\/kingabor.pl\/edu\/wp-content\/uploads\/sites\/10\/2026\/02\/Wizualizacja-kursu-projekt--300x169.png 300w, http:\/\/kingabor.pl\/edu\/wp-content\/uploads\/sites\/10\/2026\/02\/Wizualizacja-kursu-projekt--1024x577.png 1024w, http:\/\/kingabor.pl\/edu\/wp-content\/uploads\/sites\/10\/2026\/02\/Wizualizacja-kursu-projekt--768x433.png 768w, http:\/\/kingabor.pl\/edu\/wp-content\/uploads\/sites\/10\/2026\/02\/Wizualizacja-kursu-projekt-.png 1640w\" sizes=\"(max-width: 1536px) 100vw, 1536px\" \/>\t\t\t\t\t\t\t\t\t\t\t\t\t\t\t<\/div>\n\t\t\t\t<\/div>\n\t\t\t\t\t<\/div>\n\t\t\t\t<\/div>\n\t\t<div class=\"elementor-element elementor-element-be5a3d3 e-flex e-con-boxed e-con e-parent\" data-id=\"be5a3d3\" data-element_type=\"container\" data-e-type=\"container\">\n\t\t\t\t\t<div class=\"e-con-inner\">\n\t\t\t\t<div class=\"elementor-element elementor-element-adf01a4 elementor-widget__width-initial elementor-widget-tablet__width-initial elementor-widget-mobile__width-initial elementor-widget elementor-widget-image\" data-id=\"adf01a4\" data-element_type=\"widget\" data-e-type=\"widget\" data-widget_type=\"image.default\">\n\t\t\t\t<div class=\"elementor-widget-container\">\n\t\t\t\t\t\t\t\t\t\t\t\t\t\t\t<img decoding=\"async\" width=\"612\" height=\"612\" src=\"http:\/\/kingabor.pl\/edu\/wp-content\/uploads\/sites\/10\/2026\/02\/profile-pic-1.png\" class=\"attachment-medium_large size-medium_large wp-image-42457\" alt=\"\" srcset=\"http:\/\/kingabor.pl\/edu\/wp-content\/uploads\/sites\/10\/2026\/02\/profile-pic-1.png 612w, http:\/\/kingabor.pl\/edu\/wp-content\/uploads\/sites\/10\/2026\/02\/profile-pic-1-300x300.png 300w, http:\/\/kingabor.pl\/edu\/wp-content\/uploads\/sites\/10\/2026\/02\/profile-pic-1-150x150.png 150w, http:\/\/kingabor.pl\/edu\/wp-content\/uploads\/sites\/10\/2026\/02\/profile-pic-1-520x520.png 520w\" sizes=\"(max-width: 612px) 100vw, 612px\" \/>\t\t\t\t\t\t\t\t\t\t\t\t\t\t\t<\/div>\n\t\t\t\t<\/div>\n\t\t\t\t\t<\/div>\n\t\t\t\t<\/div>\n\t\t<div class=\"elementor-element elementor-element-764ef40 e-flex e-con-boxed e-con e-parent\" data-id=\"764ef40\" data-element_type=\"container\" data-e-type=\"container\">\n\t\t\t\t\t<div class=\"e-con-inner\">\n\t\t\t\t<div class=\"elementor-element elementor-element-9a4ad4b elementor-widget elementor-widget-heading\" data-id=\"9a4ad4b\" data-element_type=\"widget\" data-e-type=\"widget\" data-widget_type=\"heading.default\">\n\t\t\t\t<div class=\"elementor-widget-container\">\n\t\t\t\t\t<h2 class=\"elementor-heading-title elementor-size-default\">KINGA BOR<\/h2>\t\t\t\t<\/div>\n\t\t\t\t<\/div>\n\t\t\t\t<div class=\"elementor-element elementor-element-fc0e840 elementor-widget elementor-widget-heading\" data-id=\"fc0e840\" data-element_type=\"widget\" data-e-type=\"widget\" data-widget_type=\"heading.default\">\n\t\t\t\t<div class=\"elementor-widget-container\">\n\t\t\t\t\t<h2 class=\"elementor-heading-title elementor-size-default\">Creative Educator<\/h2>\t\t\t\t<\/div>\n\t\t\t\t<\/div>\n\t\t\t\t\t<\/div>\n\t\t\t\t<\/div>\n\t\t<div class=\"elementor-element elementor-element-83a7a42 e-flex e-con-boxed e-con e-parent\" data-id=\"83a7a42\" data-element_type=\"container\" data-e-type=\"container\">\n\t\t\t\t\t<div class=\"e-con-inner\">\n\t\t\t\t<div class=\"elementor-element elementor-element-0e94312 elementor-widget elementor-widget-spacer\" data-id=\"0e94312\" data-element_type=\"widget\" data-e-type=\"widget\" data-widget_type=\"spacer.default\">\n\t\t\t\t<div class=\"elementor-widget-container\">\n\t\t\t\t\t\t\t<div class=\"elementor-spacer\">\n\t\t\t<div class=\"elementor-spacer-inner\"><\/div>\n\t\t<\/div>\n\t\t\t\t\t\t<\/div>\n\t\t\t\t<\/div>\n\t\t\t\t\t<\/div>\n\t\t\t\t<\/div>\n\t\t<div class=\"elementor-element elementor-element-9b3bca1 e-flex e-con-boxed e-con e-parent\" data-id=\"9b3bca1\" data-element_type=\"container\" data-e-type=\"container\">\n\t\t\t\t\t<div class=\"e-con-inner\">\n\t\t\t\t<div class=\"elementor-element elementor-element-477926e elementor-align-center elementor-widget elementor-widget-button\" data-id=\"477926e\" data-element_type=\"widget\" data-e-type=\"widget\" data-widget_type=\"button.default\">\n\t\t\t\t<div class=\"elementor-widget-container\">\n\t\t\t\t\t\t\t\t\t<div class=\"elementor-button-wrapper\">\n\t\t\t\t\t<a class=\"elementor-button elementor-button-link elementor-size-sm\" href=\"https:\/\/kingabor.pl\/edu\/mapa-dla-nauczycieli\/\">\n\t\t\t\t\t\t<span class=\"elementor-button-content-wrapper\">\n\t\t\t\t\t\t<span class=\"elementor-button-icon\">\n\t\t\t\t<i aria-hidden=\"true\" class=\"fas fa-angle-right\"><\/i>\t\t\t<\/span>\n\t\t\t\t\t\t\t\t\t<span class=\"elementor-button-text\">Pobierz MAP\u0118<\/span>\n\t\t\t\t\t<\/span>\n\t\t\t\t\t<\/a>\n\t\t\t\t<\/div>\n\t\t\t\t\t\t\t\t<\/div>\n\t\t\t\t<\/div>\n\t\t\t\t<div class=\"elementor-element elementor-element-aa66c02 elementor-align-center elementor-widget elementor-widget-button\" data-id=\"aa66c02\" data-element_type=\"widget\" data-e-type=\"widget\" data-widget_type=\"button.default\">\n\t\t\t\t<div class=\"elementor-widget-container\">\n\t\t\t\t\t\t\t\t\t<div class=\"elementor-button-wrapper\">\n\t\t\t\t\t<a class=\"elementor-button elementor-button-link elementor-size-sm\" href=\"https:\/\/kingabor.pl\/edu\/oferta\/planner\/\">\n\t\t\t\t\t\t<span class=\"elementor-button-content-wrapper\">\n\t\t\t\t\t\t<span class=\"elementor-button-icon\">\n\t\t\t\t<i aria-hidden=\"true\" class=\"fas fa-angle-right\"><\/i>\t\t\t<\/span>\n\t\t\t\t\t\t\t\t\t<span class=\"elementor-button-text\">Planner<\/span>\n\t\t\t\t\t<\/span>\n\t\t\t\t\t<\/a>\n\t\t\t\t<\/div>\n\t\t\t\t\t\t\t\t<\/div>\n\t\t\t\t<\/div>\n\t\t\t\t<div class=\"elementor-element elementor-element-3ca59b0 elementor-align-center elementor-widget elementor-widget-button\" data-id=\"3ca59b0\" data-element_type=\"widget\" data-e-type=\"widget\" data-widget_type=\"button.default\">\n\t\t\t\t<div class=\"elementor-widget-container\">\n\t\t\t\t\t\t\t\t\t<div class=\"elementor-button-wrapper\">\n\t\t\t\t\t<a class=\"elementor-button elementor-button-link elementor-size-sm\" href=\"https:\/\/kingabor.pl\/edu\/oferta\/ebook\/\">\n\t\t\t\t\t\t<span class=\"elementor-button-content-wrapper\">\n\t\t\t\t\t\t<span class=\"elementor-button-icon\">\n\t\t\t\t<i aria-hidden=\"true\" class=\"fas fa-angle-right\"><\/i>\t\t\t<\/span>\n\t\t\t\t\t\t\t\t\t<span class=\"elementor-button-text\">Przewodnik  z bonusami<\/span>\n\t\t\t\t\t<\/span>\n\t\t\t\t\t<\/a>\n\t\t\t\t<\/div>\n\t\t\t\t\t\t\t\t<\/div>\n\t\t\t\t<\/div>\n\t\t\t\t<div class=\"elementor-element elementor-element-ca1babc elementor-align-center elementor-widget elementor-widget-button\" data-id=\"ca1babc\" data-element_type=\"widget\" data-e-type=\"widget\" data-widget_type=\"button.default\">\n\t\t\t\t<div class=\"elementor-widget-container\">\n\t\t\t\t\t\t\t\t\t<div class=\"elementor-button-wrapper\">\n\t\t\t\t\t<a class=\"elementor-button elementor-button-link elementor-size-sm\" href=\"https:\/\/kingabor.pl\/edu\/oferta\/niezbednik\/\">\n\t\t\t\t\t\t<span class=\"elementor-button-content-wrapper\">\n\t\t\t\t\t\t<span class=\"elementor-button-icon\">\n\t\t\t\t<i aria-hidden=\"true\" class=\"fas fa-angle-right\"><\/i>\t\t\t<\/span>\n\t\t\t\t\t\t\t\t\t<span class=\"elementor-button-text\">Niezb\u0119dnik<\/span>\n\t\t\t\t\t<\/span>\n\t\t\t\t\t<\/a>\n\t\t\t\t<\/div>\n\t\t\t\t\t\t\t\t<\/div>\n\t\t\t\t<\/div>\n\t\t\t\t<div class=\"elementor-element elementor-element-dd7e2d7 elementor-align-center elementor-widget elementor-widget-button\" data-id=\"dd7e2d7\" data-element_type=\"widget\" data-e-type=\"widget\" data-widget_type=\"button.default\">\n\t\t\t\t<div class=\"elementor-widget-container\">\n\t\t\t\t\t\t\t\t\t<div class=\"elementor-button-wrapper\">\n\t\t\t\t\t<a class=\"elementor-button elementor-button-link elementor-size-sm\" href=\"https:\/\/kingabor.pl\/edu\/oferta\/biblioteka\/\">\n\t\t\t\t\t\t<span class=\"elementor-button-content-wrapper\">\n\t\t\t\t\t\t<span class=\"elementor-button-icon\">\n\t\t\t\t<i aria-hidden=\"true\" class=\"fas fa-angle-right\"><\/i>\t\t\t<\/span>\n\t\t\t\t\t\t\t\t\t<span class=\"elementor-button-text\">Biblioteka<\/span>\n\t\t\t\t\t<\/span>\n\t\t\t\t\t<\/a>\n\t\t\t\t<\/div>\n\t\t\t\t\t\t\t\t<\/div>\n\t\t\t\t<\/div>\n\t\t\t\t\t<\/div>\n\t\t\t\t<\/div>\n\t\t<div class=\"elementor-element elementor-element-19d2f43 e-flex e-con-boxed e-con e-parent\" data-id=\"19d2f43\" data-element_type=\"container\" data-e-type=\"container\">\n\t\t\t\t\t<div class=\"e-con-inner\">\n\t\t\t\t<div class=\"elementor-element elementor-element-6a7cee3 elementor-widget elementor-widget-spacer\" data-id=\"6a7cee3\" data-element_type=\"widget\" data-e-type=\"widget\" data-widget_type=\"spacer.default\">\n\t\t\t\t<div class=\"elementor-widget-container\">\n\t\t\t\t\t\t\t<div class=\"elementor-spacer\">\n\t\t\t<div class=\"elementor-spacer-inner\"><\/div>\n\t\t<\/div>\n\t\t\t\t\t\t<\/div>\n\t\t\t\t<\/div>\n\t\t\t\t\t<\/div>\n\t\t\t\t<\/div>\n\t\t<div class=\"elementor-element elementor-element-f84f457 e-flex e-con-boxed e-con e-parent\" data-id=\"f84f457\" data-element_type=\"container\" data-e-type=\"container\">\n\t\t\t\t\t<div class=\"e-con-inner\">\n\t\t\t\t<div class=\"elementor-element elementor-element-0df5575 elementor-widget elementor-widget-bdt-fancy-icons\" data-id=\"0df5575\" data-element_type=\"widget\" data-e-type=\"widget\" data-widget_type=\"bdt-fancy-icons.default\">\n\t\t\t\t<div class=\"elementor-widget-container\">\n\t\t\t\t\t        <div class=\"bdt-fancy-icons\">\n            <div class=\"bdt-fancy-icons-background\">\n                            <\/div>\n\n            <div class=\"bdt-grid bdt-grid-collapse bdt-child-width-1-1 bdt-child-width-1-2@s bdt-child-width-1-2@l\" data-bdt-grid>\n                                    <div class=\"bdt-fancy-icons-item bdt-flex bdt-flex-middle bdt-flex-center elementor-repeater-item-d3b7f20\">\n                        <a class=\"icon\" href=\"https:\/\/www.facebook.com\/kingaboredu\/\">\n                                                            <span class=\"bdt-icon-wrapper\">\n                                    <i aria-hidden=\"true\" class=\"fab fa-facebook-f\"><\/i>                                <\/span>\n                                                    <\/a>\n                    <\/div>\n                                    <div class=\"bdt-fancy-icons-item bdt-flex bdt-flex-middle bdt-flex-center elementor-repeater-item-79ff121\">\n                        <a class=\"icon\" href=\"https:\/\/www.instagram.com\/kingabor_edu\/\">\n                                                            <span class=\"bdt-icon-wrapper\">\n                                    <i aria-hidden=\"true\" class=\"fab fa-instagram\"><\/i>                                <\/span>\n                                                    <\/a>\n                    <\/div>\n                                    <div class=\"bdt-fancy-icons-item bdt-flex bdt-flex-middle bdt-flex-center elementor-repeater-item-ed6ad2f\">\n                        <a class=\"icon\" href=\"https:\/\/www.tiktok.com\/@kingaboredu\">\n                                                            <span class=\"bdt-icon-wrapper\">\n                                    <svg xmlns=\"http:\/\/www.w3.org\/2000\/svg\" fill=\"#000000\" width=\"800px\" height=\"800px\" viewBox=\"0 0 32 32\"><title>tiktok<\/title><path d=\"M16.656 1.029c1.637-0.025 3.262-0.012 4.886-0.025 0.054 2.031 0.878 3.859 2.189 5.213l-0.002-0.002c1.411 1.271 3.247 2.095 5.271 2.235l0.028 0.002v5.036c-1.912-0.048-3.71-0.489-5.331-1.247l0.082 0.034c-0.784-0.377-1.447-0.764-2.077-1.196l0.052 0.034c-0.012 3.649 0.012 7.298-0.025 10.934-0.103 1.853-0.719 3.543-1.707 4.954l0.020-0.031c-1.652 2.366-4.328 3.919-7.371 4.011l-0.014 0c-0.123 0.006-0.268 0.009-0.414 0.009-1.73 0-3.347-0.482-4.725-1.319l0.040 0.023c-2.508-1.509-4.238-4.091-4.558-7.094l-0.004-0.041c-0.025-0.625-0.037-1.25-0.012-1.862 0.49-4.779 4.494-8.476 9.361-8.476 0.547 0 1.083 0.047 1.604 0.136l-0.056-0.008c0.025 1.849-0.050 3.699-0.050 5.548-0.423-0.153-0.911-0.242-1.42-0.242-1.868 0-3.457 1.194-4.045 2.861l-0.009 0.030c-0.133 0.427-0.21 0.918-0.21 1.426 0 0.206 0.013 0.41 0.037 0.61l-0.002-0.024c0.332 2.046 2.086 3.59 4.201 3.59 0.061 0 0.121-0.001 0.181-0.004l-0.009 0c1.463-0.044 2.733-0.831 3.451-1.994l0.010-0.018c0.267-0.372 0.45-0.822 0.511-1.311l0.001-0.014c0.125-2.237 0.075-4.461 0.087-6.698 0.012-5.036-0.012-10.060 0.025-15.083z\"><\/path><\/svg>                                <\/span>\n                                                    <\/a>\n                    <\/div>\n                                    <div class=\"bdt-fancy-icons-item bdt-flex bdt-flex-middle bdt-flex-center elementor-repeater-item-0491748\">\n                        <a class=\"icon\" href=\"https:\/\/www.linkedin.com\/in\/kingabor\/\">\n                                                            <span class=\"bdt-icon-wrapper\">\n                                    <i aria-hidden=\"true\" class=\"fab fa-linkedin-in\"><\/i>                                <\/span>\n                                                    <\/a>\n                    <\/div>\n                            <\/div>\n        <\/div>\n        \t\t\t\t<\/div>\n\t\t\t\t<\/div>\n\t\t\t\t\t<\/div>\n\t\t\t\t<\/div>\n\t\t<div class=\"elementor-element elementor-element-de74508 e-flex e-con-boxed e-con e-parent\" data-id=\"de74508\" data-element_type=\"container\" data-e-type=\"container\">\n\t\t\t\t\t<div class=\"e-con-inner\">\n\t\t\t\t<div class=\"elementor-element elementor-element-30f8cd2 elementor-widget elementor-widget-spacer\" data-id=\"30f8cd2\" data-element_type=\"widget\" data-e-type=\"widget\" data-widget_type=\"spacer.default\">\n\t\t\t\t<div class=\"elementor-widget-container\">\n\t\t\t\t\t\t\t<div class=\"elementor-spacer\">\n\t\t\t<div class=\"elementor-spacer-inner\"><\/div>\n\t\t<\/div>\n\t\t\t\t\t\t<\/div>\n\t\t\t\t<\/div>\n\t\t\t\t\t<\/div>\n\t\t\t\t<\/div>\n\t\t<div class=\"elementor-element elementor-element-b66da89 e-flex e-con-boxed e-con e-parent\" data-id=\"b66da89\" data-element_type=\"container\" data-e-type=\"container\">\n\t\t\t\t\t<div class=\"e-con-inner\">\n\t\t\t\t<div class=\"elementor-element elementor-element-a417d1d elementor-widget elementor-widget-heading\" data-id=\"a417d1d\" data-element_type=\"widget\" data-e-type=\"widget\" data-widget_type=\"heading.default\">\n\t\t\t\t<div class=\"elementor-widget-container\">\n\t\t\t\t\t<h2 class=\"elementor-heading-title elementor-size-default\">Pomagam edukatorom \nzamienia\u0107 wiedz\u0119 w estetyczne \nprodukty cyfrowe.\n \n<\/h2>\t\t\t\t<\/div>\n\t\t\t\t<\/div>\n\t\t\t\t<div class=\"elementor-element elementor-element-868f790 elementor-widget elementor-widget-heading\" data-id=\"868f790\" data-element_type=\"widget\" data-e-type=\"widget\" data-widget_type=\"heading.default\">\n\t\t\t\t<div class=\"elementor-widget-container\">\n\t\t\t\t\t<h2 class=\"elementor-heading-title elementor-size-default\">Do\u0142\u0105cz do mojej spo\u0142eczno\u015bci!<\/h2>\t\t\t\t<\/div>\n\t\t\t\t<\/div>\n\t\t\t\t<div class=\"elementor-element elementor-element-fd62b0f elementor-widget elementor-widget-spacer\" data-id=\"fd62b0f\" data-element_type=\"widget\" data-e-type=\"widget\" data-widget_type=\"spacer.default\">\n\t\t\t\t<div class=\"elementor-widget-container\">\n\t\t\t\t\t\t\t<div class=\"elementor-spacer\">\n\t\t\t<div class=\"elementor-spacer-inner\"><\/div>\n\t\t<\/div>\n\t\t\t\t\t\t<\/div>\n\t\t\t\t<\/div>\n\t\t\t\t\t<\/div>\n\t\t\t\t<\/div>\n\t\t\t\t<\/div>\n\t\t","protected":false},"excerpt":{"rendered":"<p>KINGA BOR Creative Educator Pobierz MAP\u0118 Planner Przewodnik z bonusami Niezb\u0119dnik Biblioteka tiktok Pomagam edukatorom zamienia\u0107 wiedz\u0119 w estetyczne produkty cyfrowe. Do\u0142\u0105cz do mojej spo\u0142eczno\u015bci!<\/p>\n","protected":false},"author":1,"featured_media":0,"parent":0,"menu_order":0,"comment_status":"closed","ping_status":"closed","template":"elementor_canvas","meta":{"footnotes":""},"class_list":["post-42451","page","type-page","status-publish","hentry"],"yoast_head":"<!-- This site is optimized with the Yoast SEO plugin v27.1.1 - https:\/\/yoast.com\/product\/yoast-seo-wordpress\/ -->\n<title>Kinga Bor Edu - link bio - Kinga Bor Edu<\/title>\n<meta name=\"robots\" content=\"index, follow, max-snippet:-1, max-image-preview:large, max-video-preview:-1\" \/>\n<link rel=\"canonical\" href=\"http:\/\/kingabor.pl\/edu\/\" \/>\n<meta property=\"og:locale\" content=\"pl_PL\" \/>\n<meta property=\"og:type\" content=\"article\" \/>\n<meta property=\"og:title\" content=\"Kinga Bor Edu - link bio - Kinga Bor Edu\" \/>\n<meta property=\"og:description\" content=\"KINGA BOR Creative Educator Pobierz MAP\u0118 Planner Przewodnik z bonusami Niezb\u0119dnik Biblioteka tiktok Pomagam edukatorom zamienia\u0107 wiedz\u0119 w estetyczne produkty cyfrowe. Do\u0142\u0105cz do mojej spo\u0142eczno\u015bci!\" \/>\n<meta property=\"og:url\" content=\"http:\/\/kingabor.pl\/edu\/\" \/>\n<meta property=\"og:site_name\" content=\"Kinga Bor Edu\" \/>\n<meta property=\"article:modified_time\" content=\"2026-02-10T13:02:24+00:00\" \/>\n<meta property=\"og:image\" content=\"http:\/\/kingabor.pl\/edu\/wp-content\/uploads\/sites\/10\/2026\/02\/Wizualizacja-kursu-projekt--1536x865.png\" \/>\n<meta name=\"twitter:card\" content=\"summary_large_image\" \/>\n<meta name=\"twitter:label1\" content=\"Szacowany czas czytania\" \/>\n\t<meta name=\"twitter:data1\" content=\"1 minuta\" \/>\n<script type=\"application\/ld+json\" class=\"yoast-schema-graph\">{\"@context\":\"https:\/\/schema.org\",\"@graph\":[{\"@type\":\"WebPage\",\"@id\":\"http:\/\/kingabor.pl\/edu\/\",\"url\":\"http:\/\/kingabor.pl\/edu\/\",\"name\":\"Kinga Bor Edu - link bio - Kinga Bor Edu\",\"isPartOf\":{\"@id\":\"http:\/\/kingabor.pl\/edu\/#website\"},\"primaryImageOfPage\":{\"@id\":\"http:\/\/kingabor.pl\/edu\/#primaryimage\"},\"image\":{\"@id\":\"http:\/\/kingabor.pl\/edu\/#primaryimage\"},\"thumbnailUrl\":\"http:\/\/kingabor.pl\/edu\/wp-content\/uploads\/sites\/10\/2026\/02\/Wizualizacja-kursu-projekt--1536x865.png\",\"datePublished\":\"2026-02-01T10:22:54+00:00\",\"dateModified\":\"2026-02-10T13:02:24+00:00\",\"breadcrumb\":{\"@id\":\"http:\/\/kingabor.pl\/edu\/#breadcrumb\"},\"inLanguage\":\"pl-PL\",\"potentialAction\":[{\"@type\":\"ReadAction\",\"target\":[\"http:\/\/kingabor.pl\/edu\/\"]}]},{\"@type\":\"ImageObject\",\"inLanguage\":\"pl-PL\",\"@id\":\"http:\/\/kingabor.pl\/edu\/#primaryimage\",\"url\":\"http:\/\/kingabor.pl\/edu\/wp-content\/uploads\/sites\/10\/2026\/02\/Wizualizacja-kursu-projekt-.png\",\"contentUrl\":\"http:\/\/kingabor.pl\/edu\/wp-content\/uploads\/sites\/10\/2026\/02\/Wizualizacja-kursu-projekt-.png\",\"width\":1640,\"height\":924},{\"@type\":\"BreadcrumbList\",\"@id\":\"http:\/\/kingabor.pl\/edu\/#breadcrumb\",\"itemListElement\":[{\"@type\":\"ListItem\",\"position\":1,\"name\":\"Strona g\u0142\u00f3wna\",\"item\":\"http:\/\/kingabor.pl\/edu\/\"},{\"@type\":\"ListItem\",\"position\":2,\"name\":\"Kinga Bor Edu &#8211; link bio\"}]},{\"@type\":\"WebSite\",\"@id\":\"http:\/\/kingabor.pl\/edu\/#website\",\"url\":\"http:\/\/kingabor.pl\/edu\/\",\"name\":\"Kinga Bor Edu\",\"description\":\"Edukacja | Dla Nauczycieli | Produkty Cyfrowe | Kursy online\",\"potentialAction\":[{\"@type\":\"SearchAction\",\"target\":{\"@type\":\"EntryPoint\",\"urlTemplate\":\"http:\/\/kingabor.pl\/edu\/?s={search_term_string}\"},\"query-input\":{\"@type\":\"PropertyValueSpecification\",\"valueRequired\":true,\"valueName\":\"search_term_string\"}}],\"inLanguage\":\"pl-PL\"}]}<\/script>\n<!-- \/ Yoast SEO plugin. -->","yoast_head_json":{"title":"Kinga Bor Edu - link bio - Kinga Bor Edu","robots":{"index":"index","follow":"follow","max-snippet":"max-snippet:-1","max-image-preview":"max-image-preview:large","max-video-preview":"max-video-preview:-1"},"canonical":"http:\/\/kingabor.pl\/edu\/","og_locale":"pl_PL","og_type":"article","og_title":"Kinga Bor Edu - link bio - Kinga Bor Edu","og_description":"KINGA BOR Creative Educator Pobierz MAP\u0118 Planner Przewodnik z bonusami Niezb\u0119dnik Biblioteka tiktok Pomagam edukatorom zamienia\u0107 wiedz\u0119 w estetyczne produkty cyfrowe. Do\u0142\u0105cz do mojej spo\u0142eczno\u015bci!","og_url":"http:\/\/kingabor.pl\/edu\/","og_site_name":"Kinga Bor Edu","article_modified_time":"2026-02-10T13:02:24+00:00","og_image":[{"url":"http:\/\/kingabor.pl\/edu\/wp-content\/uploads\/sites\/10\/2026\/02\/Wizualizacja-kursu-projekt--1536x865.png","type":"","width":"","height":""}],"twitter_card":"summary_large_image","twitter_misc":{"Szacowany czas czytania":"1 minuta"},"schema":{"@context":"https:\/\/schema.org","@graph":[{"@type":"WebPage","@id":"http:\/\/kingabor.pl\/edu\/","url":"http:\/\/kingabor.pl\/edu\/","name":"Kinga Bor Edu - link bio - Kinga Bor Edu","isPartOf":{"@id":"http:\/\/kingabor.pl\/edu\/#website"},"primaryImageOfPage":{"@id":"http:\/\/kingabor.pl\/edu\/#primaryimage"},"image":{"@id":"http:\/\/kingabor.pl\/edu\/#primaryimage"},"thumbnailUrl":"http:\/\/kingabor.pl\/edu\/wp-content\/uploads\/sites\/10\/2026\/02\/Wizualizacja-kursu-projekt--1536x865.png","datePublished":"2026-02-01T10:22:54+00:00","dateModified":"2026-02-10T13:02:24+00:00","breadcrumb":{"@id":"http:\/\/kingabor.pl\/edu\/#breadcrumb"},"inLanguage":"pl-PL","potentialAction":[{"@type":"ReadAction","target":["http:\/\/kingabor.pl\/edu\/"]}]},{"@type":"ImageObject","inLanguage":"pl-PL","@id":"http:\/\/kingabor.pl\/edu\/#primaryimage","url":"http:\/\/kingabor.pl\/edu\/wp-content\/uploads\/sites\/10\/2026\/02\/Wizualizacja-kursu-projekt-.png","contentUrl":"http:\/\/kingabor.pl\/edu\/wp-content\/uploads\/sites\/10\/2026\/02\/Wizualizacja-kursu-projekt-.png","width":1640,"height":924},{"@type":"BreadcrumbList","@id":"http:\/\/kingabor.pl\/edu\/#breadcrumb","itemListElement":[{"@type":"ListItem","position":1,"name":"Strona g\u0142\u00f3wna","item":"http:\/\/kingabor.pl\/edu\/"},{"@type":"ListItem","position":2,"name":"Kinga Bor Edu &#8211; link bio"}]},{"@type":"WebSite","@id":"http:\/\/kingabor.pl\/edu\/#website","url":"http:\/\/kingabor.pl\/edu\/","name":"Kinga Bor Edu","description":"Edukacja | Dla Nauczycieli | Produkty Cyfrowe | Kursy online","potentialAction":[{"@type":"SearchAction","target":{"@type":"EntryPoint","urlTemplate":"http:\/\/kingabor.pl\/edu\/?s={search_term_string}"},"query-input":{"@type":"PropertyValueSpecification","valueRequired":true,"valueName":"search_term_string"}}],"inLanguage":"pl-PL"}]}},"_links":{"self":[{"href":"http:\/\/kingabor.pl\/edu\/wp-json\/wp\/v2\/pages\/42451","targetHints":{"allow":["GET"]}}],"collection":[{"href":"http:\/\/kingabor.pl\/edu\/wp-json\/wp\/v2\/pages"}],"about":[{"href":"http:\/\/kingabor.pl\/edu\/wp-json\/wp\/v2\/types\/page"}],"author":[{"embeddable":true,"href":"http:\/\/kingabor.pl\/edu\/wp-json\/wp\/v2\/users\/1"}],"replies":[{"embeddable":true,"href":"http:\/\/kingabor.pl\/edu\/wp-json\/wp\/v2\/comments?post=42451"}],"version-history":[{"count":40,"href":"http:\/\/kingabor.pl\/edu\/wp-json\/wp\/v2\/pages\/42451\/revisions"}],"predecessor-version":[{"id":42507,"href":"http:\/\/kingabor.pl\/edu\/wp-json\/wp\/v2\/pages\/42451\/revisions\/42507"}],"wp:attachment":[{"href":"http:\/\/kingabor.pl\/edu\/wp-json\/wp\/v2\/media?parent=42451"}],"curies":[{"name":"wp","href":"https:\/\/api.w.org\/{rel}","templated":true}]}}