{"id":188,"date":"2018-12-20T11:32:41","date_gmt":"2018-12-20T11:32:41","guid":{"rendered":"http:\/\/kingabor.pl\/grafik\/?page_id=188"},"modified":"2025-11-10T16:24:28","modified_gmt":"2025-11-10T15:24:28","slug":"referencje","status":"publish","type":"page","link":"http:\/\/kingabor.pl\/grafik\/referencje\/","title":{"rendered":"Referencje"},"content":{"rendered":"\t\t<div data-elementor-type=\"wp-post\" data-elementor-id=\"188\" class=\"elementor elementor-188\">\n\t\t\t\t\t\t<section class=\"elementor-section elementor-top-section elementor-element elementor-element-e8ae9d1 elementor-section-boxed elementor-section-height-default elementor-section-height-default\" data-id=\"e8ae9d1\" data-element_type=\"section\" data-e-type=\"section\">\n\t\t\t\t\t\t<div class=\"elementor-container elementor-column-gap-default\">\n\t\t\t\t\t<div class=\"elementor-column elementor-col-100 elementor-top-column elementor-element elementor-element-1033c4f\" data-id=\"1033c4f\" data-element_type=\"column\" data-e-type=\"column\">\n\t\t\t<div class=\"elementor-widget-wrap elementor-element-populated\">\n\t\t\t\t\t\t<div class=\"elementor-element elementor-element-52bf002 elementor-widget elementor-widget-heading\" data-id=\"52bf002\" data-element_type=\"widget\" data-e-type=\"widget\" data-widget_type=\"heading.default\">\n\t\t\t\t<div class=\"elementor-widget-container\">\n\t\t\t\t\t<h2 class=\"elementor-heading-title elementor-size-default\">Referencje<\/h2>\t\t\t\t<\/div>\n\t\t\t\t<\/div>\n\t\t\t\t<div class=\"elementor-element elementor-element-b011529 elementor-widget elementor-widget-spacer\" data-id=\"b011529\" data-element_type=\"widget\" data-e-type=\"widget\" data-widget_type=\"spacer.default\">\n\t\t\t\t<div class=\"elementor-widget-container\">\n\t\t\t\t\t\t\t<div class=\"elementor-spacer\">\n\t\t\t<div class=\"elementor-spacer-inner\"><\/div>\n\t\t<\/div>\n\t\t\t\t\t\t<\/div>\n\t\t\t\t<\/div>\n\t\t\t\t<div class=\"elementor-element elementor-element-794bcd0 elementor-widget elementor-widget-rt-testimonial\" data-id=\"794bcd0\" data-element_type=\"widget\" data-e-type=\"widget\" data-widget_type=\"rt-testimonial.default\">\n\t\t\t\t<div class=\"elementor-widget-container\">\n\t\t\t\t\t<div class=\"rtin-testimonial-1 rt-owl-nav-1 owl-wrap slider-dot-enabled rtin-light\">\n\t<div class=\"owl-theme owl-carousel rt-owl-carousel\" data-carousel-options=\"{&quot;nav&quot;:false,&quot;dots&quot;:true,&quot;navText&quot;:[&quot;&lt;i class=&#039;fa-solid fa-angle-left&#039;&gt;&lt;\\\/i&gt;&quot;,&quot;&lt;i class=&#039;fa-solid fa-angle-right&#039;&gt;&lt;\\\/i&gt;&quot;],&quot;autoplay&quot;:true,&quot;autoplayTimeout&quot;:&quot;5000&quot;,&quot;autoplaySpeed&quot;:200,&quot;autoplayHoverPause&quot;:true,&quot;loop&quot;:true,&quot;margin&quot;:30,&quot;responsive&quot;:{&quot;0&quot;:{&quot;items&quot;:1},&quot;480&quot;:{&quot;items&quot;:1},&quot;768&quot;:{&quot;items&quot;:1},&quot;992&quot;:{&quot;items&quot;:1},&quot;1200&quot;:{&quot;items&quot;:1}}}\">\n\t\t\t\t\t\t\t\t\t\t\t\t\t<div class=\"rtin-item\">\n\t\t\t\t\t<div class=\"rtin-content\"><p class=\"cvGsUA direction-ltr align-start para-style-body\"><span class=\"a_GcMg font-feature-liga-off font-feature-clig-off font-feature-calt-off text-decoration-none text-strikethrough-none\">Postanowi\u0142am zleci\u0107 stworzenie platformy edukacyjnej Pani Kindze. I to by\u0142 strza\u0142 <\/span><span class=\"a_GcMg font-feature-liga-off font-feature-clig-off font-feature-calt-off text-decoration-none text-strikethrough-none\">w dziesi\u0105tk\u0119! Ze wszystkiego jestem MEGA zadowolona:<br \/>\n<\/span><span class=\"a_GcMg font-feature-liga-off font-feature-clig-off font-feature-calt-off text-decoration-none text-strikethrough-none\">1) z grafik na obu platformach (stworzenia logo i certyfikat\u00f3w uko\u0144czenia kurs\u00f3w),<br \/>\n<\/span><span class=\"a_GcMg font-feature-liga-off font-feature-clig-off font-feature-calt-off text-decoration-none text-strikethrough-none\">2) z rozwi\u0105za\u0144 wszelakich problem\u00f3w jakie wynikaj\u0105 ze z\u0142o\u017cono\u015bci moich nieraz kilkakrotnie zmienianych pomys\u0142\u00f3w na wygl\u0105d stron lub przekierowania, kt\u00f3re Pani z entuzjazmem i ogromn\u0105 cierpliwo\u015bci\u0105 wdra\u017ca. Za t\u0119 niesamowit\u0105 gotowo\u015b\u0107 do wsp\u00f3\u0142pracy i zaanga\u017cowanie w projekt ca\u0142ym sercem, za odpowiedzi na pytania i spotkania na \u017cywo nale\u017cy si\u0119 najwy\u017csza nota!!!<\/p>\n<p>Pani Kinga bardzo kompetentnie podchodzi do swoich zlece\u0144 i wykonuje je z wielkim zaanga\u017cowaniem, wk\u0142adaj\u0105c w nie wiele pracy i serca. Anga\u017cuje si\u0119 w pe\u0142ni w projekt, wyszukuj\u0105c jak najlepsze rozwi\u0105zania dla klienta. Jest otwarta na nowe wyzwania i ch\u0119tnie wdra\u017ca nowo\u015bci pr\u00f3buj\u0105c dostosowa\u0107 je do potrzeb zadania. Jest dyspozycyjna, zdyscyplinowana, i pomocna. Naprawd\u0119 godna polecenia, co niniejszym z wielk\u0105 przyjemno\u015bci\u0105 czyni\u0119.<br \/>\n<\/span><\/p>\n<\/div>\n\t\t\t\t\t\t\t\t\t\t\t\t\t\t\t\t<div class=\"rtin-thumb\"><img decoding=\"async\" width=\"80\" height=\"80\" src=\"http:\/\/kingabor.pl\/grafik\/wp-content\/uploads\/sites\/11\/2018\/12\/3.png\" class=\"attachment-thumbnail size-thumbnail wp-post-image\" alt=\"\" \/><\/div>\n\t\t\t\t\t\t\t\t\t\t\t\t\t\t\t<h3 class=\"rtin-title\">Beata Mirecka &#8211; Jakubowska<\/h3>\n\t\t\t\t\t\t\t\t\t\t\t<h4 class=\"rtin-designation\">CEO Intercultural Education Consulting Group<\/h4>\n\t\t\t\t\t\t\t\t\t<\/div>\n\t\t\t\t\t\t\t\t\t\t\t<div class=\"rtin-item\">\n\t\t\t\t\t<div class=\"rtin-content\"><p><span class=\"a_GcMg font-feature-liga-off font-feature-clig-off font-feature-calt-off text-decoration-none text-strikethrough-none\">Dowiedzia\u0142am si\u0119 o us\u0142ugach Kingi ze strony internetowej. Sk\u0142oni\u0142a mnie przyst\u0119pna cena oraz portoflio wykonanych stron. Jestem bardzo zawodowlona ze wsp\u00f3\u0142pracy, szczeg\u00f3lnie z dobrego kontaktu<\/span> <span class=\"a_GcMg font-feature-liga-off font-feature-clig-off font-feature-calt-off text-decoration-none text-strikethrough-none\">oraz ostatecznego wygl\u0105du strony. Zdecydowanie poleci\u0142abym King\u0119 innym osobom. Na etapie wdra\u017cania projektu strony otrzyma\u0142am kilka propozycji (opcji do wyboru), mog\u0142am sama zdecydowa\u0107, kt\u00f3rej potrzebuj\u0119. Bardzo dobry kontakt i zrozumienie moich potrzeb sprawi\u0142y, \u017ce czu\u0142am si\u0119 zaopiekowana jako klient.<\/span><\/p>\n<\/div>\n\t\t\t\t\t\t\t\t\t\t\t\t\t\t\t\t<div class=\"rtin-thumb\"><img decoding=\"async\" width=\"80\" height=\"80\" src=\"http:\/\/kingabor.pl\/grafik\/wp-content\/uploads\/sites\/11\/2018\/12\/2.png\" class=\"attachment-thumbnail size-thumbnail wp-post-image\" alt=\"\" \/><\/div>\n\t\t\t\t\t\t\t\t\t\t\t\t\t\t\t<h3 class=\"rtin-title\">Ewelina Cichowska<\/h3>\n\t\t\t\t\t\t\t\t\t\t\t<h4 class=\"rtin-designation\">CEO Logosido<\/h4>\n\t\t\t\t\t\t\t\t\t<\/div>\n\t\t\t\t\t\t\t\t\t\t\t<div class=\"rtin-item\">\n\t\t\t\t\t<div class=\"rtin-content\"><p class=\"cvGsUA direction-ltr align-start para-style-body\"><span class=\"a_GcMg font-feature-liga-off font-feature-clig-off font-feature-calt-off text-decoration-none text-strikethrough-none\">Wraz z Kinga<\/span> <span class=\"a_GcMg font-feature-liga-off font-feature-clig-off font-feature-calt-off text-decoration-none text-strikethrough-none\">dopasowywa\u0142y\u015bmy swoje wizj\u0119 w jedn\u0105 ca\u0142o\u015b\u0107, a efekty wida\u0107 go\u0142ym okiem.<\/span><\/p>\n<p class=\"cvGsUA direction-ltr align-start para-style-body\"><span class=\"a_GcMg font-feature-liga-off font-feature-clig-off font-feature-calt-off text-decoration-none text-strikethrough-none\">Kinga oddaj\u0119 ca\u0142e swoje serce w ka\u017cd\u0105 minut\u0119 po\u015bwi\u0119con\u0105 na tworzeniu strony.<\/span><\/p>\n<p class=\"cvGsUA direction-ltr align-start para-style-body\"><span class=\"a_GcMg font-feature-liga-off font-feature-clig-off font-feature-calt-off text-decoration-none text-strikethrough-none\">Z ca\u0142ego serca polecam King\u0119 jesli chodzi o znajomo\u015b\u0107 wszelakich umiej\u0119tno\u015bci i narz\u0119dzi, kt\u00f3re trzeba mie\u0107, aby stworzy\u0107 profesjonalnego bloga, stron\u0119 czy te\u017c logo.<\/span><\/p>\n<\/div>\n\t\t\t\t\t\t\t\t\t\t\t\t\t\t\t\t<div class=\"rtin-thumb\"><img decoding=\"async\" width=\"80\" height=\"80\" src=\"http:\/\/kingabor.pl\/grafik\/wp-content\/uploads\/sites\/11\/2018\/12\/1.png\" class=\"attachment-thumbnail size-thumbnail wp-post-image\" alt=\"\" \/><\/div>\n\t\t\t\t\t\t\t\t\t\t\t\t\t\t\t<h3 class=\"rtin-title\">Aneta Skrzypek<\/h3>\n\t\t\t\t\t\t\t\t\t\t\t<h4 class=\"rtin-designation\">CEO Fundacja Jednooka Wojowniczka<\/h4>\n\t\t\t\t\t\t\t\t\t<\/div>\n\t\t\t\t\t\t\t\t<\/div>\n<\/div>\t\t\t\t<\/div>\n\t\t\t\t<\/div>\n\t\t\t\t\t<\/div>\n\t\t<\/div>\n\t\t\t\t\t<\/div>\n\t\t<\/section>\n\t\t\t\t<\/div>\n\t\t","protected":false},"excerpt":{"rendered":"<p>Referencje Dowiedzia\u0142am si\u0119 o us\u0142ugach Kingi z internetu, gdzie\u015b kiedy\u015b mign\u0119\u0142o mi, \u017ce b\u0119dzie webinar na temat platformy e-learningowej i zainteresowa\u0142am si\u0119. Sk\u0142oni\u0142o mnie obejrzenie \u015bwietnie przeprowadzonego webinaru i dwojaka oferta &#8211; zrobi\u0107 platform\u0119 samemu z pomoc\u0105 przez tydzie\u0144, lub zleci\u0107 zrobienie. Jako, \u017ce akurat by\u0142 to dla mnie okres podr\u00f3\u017cy, a poza tym stwierdzi\u0142am, [&hellip;]<\/p>\n","protected":false},"author":1,"featured_media":0,"parent":0,"menu_order":0,"comment_status":"closed","ping_status":"closed","template":"","meta":{"footnotes":""},"class_list":["post-188","page","type-page","status-publish","hentry"],"yoast_head":"<!-- This site is optimized with the Yoast SEO plugin v27.1.1 - https:\/\/yoast.com\/product\/yoast-seo-wordpress\/ -->\n<title>Referencje - Kinga Bor Grafik komputerowy<\/title>\n<meta name=\"robots\" content=\"index, follow, max-snippet:-1, max-image-preview:large, max-video-preview:-1\" \/>\n<link rel=\"canonical\" href=\"http:\/\/kingabor.pl\/grafik\/referencje\/\" \/>\n<meta property=\"og:locale\" content=\"pl_PL\" \/>\n<meta property=\"og:type\" content=\"article\" \/>\n<meta property=\"og:title\" content=\"Referencje - Kinga Bor Grafik komputerowy\" \/>\n<meta property=\"og:description\" content=\"Referencje Dowiedzia\u0142am si\u0119 o us\u0142ugach Kingi z internetu, gdzie\u015b kiedy\u015b mign\u0119\u0142o mi, \u017ce b\u0119dzie webinar na temat platformy e-learningowej i zainteresowa\u0142am si\u0119. Sk\u0142oni\u0142o mnie obejrzenie \u015bwietnie przeprowadzonego webinaru i dwojaka oferta &#8211; zrobi\u0107 platform\u0119 samemu z pomoc\u0105 przez tydzie\u0144, lub zleci\u0107 zrobienie. Jako, \u017ce akurat by\u0142 to dla mnie okres podr\u00f3\u017cy, a poza tym stwierdzi\u0142am, [&hellip;]\" \/>\n<meta property=\"og:url\" content=\"http:\/\/kingabor.pl\/grafik\/referencje\/\" \/>\n<meta property=\"og:site_name\" content=\"Kinga Bor Grafik komputerowy\" \/>\n<meta property=\"article:modified_time\" content=\"2025-11-10T15:24:28+00:00\" \/>\n<meta property=\"og:image\" content=\"http:\/\/kingabor.pl\/grafik\/wp-content\/uploads\/sites\/11\/2018\/12\/3.png\" \/>\n<meta name=\"twitter:card\" content=\"summary_large_image\" \/>\n<meta name=\"twitter:label1\" content=\"Szacowany czas czytania\" \/>\n\t<meta name=\"twitter:data1\" content=\"6 minut\" \/>\n<script type=\"application\/ld+json\" class=\"yoast-schema-graph\">{\"@context\":\"https:\/\/schema.org\",\"@graph\":[{\"@type\":\"WebPage\",\"@id\":\"http:\/\/kingabor.pl\/grafik\/referencje\/\",\"url\":\"http:\/\/kingabor.pl\/grafik\/referencje\/\",\"name\":\"Referencje - Kinga Bor Grafik komputerowy\",\"isPartOf\":{\"@id\":\"https:\/\/kingabor.pl\/grafik\/#website\"},\"primaryImageOfPage\":{\"@id\":\"http:\/\/kingabor.pl\/grafik\/referencje\/#primaryimage\"},\"image\":{\"@id\":\"http:\/\/kingabor.pl\/grafik\/referencje\/#primaryimage\"},\"thumbnailUrl\":\"http:\/\/kingabor.pl\/grafik\/wp-content\/uploads\/sites\/11\/2018\/12\/3.png\",\"datePublished\":\"2018-12-20T11:32:41+00:00\",\"dateModified\":\"2025-11-10T15:24:28+00:00\",\"breadcrumb\":{\"@id\":\"http:\/\/kingabor.pl\/grafik\/referencje\/#breadcrumb\"},\"inLanguage\":\"pl-PL\",\"potentialAction\":[{\"@type\":\"ReadAction\",\"target\":[\"http:\/\/kingabor.pl\/grafik\/referencje\/\"]}]},{\"@type\":\"ImageObject\",\"inLanguage\":\"pl-PL\",\"@id\":\"http:\/\/kingabor.pl\/grafik\/referencje\/#primaryimage\",\"url\":\"http:\/\/kingabor.pl\/grafik\/wp-content\/uploads\/sites\/11\/2018\/12\/3.png\",\"contentUrl\":\"http:\/\/kingabor.pl\/grafik\/wp-content\/uploads\/sites\/11\/2018\/12\/3.png\"},{\"@type\":\"BreadcrumbList\",\"@id\":\"http:\/\/kingabor.pl\/grafik\/referencje\/#breadcrumb\",\"itemListElement\":[{\"@type\":\"ListItem\",\"position\":1,\"name\":\"Strona g\u0142\u00f3wna\",\"item\":\"https:\/\/kingabor.pl\/grafik\/\"},{\"@type\":\"ListItem\",\"position\":2,\"name\":\"Referencje\"}]},{\"@type\":\"WebSite\",\"@id\":\"https:\/\/kingabor.pl\/grafik\/#website\",\"url\":\"https:\/\/kingabor.pl\/grafik\/\",\"name\":\"Kinga Bor Grafik komputerowy\",\"description\":\"Portfolio graficzne\",\"potentialAction\":[{\"@type\":\"SearchAction\",\"target\":{\"@type\":\"EntryPoint\",\"urlTemplate\":\"https:\/\/kingabor.pl\/grafik\/?s={search_term_string}\"},\"query-input\":{\"@type\":\"PropertyValueSpecification\",\"valueRequired\":true,\"valueName\":\"search_term_string\"}}],\"inLanguage\":\"pl-PL\"}]}<\/script>\n<!-- \/ Yoast SEO plugin. -->","yoast_head_json":{"title":"Referencje - Kinga Bor Grafik komputerowy","robots":{"index":"index","follow":"follow","max-snippet":"max-snippet:-1","max-image-preview":"max-image-preview:large","max-video-preview":"max-video-preview:-1"},"canonical":"http:\/\/kingabor.pl\/grafik\/referencje\/","og_locale":"pl_PL","og_type":"article","og_title":"Referencje - Kinga Bor Grafik komputerowy","og_description":"Referencje Dowiedzia\u0142am si\u0119 o us\u0142ugach Kingi z internetu, gdzie\u015b kiedy\u015b mign\u0119\u0142o mi, \u017ce b\u0119dzie webinar na temat platformy e-learningowej i zainteresowa\u0142am si\u0119. Sk\u0142oni\u0142o mnie obejrzenie \u015bwietnie przeprowadzonego webinaru i dwojaka oferta &#8211; zrobi\u0107 platform\u0119 samemu z pomoc\u0105 przez tydzie\u0144, lub zleci\u0107 zrobienie. Jako, \u017ce akurat by\u0142 to dla mnie okres podr\u00f3\u017cy, a poza tym stwierdzi\u0142am, [&hellip;]","og_url":"http:\/\/kingabor.pl\/grafik\/referencje\/","og_site_name":"Kinga Bor Grafik komputerowy","article_modified_time":"2025-11-10T15:24:28+00:00","og_image":[{"url":"http:\/\/kingabor.pl\/grafik\/wp-content\/uploads\/sites\/11\/2018\/12\/3.png","type":"","width":"","height":""}],"twitter_card":"summary_large_image","twitter_misc":{"Szacowany czas czytania":"6 minut"},"schema":{"@context":"https:\/\/schema.org","@graph":[{"@type":"WebPage","@id":"http:\/\/kingabor.pl\/grafik\/referencje\/","url":"http:\/\/kingabor.pl\/grafik\/referencje\/","name":"Referencje - Kinga Bor Grafik komputerowy","isPartOf":{"@id":"https:\/\/kingabor.pl\/grafik\/#website"},"primaryImageOfPage":{"@id":"http:\/\/kingabor.pl\/grafik\/referencje\/#primaryimage"},"image":{"@id":"http:\/\/kingabor.pl\/grafik\/referencje\/#primaryimage"},"thumbnailUrl":"http:\/\/kingabor.pl\/grafik\/wp-content\/uploads\/sites\/11\/2018\/12\/3.png","datePublished":"2018-12-20T11:32:41+00:00","dateModified":"2025-11-10T15:24:28+00:00","breadcrumb":{"@id":"http:\/\/kingabor.pl\/grafik\/referencje\/#breadcrumb"},"inLanguage":"pl-PL","potentialAction":[{"@type":"ReadAction","target":["http:\/\/kingabor.pl\/grafik\/referencje\/"]}]},{"@type":"ImageObject","inLanguage":"pl-PL","@id":"http:\/\/kingabor.pl\/grafik\/referencje\/#primaryimage","url":"http:\/\/kingabor.pl\/grafik\/wp-content\/uploads\/sites\/11\/2018\/12\/3.png","contentUrl":"http:\/\/kingabor.pl\/grafik\/wp-content\/uploads\/sites\/11\/2018\/12\/3.png"},{"@type":"BreadcrumbList","@id":"http:\/\/kingabor.pl\/grafik\/referencje\/#breadcrumb","itemListElement":[{"@type":"ListItem","position":1,"name":"Strona g\u0142\u00f3wna","item":"https:\/\/kingabor.pl\/grafik\/"},{"@type":"ListItem","position":2,"name":"Referencje"}]},{"@type":"WebSite","@id":"https:\/\/kingabor.pl\/grafik\/#website","url":"https:\/\/kingabor.pl\/grafik\/","name":"Kinga Bor Grafik komputerowy","description":"Portfolio graficzne","potentialAction":[{"@type":"SearchAction","target":{"@type":"EntryPoint","urlTemplate":"https:\/\/kingabor.pl\/grafik\/?s={search_term_string}"},"query-input":{"@type":"PropertyValueSpecification","valueRequired":true,"valueName":"search_term_string"}}],"inLanguage":"pl-PL"}]}},"_links":{"self":[{"href":"http:\/\/kingabor.pl\/grafik\/wp-json\/wp\/v2\/pages\/188","targetHints":{"allow":["GET"]}}],"collection":[{"href":"http:\/\/kingabor.pl\/grafik\/wp-json\/wp\/v2\/pages"}],"about":[{"href":"http:\/\/kingabor.pl\/grafik\/wp-json\/wp\/v2\/types\/page"}],"author":[{"embeddable":true,"href":"http:\/\/kingabor.pl\/grafik\/wp-json\/wp\/v2\/users\/1"}],"replies":[{"embeddable":true,"href":"http:\/\/kingabor.pl\/grafik\/wp-json\/wp\/v2\/comments?post=188"}],"version-history":[{"count":12,"href":"http:\/\/kingabor.pl\/grafik\/wp-json\/wp\/v2\/pages\/188\/revisions"}],"predecessor-version":[{"id":38592,"href":"http:\/\/kingabor.pl\/grafik\/wp-json\/wp\/v2\/pages\/188\/revisions\/38592"}],"wp:attachment":[{"href":"http:\/\/kingabor.pl\/grafik\/wp-json\/wp\/v2\/media?parent=188"}],"curies":[{"name":"wp","href":"https:\/\/api.w.org\/{rel}","templated":true}]}}