{"id":38737,"date":"2025-11-10T17:22:11","date_gmt":"2025-11-10T16:22:11","guid":{"rendered":"https:\/\/kingabor.pl\/grafik\/?page_id=38737"},"modified":"2025-11-10T17:25:16","modified_gmt":"2025-11-10T16:25:16","slug":"bezplatna-konsultacja","status":"publish","type":"page","link":"http:\/\/kingabor.pl\/grafik\/bezplatna-konsultacja\/","title":{"rendered":"Zam\u00f3w bezp\u0142atn\u0105 konsultacj\u0119"},"content":{"rendered":"\t\t<div data-elementor-type=\"wp-page\" data-elementor-id=\"38737\" class=\"elementor elementor-38737\">\n\t\t\t\t<div class=\"elementor-element elementor-element-5eb231a e-flex e-con-boxed e-con e-parent\" data-id=\"5eb231a\" data-element_type=\"container\" data-e-type=\"container\">\n\t\t\t\t\t<div class=\"e-con-inner\">\n\t\t\t\t<div class=\"elementor-element elementor-element-d51d820 elementor-widget elementor-widget-heading\" data-id=\"d51d820\" data-element_type=\"widget\" data-e-type=\"widget\" data-widget_type=\"heading.default\">\n\t\t\t\t<div class=\"elementor-widget-container\">\n\t\t\t\t\t<h2 class=\"elementor-heading-title elementor-size-default\">Zam\u00f3w bezp\u0142atn\u0105 konsultacj\u0119:<\/h2>\t\t\t\t<\/div>\n\t\t\t\t<\/div>\n\t\t\t\t<div class=\"elementor-element elementor-element-093fb24 elementor-widget elementor-widget-spacer\" data-id=\"093fb24\" data-element_type=\"widget\" data-e-type=\"widget\" data-widget_type=\"spacer.default\">\n\t\t\t\t<div class=\"elementor-widget-container\">\n\t\t\t\t\t\t\t<div class=\"elementor-spacer\">\n\t\t\t<div class=\"elementor-spacer-inner\"><\/div>\n\t\t<\/div>\n\t\t\t\t\t\t<\/div>\n\t\t\t\t<\/div>\n\t\t\t\t\t<\/div>\n\t\t\t\t<\/div>\n\t\t<div class=\"elementor-element elementor-element-3bd87a5 e-flex e-con-boxed e-con e-parent\" data-id=\"3bd87a5\" data-element_type=\"container\" data-e-type=\"container\">\n\t\t\t\t\t<div class=\"e-con-inner\">\n\t\t<div class=\"elementor-element elementor-element-a2aebae e-con-full e-flex e-con e-child\" data-id=\"a2aebae\" data-element_type=\"container\" data-e-type=\"container\">\n\t\t\t\t<\/div>\n\t\t\t\t<div class=\"elementor-element elementor-element-842a380 elementor-widget elementor-widget-wpforms\" data-id=\"842a380\" data-element_type=\"widget\" data-e-type=\"widget\" data-widget_type=\"wpforms.default\">\n\t\t\t\t<div class=\"elementor-widget-container\">\n\t\t\t\t\t<div class=\"wpforms-container wpforms-container-full wpforms-render-modern\" id=\"wpforms-38733\"><form id=\"wpforms-form-38733\" class=\"wpforms-validate wpforms-form wpforms-ajax-form\" data-formid=\"38733\" method=\"post\" enctype=\"multipart\/form-data\" action=\"\/grafik\/wp-json\/wp\/v2\/pages\/38737\" data-token=\"8d63d1fd819d7b707622f0998aabbb9b\" data-token-time=\"1776399797\"><noscript class=\"wpforms-error-noscript\">Aby wype\u0142ni\u0107 ten formularz, w\u0142\u0105cz obs\u0142ug\u0119 JavaScript w przegl\u0105darce.<\/noscript><div id=\"wpforms-error-noscript\" style=\"display: none;\">Aby wype\u0142ni\u0107 ten formularz, w\u0142\u0105cz obs\u0142ug\u0119 JavaScript w przegl\u0105darce.<\/div><div class=\"wpforms-field-container\"><div id=\"wpforms-38733-field_0-container\" class=\"wpforms-field wpforms-field-name\" data-field-id=\"0\"><label class=\"wpforms-field-label\" for=\"wpforms-38733-field_0\">Imi\u0119 i nazwisko <span class=\"wpforms-required-label\" aria-hidden=\"true\">*<\/span><\/label><input type=\"text\" id=\"wpforms-38733-field_0\" class=\"wpforms-field-large wpforms-field-required\" name=\"wpforms[fields][0]\" aria-errormessage=\"wpforms-38733-field_0-error\" required><\/div><div id=\"wpforms-38733-field_7-container\" class=\"wpforms-field wpforms-field-number\" data-field-id=\"7\"><label class=\"wpforms-field-label\" for=\"wpforms-38733-field_7\">Telefon<\/label><input type=\"number\" id=\"wpforms-38733-field_7\" class=\"wpforms-field-large\" name=\"wpforms[fields][7]\" step=\"any\" aria-errormessage=\"wpforms-38733-field_7-error\" ><\/div><div id=\"wpforms-38733-field_1-container\" class=\"wpforms-field wpforms-field-email\" data-field-id=\"1\"><label class=\"wpforms-field-label\" for=\"wpforms-38733-field_1\">E-mail <span class=\"wpforms-required-label\" aria-hidden=\"true\">*<\/span><\/label><input type=\"email\" id=\"wpforms-38733-field_1\" class=\"wpforms-field-large wpforms-field-required\" name=\"wpforms[fields][1]\" spellcheck=\"false\" aria-errormessage=\"wpforms-38733-field_1-error\" required><\/div><div id=\"wpforms-38733-field_3-container\" class=\"wpforms-field wpforms-field-textarea\" data-field-id=\"3\"><label class=\"wpforms-field-label\" for=\"wpforms-38733-field_3\">Wiadomo\u015b\u0107 (opisz czego potrzebuje, jaki masz problem) <span class=\"wpforms-required-label\" aria-hidden=\"true\">*<\/span><\/label><textarea id=\"wpforms-38733-field_3\" class=\"wpforms-field-medium wpforms-field-required\" name=\"wpforms[fields][3]\" aria-errormessage=\"wpforms-38733-field_3-error\" required><\/textarea><\/div>\t\t<div id=\"wpforms-38733-field_2-container\"\n\t\t\tclass=\"wpforms-field wpforms-field-text\"\n\t\t\tdata-field-type=\"text\"\n\t\t\tdata-field-id=\"2\"\n\t\t\t>\n\t\t\t<label class=\"wpforms-field-label\" for=\"wpforms-38733-field_2\" >potrzebuje, Potwierdzam, pakiet:<\/label>\n\t\t\t<input type=\"text\" id=\"wpforms-38733-field_2\" class=\"wpforms-field-medium\" name=\"wpforms[fields][2]\" >\n\t\t<\/div>\n\t\t<div id=\"wpforms-38733-field_6-container\" class=\"wpforms-field wpforms-field-select wpforms-field-select-style-classic\" data-field-id=\"6\"><label class=\"wpforms-field-label\" for=\"wpforms-38733-field_6\">Interesuje mnie pakiet:<\/label><select id=\"wpforms-38733-field_6\" class=\"wpforms-field-medium\" name=\"wpforms[fields][6]\"><option value=\"Startowy\"  class=\"choice-1 depth-1\"  >Startowy<\/option><option value=\"Biznes Premium\"  class=\"choice-2 depth-1\"  >Biznes Premium<\/option><option value=\"Ekspert\"  class=\"choice-3 depth-1\"  >Ekspert<\/option><\/select><\/div><div id=\"wpforms-38733-field_5-container\" class=\"wpforms-field wpforms-field-checkbox\" data-field-id=\"5\"><fieldset><legend class=\"wpforms-field-label\">Potwierdzam, \u017ce:<\/legend><ul id=\"wpforms-38733-field_5\"><li class=\"choice-1 depth-1\"><input type=\"checkbox\" id=\"wpforms-38733-field_5_1\" name=\"wpforms[fields][5][]\" value=\"zapona\u0142am\/em si\u0119 z Polityk\u0105 Prywatno\u015bci strony kingabor.pl\/grafik (link w stopce strony)\" aria-errormessage=\"wpforms-38733-field_5_1-error\"  ><label class=\"wpforms-field-label-inline\" for=\"wpforms-38733-field_5_1\">zapona\u0142am\/em si\u0119 z Polityk\u0105 Prywatno\u015bci strony kingabor.pl\/grafik (link w stopce strony)<\/label><\/li><\/ul><\/fieldset><\/div><script>\n\t\t\t\t( function() {\n\t\t\t\t\tconst style = document.createElement( 'style' );\n\t\t\t\t\tstyle.appendChild( document.createTextNode( '#wpforms-38733-field_2-container { position: absolute !important; overflow: hidden !important; display: inline !important; height: 1px !important; width: 1px !important; z-index: -1000 !important; padding: 0 !important; } #wpforms-38733-field_2-container input { visibility: hidden; } #wpforms-conversational-form-page #wpforms-38733-field_2-container label { counter-increment: none; }' ) );\n\t\t\t\t\tdocument.head.appendChild( style );\n\t\t\t\t\tdocument.currentScript?.remove();\n\t\t\t\t} )();\n\t\t\t<\/script><\/div><!-- .wpforms-field-container --><div class=\"wpforms-submit-container\" ><input type=\"hidden\" name=\"wpforms[id]\" value=\"38733\"><input type=\"hidden\" name=\"page_title\" value=\"\"><input type=\"hidden\" name=\"page_url\" value=\"http:\/\/kingabor.pl\/grafik\/wp-json\/wp\/v2\/pages\/38737\"><input type=\"hidden\" name=\"url_referer\" value=\"\"><button type=\"submit\" name=\"wpforms[submit]\" id=\"wpforms-submit-38733\" class=\"wpforms-submit\" data-alt-text=\"Wysy\u0142anie...\" data-submit-text=\"Wy\u015blij\" aria-live=\"assertive\" value=\"wpforms-submit\">Wy\u015blij<\/button><img decoding=\"async\" src=\"http:\/\/kingabor.pl\/grafik\/wp-content\/plugins\/wpforms-lite\/assets\/images\/submit-spin.svg\" class=\"wpforms-submit-spinner\" style=\"display: none;\" width=\"26\" height=\"26\" alt=\"Wczytywanie\"><\/div><\/form><\/div>  <!-- .wpforms-container -->\t\t\t\t<\/div>\n\t\t\t\t<\/div>\n\t\t<div class=\"elementor-element elementor-element-e98d8a8 e-con-full e-flex e-con e-child\" data-id=\"e98d8a8\" data-element_type=\"container\" data-e-type=\"container\">\n\t\t\t\t<\/div>\n\t\t\t\t\t<\/div>\n\t\t\t\t<\/div>\n\t\t<div class=\"elementor-element elementor-element-2a0aeb9 e-flex e-con-boxed e-con e-parent\" data-id=\"2a0aeb9\" data-element_type=\"container\" data-e-type=\"container\">\n\t\t\t\t\t<div class=\"e-con-inner\">\n\t\t\t\t\t<\/div>\n\t\t\t\t<\/div>\n\t\t\t\t<\/div>\n\t\t","protected":false},"excerpt":{"rendered":"<p>Zam\u00f3w bezp\u0142atn\u0105 konsultacj\u0119: Aby wype\u0142ni\u0107 ten formularz, w\u0142\u0105cz obs\u0142ug\u0119 JavaScript w przegl\u0105darce.Aby wype\u0142ni\u0107 ten formularz, w\u0142\u0105cz obs\u0142ug\u0119 JavaScript w przegl\u0105darce. Imi\u0119 i nazwisko * PierwszyOstatni TelefonE-mail *Wiadomo\u015b\u0107 (opisz czego potrzebuje, jaki masz problem) *Interesuje mnie pakiet:StartowyBiznes PremiumEkspert Potwierdzam, \u017ce: zapona\u0142am\/em si\u0119 z Polityk\u0105 Prywatno\u015bci strony kingabor.pl\/grafik (link w stopce strony) Wy\u015blij<\/p>\n","protected":false},"author":1,"featured_media":0,"parent":0,"menu_order":0,"comment_status":"closed","ping_status":"closed","template":"","meta":{"footnotes":""},"class_list":["post-38737","page","type-page","status-publish","hentry"],"yoast_head":"<!-- This site is optimized with the Yoast SEO plugin v27.1.1 - https:\/\/yoast.com\/product\/yoast-seo-wordpress\/ -->\n<title>Zam\u00f3w bezp\u0142atn\u0105 konsultacj\u0119 - Kinga Bor Grafik komputerowy<\/title>\n<meta name=\"robots\" content=\"index, follow, max-snippet:-1, max-image-preview:large, max-video-preview:-1\" \/>\n<link rel=\"canonical\" href=\"http:\/\/kingabor.pl\/grafik\/bezplatna-konsultacja\/\" \/>\n<meta property=\"og:locale\" content=\"pl_PL\" \/>\n<meta property=\"og:type\" content=\"article\" \/>\n<meta property=\"og:title\" content=\"Zam\u00f3w bezp\u0142atn\u0105 konsultacj\u0119 - Kinga Bor Grafik komputerowy\" \/>\n<meta property=\"og:description\" content=\"Zam\u00f3w bezp\u0142atn\u0105 konsultacj\u0119: Aby wype\u0142ni\u0107 ten formularz, w\u0142\u0105cz obs\u0142ug\u0119 JavaScript w przegl\u0105darce.Aby wype\u0142ni\u0107 ten formularz, w\u0142\u0105cz obs\u0142ug\u0119 JavaScript w przegl\u0105darce. Imi\u0119 i nazwisko * PierwszyOstatni TelefonE-mail *Wiadomo\u015b\u0107 (opisz czego potrzebuje, jaki masz problem) *Interesuje mnie pakiet:StartowyBiznes PremiumEkspert Potwierdzam, \u017ce: zapona\u0142am\/em si\u0119 z Polityk\u0105 Prywatno\u015bci strony kingabor.pl\/grafik (link w stopce strony) Wy\u015blij\" \/>\n<meta property=\"og:url\" content=\"http:\/\/kingabor.pl\/grafik\/bezplatna-konsultacja\/\" \/>\n<meta property=\"og:site_name\" content=\"Kinga Bor Grafik komputerowy\" \/>\n<meta property=\"article:modified_time\" content=\"2025-11-10T16:25:16+00:00\" \/>\n<meta property=\"og:image\" content=\"https:\/\/kingabor.pl\/grafik\/wp-content\/plugins\/wpforms-lite\/assets\/images\/submit-spin.svg\" \/>\n<meta name=\"twitter:card\" content=\"summary_large_image\" \/>\n<meta name=\"twitter:label1\" content=\"Szacowany czas czytania\" \/>\n\t<meta name=\"twitter:data1\" content=\"1 minuta\" \/>\n<script type=\"application\/ld+json\" class=\"yoast-schema-graph\">{\"@context\":\"https:\/\/schema.org\",\"@graph\":[{\"@type\":\"WebPage\",\"@id\":\"http:\/\/kingabor.pl\/grafik\/bezplatna-konsultacja\/\",\"url\":\"http:\/\/kingabor.pl\/grafik\/bezplatna-konsultacja\/\",\"name\":\"Zam\u00f3w bezp\u0142atn\u0105 konsultacj\u0119 - Kinga Bor Grafik komputerowy\",\"isPartOf\":{\"@id\":\"https:\/\/kingabor.pl\/grafik\/#website\"},\"primaryImageOfPage\":{\"@id\":\"http:\/\/kingabor.pl\/grafik\/bezplatna-konsultacja\/#primaryimage\"},\"image\":{\"@id\":\"http:\/\/kingabor.pl\/grafik\/bezplatna-konsultacja\/#primaryimage\"},\"thumbnailUrl\":\"https:\/\/kingabor.pl\/grafik\/wp-content\/plugins\/wpforms-lite\/assets\/images\/submit-spin.svg\",\"datePublished\":\"2025-11-10T16:22:11+00:00\",\"dateModified\":\"2025-11-10T16:25:16+00:00\",\"breadcrumb\":{\"@id\":\"http:\/\/kingabor.pl\/grafik\/bezplatna-konsultacja\/#breadcrumb\"},\"inLanguage\":\"pl-PL\",\"potentialAction\":[{\"@type\":\"ReadAction\",\"target\":[\"http:\/\/kingabor.pl\/grafik\/bezplatna-konsultacja\/\"]}]},{\"@type\":\"ImageObject\",\"inLanguage\":\"pl-PL\",\"@id\":\"http:\/\/kingabor.pl\/grafik\/bezplatna-konsultacja\/#primaryimage\",\"url\":\"https:\/\/kingabor.pl\/grafik\/wp-content\/plugins\/wpforms-lite\/assets\/images\/submit-spin.svg\",\"contentUrl\":\"https:\/\/kingabor.pl\/grafik\/wp-content\/plugins\/wpforms-lite\/assets\/images\/submit-spin.svg\"},{\"@type\":\"BreadcrumbList\",\"@id\":\"http:\/\/kingabor.pl\/grafik\/bezplatna-konsultacja\/#breadcrumb\",\"itemListElement\":[{\"@type\":\"ListItem\",\"position\":1,\"name\":\"Strona g\u0142\u00f3wna\",\"item\":\"https:\/\/kingabor.pl\/grafik\/\"},{\"@type\":\"ListItem\",\"position\":2,\"name\":\"Zam\u00f3w bezp\u0142atn\u0105 konsultacj\u0119\"}]},{\"@type\":\"WebSite\",\"@id\":\"https:\/\/kingabor.pl\/grafik\/#website\",\"url\":\"https:\/\/kingabor.pl\/grafik\/\",\"name\":\"Kinga Bor Grafik komputerowy\",\"description\":\"Portfolio graficzne\",\"potentialAction\":[{\"@type\":\"SearchAction\",\"target\":{\"@type\":\"EntryPoint\",\"urlTemplate\":\"https:\/\/kingabor.pl\/grafik\/?s={search_term_string}\"},\"query-input\":{\"@type\":\"PropertyValueSpecification\",\"valueRequired\":true,\"valueName\":\"search_term_string\"}}],\"inLanguage\":\"pl-PL\"}]}<\/script>\n<!-- \/ Yoast SEO plugin. -->","yoast_head_json":{"title":"Zam\u00f3w bezp\u0142atn\u0105 konsultacj\u0119 - Kinga Bor Grafik komputerowy","robots":{"index":"index","follow":"follow","max-snippet":"max-snippet:-1","max-image-preview":"max-image-preview:large","max-video-preview":"max-video-preview:-1"},"canonical":"http:\/\/kingabor.pl\/grafik\/bezplatna-konsultacja\/","og_locale":"pl_PL","og_type":"article","og_title":"Zam\u00f3w bezp\u0142atn\u0105 konsultacj\u0119 - Kinga Bor Grafik komputerowy","og_description":"Zam\u00f3w bezp\u0142atn\u0105 konsultacj\u0119: Aby wype\u0142ni\u0107 ten formularz, w\u0142\u0105cz obs\u0142ug\u0119 JavaScript w przegl\u0105darce.Aby wype\u0142ni\u0107 ten formularz, w\u0142\u0105cz obs\u0142ug\u0119 JavaScript w przegl\u0105darce. Imi\u0119 i nazwisko * PierwszyOstatni TelefonE-mail *Wiadomo\u015b\u0107 (opisz czego potrzebuje, jaki masz problem) *Interesuje mnie pakiet:StartowyBiznes PremiumEkspert Potwierdzam, \u017ce: zapona\u0142am\/em si\u0119 z Polityk\u0105 Prywatno\u015bci strony kingabor.pl\/grafik (link w stopce strony) Wy\u015blij","og_url":"http:\/\/kingabor.pl\/grafik\/bezplatna-konsultacja\/","og_site_name":"Kinga Bor Grafik komputerowy","article_modified_time":"2025-11-10T16:25:16+00:00","og_image":[{"url":"https:\/\/kingabor.pl\/grafik\/wp-content\/plugins\/wpforms-lite\/assets\/images\/submit-spin.svg","type":"","width":"","height":""}],"twitter_card":"summary_large_image","twitter_misc":{"Szacowany czas czytania":"1 minuta"},"schema":{"@context":"https:\/\/schema.org","@graph":[{"@type":"WebPage","@id":"http:\/\/kingabor.pl\/grafik\/bezplatna-konsultacja\/","url":"http:\/\/kingabor.pl\/grafik\/bezplatna-konsultacja\/","name":"Zam\u00f3w bezp\u0142atn\u0105 konsultacj\u0119 - Kinga Bor Grafik komputerowy","isPartOf":{"@id":"https:\/\/kingabor.pl\/grafik\/#website"},"primaryImageOfPage":{"@id":"http:\/\/kingabor.pl\/grafik\/bezplatna-konsultacja\/#primaryimage"},"image":{"@id":"http:\/\/kingabor.pl\/grafik\/bezplatna-konsultacja\/#primaryimage"},"thumbnailUrl":"https:\/\/kingabor.pl\/grafik\/wp-content\/plugins\/wpforms-lite\/assets\/images\/submit-spin.svg","datePublished":"2025-11-10T16:22:11+00:00","dateModified":"2025-11-10T16:25:16+00:00","breadcrumb":{"@id":"http:\/\/kingabor.pl\/grafik\/bezplatna-konsultacja\/#breadcrumb"},"inLanguage":"pl-PL","potentialAction":[{"@type":"ReadAction","target":["http:\/\/kingabor.pl\/grafik\/bezplatna-konsultacja\/"]}]},{"@type":"ImageObject","inLanguage":"pl-PL","@id":"http:\/\/kingabor.pl\/grafik\/bezplatna-konsultacja\/#primaryimage","url":"https:\/\/kingabor.pl\/grafik\/wp-content\/plugins\/wpforms-lite\/assets\/images\/submit-spin.svg","contentUrl":"https:\/\/kingabor.pl\/grafik\/wp-content\/plugins\/wpforms-lite\/assets\/images\/submit-spin.svg"},{"@type":"BreadcrumbList","@id":"http:\/\/kingabor.pl\/grafik\/bezplatna-konsultacja\/#breadcrumb","itemListElement":[{"@type":"ListItem","position":1,"name":"Strona g\u0142\u00f3wna","item":"https:\/\/kingabor.pl\/grafik\/"},{"@type":"ListItem","position":2,"name":"Zam\u00f3w bezp\u0142atn\u0105 konsultacj\u0119"}]},{"@type":"WebSite","@id":"https:\/\/kingabor.pl\/grafik\/#website","url":"https:\/\/kingabor.pl\/grafik\/","name":"Kinga Bor Grafik komputerowy","description":"Portfolio graficzne","potentialAction":[{"@type":"SearchAction","target":{"@type":"EntryPoint","urlTemplate":"https:\/\/kingabor.pl\/grafik\/?s={search_term_string}"},"query-input":{"@type":"PropertyValueSpecification","valueRequired":true,"valueName":"search_term_string"}}],"inLanguage":"pl-PL"}]}},"_links":{"self":[{"href":"http:\/\/kingabor.pl\/grafik\/wp-json\/wp\/v2\/pages\/38737","targetHints":{"allow":["GET"]}}],"collection":[{"href":"http:\/\/kingabor.pl\/grafik\/wp-json\/wp\/v2\/pages"}],"about":[{"href":"http:\/\/kingabor.pl\/grafik\/wp-json\/wp\/v2\/types\/page"}],"author":[{"embeddable":true,"href":"http:\/\/kingabor.pl\/grafik\/wp-json\/wp\/v2\/users\/1"}],"replies":[{"embeddable":true,"href":"http:\/\/kingabor.pl\/grafik\/wp-json\/wp\/v2\/comments?post=38737"}],"version-history":[{"count":7,"href":"http:\/\/kingabor.pl\/grafik\/wp-json\/wp\/v2\/pages\/38737\/revisions"}],"predecessor-version":[{"id":38744,"href":"http:\/\/kingabor.pl\/grafik\/wp-json\/wp\/v2\/pages\/38737\/revisions\/38744"}],"wp:attachment":[{"href":"http:\/\/kingabor.pl\/grafik\/wp-json\/wp\/v2\/media?parent=38737"}],"curies":[{"name":"wp","href":"https:\/\/api.w.org\/{rel}","templated":true}]}}