{"id":830,"date":"2019-01-09T09:40:23","date_gmt":"2019-01-09T09:40:23","guid":{"rendered":"http:\/\/kingabor.pl\/grafik\/?page_id=830"},"modified":"2025-11-10T13:29:54","modified_gmt":"2025-11-10T12:29:54","slug":"portfolio-grid-1","status":"publish","type":"page","link":"http:\/\/kingabor.pl\/grafik\/portfolio-grid-1\/","title":{"rendered":"Portfolio Grid 1"},"content":{"rendered":"\t\t<div data-elementor-type=\"wp-post\" data-elementor-id=\"830\" class=\"elementor elementor-830\">\n\t\t\t\t\t\t<section class=\"elementor-section elementor-top-section elementor-element elementor-element-575b55f elementor-section-boxed elementor-section-height-default elementor-section-height-default\" data-id=\"575b55f\" data-element_type=\"section\" data-e-type=\"section\">\n\t\t\t\t\t\t<div class=\"elementor-container elementor-column-gap-default\">\n\t\t\t\t\t<div class=\"elementor-column elementor-col-100 elementor-top-column elementor-element elementor-element-161bf52\" data-id=\"161bf52\" data-element_type=\"column\" data-e-type=\"column\">\n\t\t\t<div class=\"elementor-widget-wrap elementor-element-populated\">\n\t\t\t\t\t\t<div class=\"elementor-element elementor-element-dafff8d elementor-widget elementor-widget-heading\" data-id=\"dafff8d\" data-element_type=\"widget\" data-e-type=\"widget\" data-widget_type=\"heading.default\">\n\t\t\t\t<div class=\"elementor-widget-container\">\n\t\t\t\t\t<h2 class=\"elementor-heading-title elementor-size-default\">Projekty graficzne wykonane przeze mnie:<\/h2>\t\t\t\t<\/div>\n\t\t\t\t<\/div>\n\t\t\t\t<div class=\"elementor-element elementor-element-5762ba8 elementor-widget elementor-widget-spacer\" data-id=\"5762ba8\" data-element_type=\"widget\" data-e-type=\"widget\" data-widget_type=\"spacer.default\">\n\t\t\t\t<div class=\"elementor-widget-container\">\n\t\t\t\t\t\t\t<div class=\"elementor-spacer\">\n\t\t\t<div class=\"elementor-spacer-inner\"><\/div>\n\t\t<\/div>\n\t\t\t\t\t\t<\/div>\n\t\t\t\t<\/div>\n\t\t\t\t<div class=\"elementor-element elementor-element-18ecb5f bdt-navbar-parent-indicator-yes bdt-navbar-style-4 elementor-widget elementor-widget-bdt-navbar\" data-id=\"18ecb5f\" data-element_type=\"widget\" data-e-type=\"widget\" data-widget_type=\"bdt-navbar.default\">\n\t\t\t\t<div class=\"elementor-widget-container\">\n\t\t\t\t\t\t\t<div class=\"bdt-auto-hide-menu bdt-navbar-wrapper\">\n\t\t\t<nav class=\"bdt-navbar-container bdt-navbar bdt-navbar-transparent bdt-cd-secondary-nav\" data-bdt-navbar=\"{&quot;align&quot;:&quot;center&quot;,&quot;delay-hide&quot;:800,&quot;duration&quot;:200}\" id=\"bdt-navbar-18ecb5f\">\n\t\t\t\t<ul class=\"bdt-navbar-nav \"><li style=\"\" data-id=\"38111\"><a href=\"http:\/\/kingabor.pl\/grafik\/blog\/zugan_portfolio_category\/projekt-nadruku-na-kubek\/\">nadruk na kubek<\/a><\/li><li style=\"\" data-id=\"38112\"><a href=\"http:\/\/kingabor.pl\/grafik\/blog\/zugan_portfolio_category\/projekt-strony-internetowej\/\">strona internetowa<\/a><\/li><li style=\"\" data-id=\"38113\"><a href=\"http:\/\/kingabor.pl\/grafik\/blog\/zugan_portfolio_category\/projekt-kartki-okolicznosciowej\/\">kartka okoliczno\u015bciowa<\/a><\/li><li style=\"\" data-id=\"38114\"><a href=\"http:\/\/kingabor.pl\/grafik\/blog\/zugan_portfolio_category\/projekt-plakatu\/\">plakat<\/a><\/li><li style=\"\" data-id=\"38115\"><a href=\"http:\/\/kingabor.pl\/grafik\/blog\/zugan_portfolio_category\/projekt-haftu\/\">haft<\/a><\/li><li style=\"\" data-id=\"38116\"><a href=\"http:\/\/kingabor.pl\/grafik\/blog\/zugan_portfolio_category\/projekt-grafik-do-social-media\/\">grafiki do social media<\/a><\/li><li style=\"\" data-id=\"38117\"><a href=\"http:\/\/kingabor.pl\/grafik\/blog\/zugan_portfolio_category\/projekt-infografiki\/\">infografika<\/a><\/li><li style=\"\" data-id=\"38118\"><a href=\"http:\/\/kingabor.pl\/grafik\/blog\/zugan_portfolio_category\/projekt-logotypu\/\">logo<\/a><\/li><li style=\"\" data-id=\"38119\"><a href=\"http:\/\/kingabor.pl\/grafik\/blog\/zugan_portfolio_category\/projekt-wizytowki\/\">wizyt\u00f3wka<\/a><\/li><li style=\"\" data-id=\"38120\"><a href=\"http:\/\/kingabor.pl\/grafik\/blog\/zugan_portfolio_category\/projekt-zaproszenia\/\">zaproszenie<\/a><\/li><\/ul>\t\t\t<\/nav>\n\t\t<\/div>\n\t\t\t\t\t\t<\/div>\n\t\t\t\t<\/div>\n\t\t\t\t<div class=\"elementor-element elementor-element-332ff7f elementor-widget elementor-widget-spacer\" data-id=\"332ff7f\" data-element_type=\"widget\" data-e-type=\"widget\" data-widget_type=\"spacer.default\">\n\t\t\t\t<div class=\"elementor-widget-container\">\n\t\t\t\t\t\t\t<div class=\"elementor-spacer\">\n\t\t\t<div class=\"elementor-spacer-inner\"><\/div>\n\t\t<\/div>\n\t\t\t\t\t\t<\/div>\n\t\t\t\t<\/div>\n\t\t\t\t<div class=\"elementor-element elementor-element-26860cc elementor-widget elementor-widget-rt-portfolio-grid\" data-id=\"26860cc\" data-element_type=\"widget\" data-e-type=\"widget\" data-widget_type=\"rt-portfolio-grid.default\">\n\t\t\t\t<div class=\"elementor-widget-container\">\n\t\t\t\t\t<div class=\"portfolio-default rt-portfolio-1\">\n\t<div class=\"row \">\n\t\t\t\t\t<div class=\"col-lg-4 col-md-6 col-sm-6 col-xs-12\">\n\t\t\t\t<div class=\"rtin-item\">\n\t\t\t\t\t<div class=\"item-img\">\n\t\t\t\t\t\t<a href=\"http:\/\/kingabor.pl\/grafik\/blog\/portfolio\/projekt-strony-www\/\">\n\t\t\t\t\t\t\t<img fetchpriority=\"high\" decoding=\"async\" width=\"384\" height=\"316\" src=\"http:\/\/kingabor.pl\/grafik\/wp-content\/uploads\/sites\/11\/2025\/11\/projekt-strony-kingabor.pl\/grafik_-1.png\" class=\"img-fluid mb-10 width-100 wp-post-image\" alt=\"\" srcset=\"http:\/\/kingabor.pl\/grafik\/wp-content\/uploads\/sites\/11\/2025\/11\/projekt-strony-kingabor.pl\/grafik_-1.png 384w, http:\/\/kingabor.pl\/grafik\/wp-content\/uploads\/sites\/11\/2025\/11\/projekt-strony-kingabor.pl\/projekt-strony-kingabor.pl\/grafik_-1-300x247.png 300w\" sizes=\"(max-width: 384px) 100vw, 384px\" \/>\t\t\t\t\t\t<\/a>\n\t\t\t\t\t\t<a href=\"http:\/\/kingabor.pl\/grafik\/blog\/portfolio\/projekt-strony-www\/\" class=\"item-btn inline-popup\"><i class=\"flaticon-next\"><\/i><\/a>\n\t\t\t\t\t<\/div>\n\t\t\t\t\t<div class=\"rtin-content\">\n\t\t\t\t\t\t<h3 style=\" font-size: 22px;\"><a href=\"http:\/\/kingabor.pl\/grafik\/blog\/portfolio\/projekt-strony-www\/\">Projekt strony www<\/a><\/h3>\n\t\t\t\t\t\t\t\t\t\t\t\t<div class=\"rtin-cat\">\n\t\t\t\t\t\t\t\t\t\t\t\t\t\t\t\t<a href=\"http:\/\/kingabor.pl\/grafik\/blog\/zugan_portfolio_category\/projekt-strony-internetowej\/\">strona internetowa<\/a>\n\t\t\t\t\t\t\t\t\t\t\t\t\t<\/div>\n\t\t\t\t\t\t\t\t\t\t\t<\/div>\n\t\t\t\t<\/div>\n\t\t\t<\/div>\t\t\n\t\t\t\t\t\t<div class=\"col-lg-4 col-md-6 col-sm-6 col-xs-12\">\n\t\t\t\t<div class=\"rtin-item\">\n\t\t\t\t\t<div class=\"item-img\">\n\t\t\t\t\t\t<a href=\"http:\/\/kingabor.pl\/grafik\/blog\/portfolio\/projekt-strony-firmowej\/\">\n\t\t\t\t\t\t\t<img decoding=\"async\" width=\"384\" height=\"316\" src=\"http:\/\/kingabor.pl\/grafik\/wp-content\/uploads\/sites\/11\/2025\/11\/projekt-strony-zazkluczbork.pl_.png\" class=\"img-fluid mb-10 width-100 wp-post-image\" alt=\"\" srcset=\"http:\/\/kingabor.pl\/grafik\/wp-content\/uploads\/sites\/11\/2025\/11\/projekt-strony-zazkluczbork.pl_.png 384w, http:\/\/kingabor.pl\/grafik\/wp-content\/uploads\/sites\/11\/2025\/11\/projekt-strony-zazkluczbork.pl_-300x247.png 300w\" sizes=\"(max-width: 384px) 100vw, 384px\" \/>\t\t\t\t\t\t<\/a>\n\t\t\t\t\t\t<a href=\"http:\/\/kingabor.pl\/grafik\/blog\/portfolio\/projekt-strony-firmowej\/\" class=\"item-btn inline-popup\"><i class=\"flaticon-next\"><\/i><\/a>\n\t\t\t\t\t<\/div>\n\t\t\t\t\t<div class=\"rtin-content\">\n\t\t\t\t\t\t<h3 style=\" font-size: 22px;\"><a href=\"http:\/\/kingabor.pl\/grafik\/blog\/portfolio\/projekt-strony-firmowej\/\">Projekt strony firmowej<\/a><\/h3>\n\t\t\t\t\t\t\t\t\t\t\t\t<div class=\"rtin-cat\">\n\t\t\t\t\t\t\t\t\t\t\t\t\t\t\t\t<a href=\"http:\/\/kingabor.pl\/grafik\/blog\/zugan_portfolio_category\/projekt-strony-internetowej\/\">strona internetowa<\/a>\n\t\t\t\t\t\t\t\t\t\t\t\t\t<\/div>\n\t\t\t\t\t\t\t\t\t\t\t<\/div>\n\t\t\t\t<\/div>\n\t\t\t<\/div>\t\t\n\t\t\t\t\t\t<div class=\"col-lg-4 col-md-6 col-sm-6 col-xs-12\">\n\t\t\t\t<div class=\"rtin-item\">\n\t\t\t\t\t<div class=\"item-img\">\n\t\t\t\t\t\t<a href=\"http:\/\/kingabor.pl\/grafik\/blog\/portfolio\/projekt-strony-lanidng-page-do-kursu-online\/\">\n\t\t\t\t\t\t\t<img decoding=\"async\" width=\"384\" height=\"316\" src=\"http:\/\/kingabor.pl\/grafik\/wp-content\/uploads\/sites\/11\/2025\/11\/projekt-strony-kursu-o-ai.png\" class=\"img-fluid mb-10 width-100 wp-post-image\" alt=\"\" srcset=\"http:\/\/kingabor.pl\/grafik\/wp-content\/uploads\/sites\/11\/2025\/11\/projekt-strony-kursu-o-ai.png 384w, http:\/\/kingabor.pl\/grafik\/wp-content\/uploads\/sites\/11\/2025\/11\/projekt-strony-kursu-o-ai-300x247.png 300w\" sizes=\"(max-width: 384px) 100vw, 384px\" \/>\t\t\t\t\t\t<\/a>\n\t\t\t\t\t\t<a href=\"http:\/\/kingabor.pl\/grafik\/blog\/portfolio\/projekt-strony-lanidng-page-do-kursu-online\/\" class=\"item-btn inline-popup\"><i class=\"flaticon-next\"><\/i><\/a>\n\t\t\t\t\t<\/div>\n\t\t\t\t\t<div class=\"rtin-content\">\n\t\t\t\t\t\t<h3 style=\" font-size: 22px;\"><a href=\"http:\/\/kingabor.pl\/grafik\/blog\/portfolio\/projekt-strony-lanidng-page-do-kursu-online\/\">Projekt strony lanidng page do kursu<\/a><\/h3>\n\t\t\t\t\t\t\t\t\t\t\t\t<div class=\"rtin-cat\">\n\t\t\t\t\t\t\t\t\t\t\t\t\t\t\t\t<a href=\"http:\/\/kingabor.pl\/grafik\/blog\/zugan_portfolio_category\/projekt-strony-internetowej\/\">strona internetowa<\/a>\n\t\t\t\t\t\t\t\t\t\t\t\t\t<\/div>\n\t\t\t\t\t\t\t\t\t\t\t<\/div>\n\t\t\t\t<\/div>\n\t\t\t<\/div>\t\t\n\t\t\t\t\t\t<div class=\"col-lg-4 col-md-6 col-sm-6 col-xs-12\">\n\t\t\t\t<div class=\"rtin-item\">\n\t\t\t\t\t<div class=\"item-img\">\n\t\t\t\t\t\t<a href=\"http:\/\/kingabor.pl\/grafik\/blog\/portfolio\/projekt-platformy-edukacyjnej\/\">\n\t\t\t\t\t\t\t<img loading=\"lazy\" decoding=\"async\" width=\"384\" height=\"316\" src=\"http:\/\/kingabor.pl\/grafik\/wp-content\/uploads\/sites\/11\/2025\/11\/projekt-platformy-edukacyjnej-uczemedialnie.png\" class=\"img-fluid mb-10 width-100 wp-post-image\" alt=\"\" srcset=\"http:\/\/kingabor.pl\/grafik\/wp-content\/uploads\/sites\/11\/2025\/11\/projekt-platformy-edukacyjnej-uczemedialnie.png 384w, http:\/\/kingabor.pl\/grafik\/wp-content\/uploads\/sites\/11\/2025\/11\/projekt-platformy-edukacyjnej-uczemedialnie-300x247.png 300w\" sizes=\"(max-width: 384px) 100vw, 384px\" \/>\t\t\t\t\t\t<\/a>\n\t\t\t\t\t\t<a href=\"http:\/\/kingabor.pl\/grafik\/blog\/portfolio\/projekt-platformy-edukacyjnej\/\" class=\"item-btn inline-popup\"><i class=\"flaticon-next\"><\/i><\/a>\n\t\t\t\t\t<\/div>\n\t\t\t\t\t<div class=\"rtin-content\">\n\t\t\t\t\t\t<h3 style=\" font-size: 22px;\"><a href=\"http:\/\/kingabor.pl\/grafik\/blog\/portfolio\/projekt-platformy-edukacyjnej\/\">Projekt platformy edukacyjnej<\/a><\/h3>\n\t\t\t\t\t\t\t\t\t\t\t\t<div class=\"rtin-cat\">\n\t\t\t\t\t\t\t\t\t\t\t\t\t\t\t\t<a href=\"http:\/\/kingabor.pl\/grafik\/blog\/zugan_portfolio_category\/projekt-strony-internetowej\/\">strona internetowa<\/a>\n\t\t\t\t\t\t\t\t\t\t\t\t\t<\/div>\n\t\t\t\t\t\t\t\t\t\t\t<\/div>\n\t\t\t\t<\/div>\n\t\t\t<\/div>\t\t\n\t\t\t\t\t\t<div class=\"col-lg-4 col-md-6 col-sm-6 col-xs-12\">\n\t\t\t\t<div class=\"rtin-item\">\n\t\t\t\t\t<div class=\"item-img\">\n\t\t\t\t\t\t<a href=\"http:\/\/kingabor.pl\/grafik\/blog\/portfolio\/projekt-dyplomu-za-udzial-w-warsztatach-wytchnieniowych\/\">\n\t\t\t\t\t\t\t<img loading=\"lazy\" decoding=\"async\" width=\"630\" height=\"517\" src=\"http:\/\/kingabor.pl\/grafik\/wp-content\/uploads\/sites\/11\/2024\/08\/dyplom-warsztaty-wytchnieniowe2024-630x517.jpg\" class=\"img-fluid mb-10 width-100 wp-post-image\" alt=\"\" \/>\t\t\t\t\t\t<\/a>\n\t\t\t\t\t\t<a href=\"http:\/\/kingabor.pl\/grafik\/blog\/portfolio\/projekt-dyplomu-za-udzial-w-warsztatach-wytchnieniowych\/\" class=\"item-btn inline-popup\"><i class=\"flaticon-next\"><\/i><\/a>\n\t\t\t\t\t<\/div>\n\t\t\t\t\t<div class=\"rtin-content\">\n\t\t\t\t\t\t<h3 style=\" font-size: 22px;\"><a href=\"http:\/\/kingabor.pl\/grafik\/blog\/portfolio\/projekt-dyplomu-za-udzial-w-warsztatach-wytchnieniowych\/\">Projekt Dyplomu za udzia\u0142 w Warsztatach<\/a><\/h3>\n\t\t\t\t\t\t\t\t\t\t\t\t<div class=\"rtin-cat\">\n\t\t\t\t\t\t\t\t\t\t\t\t\t\t\t\t<a href=\"http:\/\/kingabor.pl\/grafik\/blog\/zugan_portfolio_category\/projekt-dyplomu\/\">dyplom<\/a>\n\t\t\t\t\t\t\t\t\t\t\t\t\t<\/div>\n\t\t\t\t\t\t\t\t\t\t\t<\/div>\n\t\t\t\t<\/div>\n\t\t\t<\/div>\t\t\n\t\t\t\t\t\t<div class=\"col-lg-4 col-md-6 col-sm-6 col-xs-12\">\n\t\t\t\t<div class=\"rtin-item\">\n\t\t\t\t\t<div class=\"item-img\">\n\t\t\t\t\t\t<a href=\"http:\/\/kingabor.pl\/grafik\/blog\/portfolio\/projekt-nadruku-na-kubek-dla-przedszkolanki-z-grupy-misie\/\">\n\t\t\t\t\t\t\t<img loading=\"lazy\" decoding=\"async\" width=\"630\" height=\"517\" src=\"http:\/\/kingabor.pl\/grafik\/wp-content\/uploads\/sites\/11\/2024\/06\/kubek-dla-przedszkolanki-630x517.jpg\" class=\"img-fluid mb-10 width-100 wp-post-image\" alt=\"\" \/>\t\t\t\t\t\t<\/a>\n\t\t\t\t\t\t<a href=\"http:\/\/kingabor.pl\/grafik\/blog\/portfolio\/projekt-nadruku-na-kubek-dla-przedszkolanki-z-grupy-misie\/\" class=\"item-btn inline-popup\"><i class=\"flaticon-next\"><\/i><\/a>\n\t\t\t\t\t<\/div>\n\t\t\t\t\t<div class=\"rtin-content\">\n\t\t\t\t\t\t<h3 style=\" font-size: 22px;\"><a href=\"http:\/\/kingabor.pl\/grafik\/blog\/portfolio\/projekt-nadruku-na-kubek-dla-przedszkolanki-z-grupy-misie\/\">Projekt nadruku na Kubek dla Przedszkolanki<\/a><\/h3>\n\t\t\t\t\t\t\t\t\t\t\t\t<div class=\"rtin-cat\">\n\t\t\t\t\t\t\t\t\t\t\t\t\t\t\t\t<a href=\"http:\/\/kingabor.pl\/grafik\/blog\/zugan_portfolio_category\/projekt-nadruku-na-kubek\/\">nadruk na kubek<\/a>\n\t\t\t\t\t\t\t\t\t\t\t\t\t<\/div>\n\t\t\t\t\t\t\t\t\t\t\t<\/div>\n\t\t\t\t<\/div>\n\t\t\t<\/div>\t\t\n\t\t\t\t\t\t<div class=\"col-lg-4 col-md-6 col-sm-6 col-xs-12\">\n\t\t\t\t<div class=\"rtin-item\">\n\t\t\t\t\t<div class=\"item-img\">\n\t\t\t\t\t\t<a href=\"http:\/\/kingabor.pl\/grafik\/blog\/portfolio\/projekt-kubka-dla-programisty\/\">\n\t\t\t\t\t\t\t<img loading=\"lazy\" decoding=\"async\" width=\"630\" height=\"517\" src=\"http:\/\/kingabor.pl\/grafik\/wp-content\/uploads\/sites\/11\/2024\/06\/projekt-kubka-dla-programisty-630x517.jpg\" class=\"img-fluid mb-10 width-100 wp-post-image\" alt=\"\" \/>\t\t\t\t\t\t<\/a>\n\t\t\t\t\t\t<a href=\"http:\/\/kingabor.pl\/grafik\/blog\/portfolio\/projekt-kubka-dla-programisty\/\" class=\"item-btn inline-popup\"><i class=\"flaticon-next\"><\/i><\/a>\n\t\t\t\t\t<\/div>\n\t\t\t\t\t<div class=\"rtin-content\">\n\t\t\t\t\t\t<h3 style=\" font-size: 22px;\"><a href=\"http:\/\/kingabor.pl\/grafik\/blog\/portfolio\/projekt-kubka-dla-programisty\/\">Projekt kubka dla Programisty<\/a><\/h3>\n\t\t\t\t\t\t\t\t\t\t\t\t<div class=\"rtin-cat\">\n\t\t\t\t\t\t\t\t\t\t\t\t\t\t\t\t<a href=\"http:\/\/kingabor.pl\/grafik\/blog\/zugan_portfolio_category\/projekt-nadruku-na-kubek\/\">nadruk na kubek<\/a>\n\t\t\t\t\t\t\t\t\t\t\t\t\t<\/div>\n\t\t\t\t\t\t\t\t\t\t\t<\/div>\n\t\t\t\t<\/div>\n\t\t\t<\/div>\t\t\n\t\t\t\t\t\t<div class=\"col-lg-4 col-md-6 col-sm-6 col-xs-12\">\n\t\t\t\t<div class=\"rtin-item\">\n\t\t\t\t\t<div class=\"item-img\">\n\t\t\t\t\t\t<a href=\"http:\/\/kingabor.pl\/grafik\/blog\/portfolio\/projekt-kubka-dla-milosnika-gor\/\">\n\t\t\t\t\t\t\t<img loading=\"lazy\" decoding=\"async\" width=\"585\" height=\"390\" src=\"http:\/\/kingabor.pl\/grafik\/wp-content\/uploads\/sites\/11\/2024\/06\/smartmockups_lxw41d89-585x390-1.jpg\" class=\"img-fluid mb-10 width-100 wp-post-image\" alt=\"\" srcset=\"http:\/\/kingabor.pl\/grafik\/wp-content\/uploads\/sites\/11\/2024\/06\/smartmockups_lxw41d89-585x390-1.jpg 585w, http:\/\/kingabor.pl\/grafik\/wp-content\/uploads\/sites\/11\/2024\/06\/smartmockups_lxw41d89-585x390-1-300x200.jpg 300w\" sizes=\"(max-width: 585px) 100vw, 585px\" \/>\t\t\t\t\t\t<\/a>\n\t\t\t\t\t\t<a href=\"http:\/\/kingabor.pl\/grafik\/blog\/portfolio\/projekt-kubka-dla-milosnika-gor\/\" class=\"item-btn inline-popup\"><i class=\"flaticon-next\"><\/i><\/a>\n\t\t\t\t\t<\/div>\n\t\t\t\t\t<div class=\"rtin-content\">\n\t\t\t\t\t\t<h3 style=\" font-size: 22px;\"><a href=\"http:\/\/kingabor.pl\/grafik\/blog\/portfolio\/projekt-kubka-dla-milosnika-gor\/\">Projekt kubka dla Mi\u0142o\u015bnika g\u00f3r<\/a><\/h3>\n\t\t\t\t\t\t\t\t\t\t\t\t<div class=\"rtin-cat\">\n\t\t\t\t\t\t\t\t\t\t\t\t\t\t\t\t<a href=\"http:\/\/kingabor.pl\/grafik\/blog\/zugan_portfolio_category\/projekt-nadruku-na-kubek\/\">nadruk na kubek<\/a>\n\t\t\t\t\t\t\t\t\t\t\t\t\t<\/div>\n\t\t\t\t\t\t\t\t\t\t\t<\/div>\n\t\t\t\t<\/div>\n\t\t\t<\/div>\t\t\n\t\t\t\t\t\t<div class=\"col-lg-4 col-md-6 col-sm-6 col-xs-12\">\n\t\t\t\t<div class=\"rtin-item\">\n\t\t\t\t\t<div class=\"item-img\">\n\t\t\t\t\t\t<a href=\"http:\/\/kingabor.pl\/grafik\/blog\/portfolio\/projekt-haftu-na-dzien-ojca\/\">\n\t\t\t\t\t\t\t<img loading=\"lazy\" decoding=\"async\" width=\"630\" height=\"517\" src=\"http:\/\/kingabor.pl\/grafik\/wp-content\/uploads\/sites\/11\/2024\/06\/20240620_120806-1536x865-1-630x517.jpg\" class=\"img-fluid mb-10 width-100 wp-post-image\" alt=\"\" \/>\t\t\t\t\t\t<\/a>\n\t\t\t\t\t\t<a href=\"http:\/\/kingabor.pl\/grafik\/blog\/portfolio\/projekt-haftu-na-dzien-ojca\/\" class=\"item-btn inline-popup\"><i class=\"flaticon-next\"><\/i><\/a>\n\t\t\t\t\t<\/div>\n\t\t\t\t\t<div class=\"rtin-content\">\n\t\t\t\t\t\t<h3 style=\" font-size: 22px;\"><a href=\"http:\/\/kingabor.pl\/grafik\/blog\/portfolio\/projekt-haftu-na-dzien-ojca\/\">Projekt haftu na &#8222;Dzie\u0144 Ojca&#8221;<\/a><\/h3>\n\t\t\t\t\t\t\t\t\t\t\t\t<div class=\"rtin-cat\">\n\t\t\t\t\t\t\t\t\t\t\t\t\t\t\t\t<a href=\"http:\/\/kingabor.pl\/grafik\/blog\/zugan_portfolio_category\/projekt-haftu\/\">haft<\/a>\n\t\t\t\t\t\t\t\t\t\t\t\t\t<\/div>\n\t\t\t\t\t\t\t\t\t\t\t<\/div>\n\t\t\t\t<\/div>\n\t\t\t<\/div>\t\t\n\t\t\t\t\t\t<\/div>\n\t\t\t\t\t<div class=\"pagination-area\"><ul>\n<li class=\"active\"><a href=\"http:\/\/kingabor.pl\/grafik\/wp-json\/wp\/v2\/pages\/830\/\">1<\/a><\/li>\n<li><a href=\"http:\/\/kingabor.pl\/grafik\/wp-json\/wp\/v2\/pages\/830\/page\/2\/\">2<\/a><\/li>\n<li><a href=\"http:\/\/kingabor.pl\/grafik\/wp-json\/wp\/v2\/pages\/830\/page\/3\/\">3<\/a><\/li>\n<li>...<\/li>\n<li><a href=\"http:\/\/kingabor.pl\/grafik\/wp-json\/wp\/v2\/pages\/830\/page\/6\/\">6<\/a><\/li>\n<li><a href=\"http:\/\/kingabor.pl\/grafik\/wp-json\/wp\/v2\/pages\/830\/page\/2\/\" ><i class=\"fa fa-angle-double-right\" aria-hidden=\"true\"><\/i><\/a><\/li>\n<\/ul><\/div>\n\t\t\t\t<\/div>\t\t\t\t<\/div>\n\t\t\t\t<\/div>\n\t\t\t\t\t<\/div>\n\t\t<\/div>\n\t\t\t\t\t<\/div>\n\t\t<\/section>\n\t\t\t\t<\/div>\n\t\t","protected":false},"excerpt":{"rendered":"<p>Projekty graficzne wykonane przeze mnie: nadruk na kubek strona internetowa kartka okoliczno\u015bciowa plakat haft grafiki do social media infografika logo wizyt\u00f3wka zaproszenie Projekt strony www strona internetowa Projekt strony firmowej strona internetowa Projekt strony lanidng page do kursu strona internetowa Projekt platformy edukacyjnej strona internetowa Projekt Dyplomu za udzia\u0142 w Warsztatach dyplom Projekt nadruku na [&hellip;]<\/p>\n","protected":false},"author":1,"featured_media":0,"parent":0,"menu_order":0,"comment_status":"closed","ping_status":"closed","template":"","meta":{"footnotes":""},"class_list":["post-830","page","type-page","status-publish","hentry"],"yoast_head":"<!-- This site is optimized with the Yoast SEO plugin v27.1.1 - https:\/\/yoast.com\/product\/yoast-seo-wordpress\/ -->\n<title>Portfolio Grid 1 - Kinga Bor Grafik komputerowy<\/title>\n<meta name=\"robots\" content=\"index, follow, max-snippet:-1, max-image-preview:large, max-video-preview:-1\" \/>\n<link rel=\"canonical\" href=\"http:\/\/kingabor.pl\/grafik\/portfolio-grid-1\/\" \/>\n<meta property=\"og:locale\" content=\"pl_PL\" \/>\n<meta property=\"og:type\" content=\"article\" \/>\n<meta property=\"og:title\" content=\"Portfolio Grid 1 - Kinga Bor Grafik komputerowy\" \/>\n<meta property=\"og:description\" content=\"Projekty graficzne wykonane przeze mnie: nadruk na kubek strona internetowa kartka okoliczno\u015bciowa plakat haft grafiki do social media infografika logo wizyt\u00f3wka zaproszenie Projekt strony www strona internetowa Projekt strony firmowej strona internetowa Projekt strony lanidng page do kursu strona internetowa Projekt platformy edukacyjnej strona internetowa Projekt Dyplomu za udzia\u0142 w Warsztatach dyplom Projekt nadruku na [&hellip;]\" \/>\n<meta property=\"og:url\" content=\"http:\/\/kingabor.pl\/grafik\/portfolio-grid-1\/\" \/>\n<meta property=\"og:site_name\" content=\"Kinga Bor Grafik komputerowy\" \/>\n<meta property=\"article:modified_time\" content=\"2025-11-10T12:29:54+00:00\" \/>\n<meta property=\"og:image\" content=\"http:\/\/kingabor.pl\/grafik\/wp-content\/uploads\/sites\/11\/2025\/11\/projekt-strony-kingabor.pl\/grafik_-1.png\" \/>\n<meta name=\"twitter:card\" content=\"summary_large_image\" \/>\n<meta name=\"twitter:label1\" content=\"Szacowany czas czytania\" \/>\n\t<meta name=\"twitter:data1\" content=\"3 minuty\" \/>\n<script type=\"application\/ld+json\" class=\"yoast-schema-graph\">{\"@context\":\"https:\/\/schema.org\",\"@graph\":[{\"@type\":\"WebPage\",\"@id\":\"http:\/\/kingabor.pl\/grafik\/portfolio-grid-1\/\",\"url\":\"http:\/\/kingabor.pl\/grafik\/portfolio-grid-1\/\",\"name\":\"Portfolio Grid 1 - Kinga Bor Grafik komputerowy\",\"isPartOf\":{\"@id\":\"https:\/\/kingabor.pl\/grafik\/#website\"},\"primaryImageOfPage\":{\"@id\":\"http:\/\/kingabor.pl\/grafik\/portfolio-grid-1\/#primaryimage\"},\"image\":{\"@id\":\"http:\/\/kingabor.pl\/grafik\/portfolio-grid-1\/#primaryimage\"},\"thumbnailUrl\":\"http:\/\/kingabor.pl\/grafik\/wp-content\/uploads\/sites\/11\/2025\/11\/projekt-strony-kingabor.pl\/grafik_-1.png\",\"datePublished\":\"2019-01-09T09:40:23+00:00\",\"dateModified\":\"2025-11-10T12:29:54+00:00\",\"breadcrumb\":{\"@id\":\"http:\/\/kingabor.pl\/grafik\/portfolio-grid-1\/#breadcrumb\"},\"inLanguage\":\"pl-PL\",\"potentialAction\":[{\"@type\":\"ReadAction\",\"target\":[\"http:\/\/kingabor.pl\/grafik\/portfolio-grid-1\/\"]}]},{\"@type\":\"ImageObject\",\"inLanguage\":\"pl-PL\",\"@id\":\"http:\/\/kingabor.pl\/grafik\/portfolio-grid-1\/#primaryimage\",\"url\":\"http:\/\/kingabor.pl\/grafik\/wp-content\/uploads\/sites\/11\/2025\/11\/projekt-strony-kingabor.pl\/grafik_-1.png\",\"contentUrl\":\"http:\/\/kingabor.pl\/grafik\/wp-content\/uploads\/sites\/11\/2025\/11\/projekt-strony-kingabor.pl\/grafik_-1.png\"},{\"@type\":\"BreadcrumbList\",\"@id\":\"http:\/\/kingabor.pl\/grafik\/portfolio-grid-1\/#breadcrumb\",\"itemListElement\":[{\"@type\":\"ListItem\",\"position\":1,\"name\":\"Strona g\u0142\u00f3wna\",\"item\":\"https:\/\/kingabor.pl\/grafik\/\"},{\"@type\":\"ListItem\",\"position\":2,\"name\":\"Portfolio Grid 1\"}]},{\"@type\":\"WebSite\",\"@id\":\"https:\/\/kingabor.pl\/grafik\/#website\",\"url\":\"https:\/\/kingabor.pl\/grafik\/\",\"name\":\"Kinga Bor Grafik komputerowy\",\"description\":\"Portfolio graficzne\",\"potentialAction\":[{\"@type\":\"SearchAction\",\"target\":{\"@type\":\"EntryPoint\",\"urlTemplate\":\"https:\/\/kingabor.pl\/grafik\/?s={search_term_string}\"},\"query-input\":{\"@type\":\"PropertyValueSpecification\",\"valueRequired\":true,\"valueName\":\"search_term_string\"}}],\"inLanguage\":\"pl-PL\"}]}<\/script>\n<!-- \/ Yoast SEO plugin. -->","yoast_head_json":{"title":"Portfolio Grid 1 - Kinga Bor Grafik komputerowy","robots":{"index":"index","follow":"follow","max-snippet":"max-snippet:-1","max-image-preview":"max-image-preview:large","max-video-preview":"max-video-preview:-1"},"canonical":"http:\/\/kingabor.pl\/grafik\/portfolio-grid-1\/","og_locale":"pl_PL","og_type":"article","og_title":"Portfolio Grid 1 - Kinga Bor Grafik komputerowy","og_description":"Projekty graficzne wykonane przeze mnie: nadruk na kubek strona internetowa kartka okoliczno\u015bciowa plakat haft grafiki do social media infografika logo wizyt\u00f3wka zaproszenie Projekt strony www strona internetowa Projekt strony firmowej strona internetowa Projekt strony lanidng page do kursu strona internetowa Projekt platformy edukacyjnej strona internetowa Projekt Dyplomu za udzia\u0142 w Warsztatach dyplom Projekt nadruku na [&hellip;]","og_url":"http:\/\/kingabor.pl\/grafik\/portfolio-grid-1\/","og_site_name":"Kinga Bor Grafik komputerowy","article_modified_time":"2025-11-10T12:29:54+00:00","og_image":[{"url":"http:\/\/kingabor.pl\/grafik\/wp-content\/uploads\/sites\/11\/2025\/11\/projekt-strony-kingabor.pl\/grafik_-1.png","type":"","width":"","height":""}],"twitter_card":"summary_large_image","twitter_misc":{"Szacowany czas czytania":"3 minuty"},"schema":{"@context":"https:\/\/schema.org","@graph":[{"@type":"WebPage","@id":"http:\/\/kingabor.pl\/grafik\/portfolio-grid-1\/","url":"http:\/\/kingabor.pl\/grafik\/portfolio-grid-1\/","name":"Portfolio Grid 1 - Kinga Bor Grafik komputerowy","isPartOf":{"@id":"https:\/\/kingabor.pl\/grafik\/#website"},"primaryImageOfPage":{"@id":"http:\/\/kingabor.pl\/grafik\/portfolio-grid-1\/#primaryimage"},"image":{"@id":"http:\/\/kingabor.pl\/grafik\/portfolio-grid-1\/#primaryimage"},"thumbnailUrl":"http:\/\/kingabor.pl\/grafik\/wp-content\/uploads\/sites\/11\/2025\/11\/projekt-strony-kingabor.pl\/grafik_-1.png","datePublished":"2019-01-09T09:40:23+00:00","dateModified":"2025-11-10T12:29:54+00:00","breadcrumb":{"@id":"http:\/\/kingabor.pl\/grafik\/portfolio-grid-1\/#breadcrumb"},"inLanguage":"pl-PL","potentialAction":[{"@type":"ReadAction","target":["http:\/\/kingabor.pl\/grafik\/portfolio-grid-1\/"]}]},{"@type":"ImageObject","inLanguage":"pl-PL","@id":"http:\/\/kingabor.pl\/grafik\/portfolio-grid-1\/#primaryimage","url":"http:\/\/kingabor.pl\/grafik\/wp-content\/uploads\/sites\/11\/2025\/11\/projekt-strony-kingabor.pl\/grafik_-1.png","contentUrl":"http:\/\/kingabor.pl\/grafik\/wp-content\/uploads\/sites\/11\/2025\/11\/projekt-strony-kingabor.pl\/grafik_-1.png"},{"@type":"BreadcrumbList","@id":"http:\/\/kingabor.pl\/grafik\/portfolio-grid-1\/#breadcrumb","itemListElement":[{"@type":"ListItem","position":1,"name":"Strona g\u0142\u00f3wna","item":"https:\/\/kingabor.pl\/grafik\/"},{"@type":"ListItem","position":2,"name":"Portfolio Grid 1"}]},{"@type":"WebSite","@id":"https:\/\/kingabor.pl\/grafik\/#website","url":"https:\/\/kingabor.pl\/grafik\/","name":"Kinga Bor Grafik komputerowy","description":"Portfolio graficzne","potentialAction":[{"@type":"SearchAction","target":{"@type":"EntryPoint","urlTemplate":"https:\/\/kingabor.pl\/grafik\/?s={search_term_string}"},"query-input":{"@type":"PropertyValueSpecification","valueRequired":true,"valueName":"search_term_string"}}],"inLanguage":"pl-PL"}]}},"_links":{"self":[{"href":"http:\/\/kingabor.pl\/grafik\/wp-json\/wp\/v2\/pages\/830","targetHints":{"allow":["GET"]}}],"collection":[{"href":"http:\/\/kingabor.pl\/grafik\/wp-json\/wp\/v2\/pages"}],"about":[{"href":"http:\/\/kingabor.pl\/grafik\/wp-json\/wp\/v2\/types\/page"}],"author":[{"embeddable":true,"href":"http:\/\/kingabor.pl\/grafik\/wp-json\/wp\/v2\/users\/1"}],"replies":[{"embeddable":true,"href":"http:\/\/kingabor.pl\/grafik\/wp-json\/wp\/v2\/comments?post=830"}],"version-history":[{"count":25,"href":"http:\/\/kingabor.pl\/grafik\/wp-json\/wp\/v2\/pages\/830\/revisions"}],"predecessor-version":[{"id":38327,"href":"http:\/\/kingabor.pl\/grafik\/wp-json\/wp\/v2\/pages\/830\/revisions\/38327"}],"wp:attachment":[{"href":"http:\/\/kingabor.pl\/grafik\/wp-json\/wp\/v2\/media?parent=830"}],"curies":[{"name":"wp","href":"https:\/\/api.w.org\/{rel}","templated":true}]}}