{"id":38275,"date":"2025-11-10T11:55:09","date_gmt":"2025-11-10T10:55:09","guid":{"rendered":"https:\/\/kingabor.pl\/grafik\/?page_id=38275"},"modified":"2026-01-07T18:04:04","modified_gmt":"2026-01-07T17:04:04","slug":"regulamin-newslettera","status":"publish","type":"page","link":"https:\/\/kingabor.pl\/grafik\/regulamin-newslettera\/","title":{"rendered":"Regulamin newslettera"},"content":{"rendered":"\t\t<div data-elementor-type=\"wp-page\" data-elementor-id=\"38275\" class=\"elementor elementor-38275\">\n\t\t\t\t<div class=\"elementor-element elementor-element-732f7700 e-flex e-con-boxed e-con e-parent\" data-id=\"732f7700\" data-element_type=\"container\" data-e-type=\"container\">\n\t\t\t\t\t<div class=\"e-con-inner\">\n\t\t\t\t<div class=\"elementor-element elementor-element-32aef3c5 elementor-widget elementor-widget-text-editor\" data-id=\"32aef3c5\" data-element_type=\"widget\" data-e-type=\"widget\" data-widget_type=\"text-editor.default\">\n\t\t\t\t<div class=\"elementor-widget-container\">\n\t\t\t\t\t\t\t\t\t<div class=\"elementor-element elementor-element-df0dc02 e-flex e-con-boxed e-con e-parent e-lazyloaded\" data-id=\"df0dc02\" data-element_type=\"container\">\r\n<div class=\"e-con-inner\">\r\n<div class=\"elementor-element elementor-element-83327df elementor-widget elementor-widget-heading\" data-id=\"83327df\" data-element_type=\"widget\" data-widget_type=\"heading.default\">\r\n<div class=\"elementor-widget-container\">\r\n<h2 class=\"elementor-heading-title elementor-size-default\">Regulamin udost\u0119pniania tre\u015bci i us\u0142ugi cyfrowej &#8211; Regulamin newslettera<\/h2>\r\n<\/div>\r\n<\/div>\r\n<\/div>\r\n<\/div>\r\n<div class=\"elementor-element elementor-element-d0e077c e-flex e-con-boxed e-con e-parent e-lazyloaded\" data-id=\"d0e077c\" data-element_type=\"container\">\r\n<div class=\"e-con-inner\">\r\n<div class=\"elementor-element elementor-element-b6e334a elementor-widget elementor-widget-spacer\" data-id=\"b6e334a\" data-element_type=\"widget\" data-widget_type=\"spacer.default\">\r\n<div class=\"elementor-widget-container\">\r\n<div class=\"elementor-spacer\">\r\n<div class=\"elementor-spacer-inner\"><\/div>\r\n<\/div>\r\n<\/div>\r\n<\/div>\r\n<\/div>\r\n<\/div>\r\n<div class=\"elementor-element elementor-element-438d831 e-flex e-con-boxed e-con e-parent e-lazyloaded\" data-id=\"438d831\" data-element_type=\"container\">\r\n<div class=\"e-con-inner\">\r\n<div class=\"elementor-element elementor-element-fc88d01 elementor-widget elementor-widget-text-editor\" data-id=\"fc88d01\" data-element_type=\"widget\" data-widget_type=\"text-editor.default\">\r\n<div class=\"elementor-widget-container\">\r\n<h1 data-start=\"569\" data-end=\"613\"><span style=\"font-size: 18pt;\"><strong data-start=\"615\" data-end=\"635\">Data publikacji:<\/strong> 10.11.2025 r.<\/span><\/h1>\r\n<h3>1. Informacje og\u00f3lne<\/h3>\r\n<ol data-start=\"680\" data-end=\"1472\">\r\n \t<li data-start=\"680\" data-end=\"954\">\r\n<p data-start=\"683\" data-end=\"954\">Regulamin okre\u015bla zasady korzystania z us\u0142ugi Newsletter prowadzonej przez w\u0142a\u015bciciela dzia\u0142alno\u015bci:<br data-start=\"783\" data-end=\"786\" \/><strong data-start=\"789\" data-end=\"822\">King\u0119 Bor <\/strong>zamieszka\u0142\u0105 w Kluczborku.<br data-start=\"860\" data-end=\"863\" \/>Administratorem danych osobowych jest\u00a0<strong data-start=\"904\" data-end=\"917\">Kinga Bor<\/strong>, e-mail:\u00a0<a class=\"cursor-pointer\" rel=\"noopener\" data-start=\"927\" data-end=\"951\">kontakt@kingabor.pl\/grafik<\/a>.<\/p>\r\n<\/li>\r\n \t<li data-start=\"956\" data-end=\"1294\">\r\n<p data-start=\"959\" data-end=\"1098\">Newsletter jest us\u0142ug\u0105 bezp\u0142atn\u0105, \u015bwiadczon\u0105 drog\u0105 elektroniczn\u0105, polegaj\u0105c\u0105 na cyklicznym przesy\u0142aniu tre\u015bci e-mail zawieraj\u0105cych m.in.:<\/p>\r\n<\/li>\r\n<\/ol>\r\n<ul>\r\n \t<li data-start=\"1104\" data-end=\"1149\">artyku\u0142y, poradniki i materia\u0142y edukacyjne,<\/li>\r\n \t<li data-start=\"1155\" data-end=\"1213\">informacje o produktach i us\u0142ugach marki Ucz\u0119 medialnie,<\/li>\r\n \t<li data-start=\"1219\" data-end=\"1294\">powiadomienia o wydarzeniach, kursach, promocjach i ofertach specjalnych.<\/li>\r\n<\/ul>\r\n<ol data-start=\"680\" data-end=\"1472\">\r\n \t<li data-start=\"1296\" data-end=\"1472\">\r\n<p data-start=\"1299\" data-end=\"1472\">Regulamin ma zastosowanie do zapis\u00f3w na Newsletter dokonywanych poprzez stron\u0119 <a href=\"https:\/\/kingabor.pl\/grafik\/\"><strong>https:\/\/kingabor.pl\/grafik\/\u00a0<\/strong><\/a>lub inne strony i formularze nale\u017c\u0105ce do marki Kinga Bor.<\/p>\r\n<\/li>\r\n<\/ol>\r\n<h3>2. Definicje<\/h3>\r\n<ul>\r\n \t<li data-start=\"1500\" data-end=\"1642\"><strong data-start=\"1500\" data-end=\"1520\">Formularz zapisu<\/strong>\u00a0\u2013 interaktywny formularz dost\u0119pny w serwisie lub na innych stronach Ucz\u0119 medialnie, umo\u017cliwiaj\u0105cy zapis do Newslettera.<\/li>\r\n \t<li data-start=\"1645\" data-end=\"1763\"><strong data-start=\"1645\" data-end=\"1659\">Newsletter<\/strong>\u00a0\u2013 us\u0142uga polegaj\u0105ca na przesy\u0142aniu e-maili z tre\u015bciami edukacyjnymi, informacyjnymi lub promocyjnymi.<\/li>\r\n \t<li data-start=\"1766\" data-end=\"1906\"><strong data-start=\"1766\" data-end=\"1781\">Subskrybent<\/strong>\u00a0\u2013 osoba, kt\u00f3ra zapisa\u0142a si\u0119 do Newslettera, podaj\u0105c adres e-mail i (opcjonalnie) imi\u0119, oraz potwierdzi\u0142a ch\u0119\u0107 subskrypcji.<\/li>\r\n \t<li data-start=\"1909\" data-end=\"2039\"><strong data-start=\"1909\" data-end=\"1922\">Materia\u0142y<\/strong>\u00a0\u2013 tre\u015bci cyfrowe przesy\u0142ane w ramach Newslettera lub udost\u0119pniane po zapisie (np. e-booki, checklisty, poradniki).<\/li>\r\n \t<li data-start=\"2042\" data-end=\"2122\"><strong data-start=\"2042\" data-end=\"2052\">Serwis<\/strong>\u00a0\u2013 strona internetowa\u00a0<strong data-start=\"2074\" data-end=\"2103\"><a class=\"\" href=\"https:\/\/kingabor.pl\/grafik\/\" target=\"_new\" rel=\"noopener\" data-start=\"2076\" data-end=\"2101\">https:\/\/kingabor.pl\/grafik\/<\/a><\/strong>\u00a0i jej podstrony.<\/li>\r\n \t<li data-start=\"2125\" data-end=\"2243\"><strong data-start=\"2125\" data-end=\"2144\">P\u0142atno\u015b\u0107 danymi<\/strong>\u00a0\u2013 udost\u0119pnienie danych osobowych w zamian za otrzymywanie tre\u015bci cyfrowych w ramach Newslettera.<\/li>\r\n<\/ul>\r\n<h3>3. Zasady zapisu i \u015bwiadczenia us\u0142ugi<\/h3>\r\n<ol data-start=\"2294\" data-end=\"3127\">\r\n \t<li data-start=\"2294\" data-end=\"2520\">\r\n<p data-start=\"2297\" data-end=\"2338\">Aby zapisa\u0107 si\u0119 do Newslettera, nale\u017cy:<\/p>\r\n<\/li>\r\n<\/ol>\r\n<ul>\r\n \t<li data-start=\"2344\" data-end=\"2395\">wype\u0142ni\u0107 Formularz zapisu, podaj\u0105c wymagane dane,<\/li>\r\n \t<li data-start=\"2401\" data-end=\"2520\">potwierdzi\u0107 zapis poprzez klikni\u0119cie w link aktywacyjny przes\u0142any na podany adres e-mail (tzw. metoda double opt-in).<\/li>\r\n<\/ul>\r\n<ol data-start=\"2294\" data-end=\"3127\">\r\n \t<li data-start=\"2522\" data-end=\"2792\">\r\n<p data-start=\"2525\" data-end=\"2560\">Zapis oznacza wyra\u017cenie zgody na:<\/p>\r\n<\/li>\r\n<\/ol>\r\n<ul>\r\n \t<li data-start=\"2566\" data-end=\"2633\">otrzymywanie wiadomo\u015bci e-mail zawieraj\u0105cych tre\u015bci marketingowe,<\/li>\r\n \t<li data-start=\"2639\" data-end=\"2792\">wykorzystanie telekomunikacyjnych urz\u0105dze\u0144 ko\u0144cowych (np. komputer, smartfon) do przesy\u0142ania tre\u015bci marketingowych zgodnie z prawem telekomunikacyjnym.<\/li>\r\n<\/ul>\r\n<ol data-start=\"2294\" data-end=\"3127\">\r\n \t<li data-start=\"2794\" data-end=\"2878\">\r\n<p data-start=\"2797\" data-end=\"2878\">Podanie danych jest dobrowolne, ale niezb\u0119dne do realizacji us\u0142ugi Newslettera.<\/p>\r\n<\/li>\r\n \t<li data-start=\"2879\" data-end=\"2978\">\r\n<p data-start=\"2882\" data-end=\"2978\">Subskrybent zobowi\u0105zuje si\u0119 do podawania prawdziwych danych i ich aktualizacji w razie zmiany.<\/p>\r\n<\/li>\r\n \t<li data-start=\"2979\" data-end=\"3127\">\r\n<p data-start=\"2982\" data-end=\"3127\">Us\u0142uga Newslettera ma charakter bezterminowy \u2013 trwa do momentu rezygnacji przez Subskrybenta lub zako\u0144czenia jej \u015bwiadczenia przez w\u0142a\u015bciciela.<\/p>\r\n<\/li>\r\n<\/ol>\r\n<h3>4. Wymagania techniczne<\/h3>\r\n<ol data-start=\"3164\" data-end=\"3511\">\r\n \t<li data-start=\"3164\" data-end=\"3377\">\r\n<p data-start=\"3167\" data-end=\"3212\">Do korzystania z Newslettera wymagane jest:<\/p>\r\n<\/li>\r\n<\/ol>\r\n<ul>\r\n \t<li data-start=\"3218\" data-end=\"3255\">urz\u0105dzenie z dost\u0119pem do Internetu,<\/li>\r\n \t<li data-start=\"3261\" data-end=\"3348\">aktualna przegl\u0105darka obs\u0142uguj\u0105ca HTML5 i pliki cookie (np. Chrome, Firefox, Safari),<\/li>\r\n \t<li data-start=\"3354\" data-end=\"3377\">aktywny adres e-mail.<\/li>\r\n<\/ul>\r\nAdministrator stosuje odpowiednie \u015brodki techniczne i organizacyjne (m.in. szyfrowanie TLS) w celu ochrony przesy\u0142anych danych.\r\n<h3>5. Prawa autorskie i ograniczenia<\/h3>\r\n<ol data-start=\"3558\" data-end=\"3917\">\r\n \t<li data-start=\"3558\" data-end=\"3744\">\r\n<p data-start=\"3561\" data-end=\"3744\">Wszystkie tre\u015bci przesy\u0142ane w Newsletterze (w tym materia\u0142y edukacyjne, grafiki, teksty) s\u0105 chronione prawem autorskim i nale\u017c\u0105 do<strong data-start=\"3692\" data-end=\"3710\">\u00a0autorki Kingi Bor<\/strong>.<\/p>\r\n<\/li>\r\n \t<li data-start=\"3745\" data-end=\"3917\">\r\n<p data-start=\"3748\" data-end=\"3917\">Zabrania si\u0119 kopiowania, udost\u0119pniania, publikowania lub wykorzystywania tre\u015bci z Newslettera w spos\u00f3b naruszaj\u0105cy prawa autorskie bez uprzedniej zgody Administratora.<\/p>\r\n<\/li>\r\n<\/ol>\r\n<h3>6. Rezygnacja z Newslettera<\/h3>\r\n<ol data-start=\"3958\" data-end=\"4252\">\r\n \t<li data-start=\"3958\" data-end=\"4165\">\r\n<p data-start=\"3961\" data-end=\"4035\">Subskrybent mo\u017ce w ka\u017cdej chwili zrezygnowa\u0107 z otrzymywania Newslettera:<\/p>\r\n<\/li>\r\n<\/ol>\r\n<ul>\r\n \t<li data-start=\"4041\" data-end=\"4095\">klikaj\u0105c link rezygnacji w stopce ka\u017cdej wiadomo\u015bci,<\/li>\r\n \t<li data-start=\"4101\" data-end=\"4165\">wysy\u0142aj\u0105c wiadomo\u015b\u0107 e-mail na adres:\u00a0<a class=\"cursor-pointer\" rel=\"noopener\" data-start=\"4138\" data-end=\"4162\">kontakt@kingabor.pl\/grafik<\/a>.<\/li>\r\n<\/ul>\r\n<ol data-start=\"3958\" data-end=\"4252\">\r\n \t<li data-start=\"4167\" data-end=\"4252\">\r\n<p data-start=\"4170\" data-end=\"4252\">Rezygnacja skutkuje niezw\u0142ocznym usuni\u0119ciem adresu e-mail z listy subskrybent\u00f3w.<\/p>\r\n<\/li>\r\n<\/ol>\r\n<h3>7. Reklamacje<\/h3>\r\n<ol data-start=\"4279\" data-end=\"4651\">\r\n \t<li data-start=\"4279\" data-end=\"4383\">\r\n<p data-start=\"4282\" data-end=\"4383\">Reklamacje dotycz\u0105ce dzia\u0142ania Newslettera mo\u017cna sk\u0142ada\u0107 na adres e-mail:\u00a0<a class=\"cursor-pointer\" rel=\"noopener\" data-start=\"4356\" data-end=\"4380\">kontakt@uczemedialnie.pl<\/a>.<\/p>\r\n<\/li>\r\n \t<li data-start=\"4384\" data-end=\"4520\">\r\n<p data-start=\"4387\" data-end=\"4417\">Reklamacja powinna zawiera\u0107:<\/p>\r\n<\/li>\r\n<\/ol>\r\n<ul>\r\n \t<li data-start=\"4423\" data-end=\"4454\">dane kontaktowe subskrybenta,<\/li>\r\n \t<li data-start=\"4460\" data-end=\"4476\">opis problemu,<\/li>\r\n \t<li data-start=\"4482\" data-end=\"4520\">propozycj\u0119 oczekiwanego rozwi\u0105zania.<\/li>\r\n<\/ul>\r\n<ol data-start=\"4279\" data-end=\"4651\">\r\n \t<li data-start=\"4521\" data-end=\"4651\">\r\n<p data-start=\"4524\" data-end=\"4651\">Reklamacje rozpatrywane s\u0105 w ci\u0105gu 14 dni od ich otrzymania, a odpowied\u017a wysy\u0142ana jest na adres e-mail wskazany w zg\u0142oszeniu.<\/p>\r\n<\/li>\r\n<\/ol>\r\n<h3>8. Dane osobowe<\/h3>\r\n<ol data-start=\"4680\" data-end=\"5031\">\r\n \t<li data-start=\"4680\" data-end=\"4771\">\r\n<p data-start=\"4683\" data-end=\"4771\">Administratorem danych osobowych jest\u00a0<strong data-start=\"4721\" data-end=\"4734\">Kinga Bor<\/strong>, e-mail:\u00a0<a class=\"cursor-pointer\" rel=\"noopener\" data-start=\"4744\" data-end=\"4768\">kontakt@kingabor.pl\/grafik<\/a>.<\/p>\r\n<\/li>\r\n \t<li data-start=\"4772\" data-end=\"4895\">\r\n<p data-start=\"4775\" data-end=\"4895\">Dane s\u0105 przetwarzane w celu realizacji us\u0142ugi Newsletter, na podstawie zgody subskrybenta (art. 6 ust. 1 lit. a RODO).<\/p>\r\n<\/li>\r\n \t<li data-start=\"4896\" data-end=\"5031\">\r\n<p data-start=\"4899\" data-end=\"5031\">Szczeg\u00f3\u0142owe informacje o przetwarzaniu danych i prawach subskrybenta znajduj\u0105 si\u0119 w\u00a0<a href=\"https:\/\/kingabor.pl\/grafik\/polityka-prywatnosci\/\"><strong data-start=\"4983\" data-end=\"5007\">Polityce prywatno\u015bci<\/strong>\u00a0<\/a>dost\u0119pnej w Serwisie.<\/p>\r\n<\/li>\r\n<\/ol>\r\n<h3>9. Zmiany regulaminu<\/h3>\r\n<ol data-start=\"5065\" data-end=\"5387\">\r\n \t<li data-start=\"5065\" data-end=\"5270\">\r\n<p data-start=\"5068\" data-end=\"5133\">Administrator mo\u017ce zmieni\u0107 Regulamin z wa\u017cnych przyczyn, m.in.:<\/p>\r\n<\/li>\r\n<\/ol>\r\n<ul>\r\n \t<li data-start=\"5139\" data-end=\"5164\">zmiany przepis\u00f3w prawa,<\/li>\r\n \t<li data-start=\"5170\" data-end=\"5207\">zmiany funkcjonalno\u015bci Newslettera,<\/li>\r\n \t<li data-start=\"5213\" data-end=\"5270\">wprowadzenia nowych us\u0142ug lub modyfikacji technicznych.<\/li>\r\n<\/ul>\r\n<ol data-start=\"5065\" data-end=\"5387\">\r\n \t<li data-start=\"5271\" data-end=\"5326\">\r\n<p data-start=\"5274\" data-end=\"5326\">O zmianach subskrybenci b\u0119d\u0105 informowani e-mailem.<\/p>\r\n<\/li>\r\n \t<li data-start=\"5327\" data-end=\"5387\">\r\n<p data-start=\"5330\" data-end=\"5387\">Brak akceptacji zmian oznacza rezygnacj\u0119 z Newslettera.<\/p>\r\n<\/li>\r\n<\/ol>\r\n<h3>10. Postanowienia ko\u0144cowe<\/h3>\r\n<ol data-start=\"5426\" data-end=\"5622\">\r\n \t<li data-start=\"5426\" data-end=\"5473\">\r\n<p data-start=\"5429\" data-end=\"5473\">Regulamin obowi\u0105zuje od dnia 01.01.2025 r.<\/p>\r\n<\/li>\r\n \t<li data-start=\"5474\" data-end=\"5544\">\r\n<p data-start=\"5477\" data-end=\"5544\">W sprawach nieuregulowanych stosuje si\u0119 przepisy prawa polskiego.<\/p>\r\n<\/li>\r\n \t<li data-start=\"5545\" data-end=\"5622\">\r\n<p data-start=\"5548\" data-end=\"5622\">Regulamin nie ogranicza praw konsument\u00f3w wynikaj\u0105cych z przepis\u00f3w prawa.<\/p>\r\n<\/li>\r\n<\/ol>\r\n<\/div>\r\n<\/div>\r\n<\/div>\r\n<\/div>\t\t\t\t\t\t\t\t<\/div>\n\t\t\t\t<\/div>\n\t\t\t\t\t<\/div>\n\t\t\t\t<\/div>\n\t\t\t\t<\/div>\n\t\t","protected":false},"excerpt":{"rendered":"<p>Regulamin udost\u0119pniania tre\u015bci i us\u0142ugi cyfrowej &#8211; Regulamin newslettera Data publikacji: 10.11.2025 r. 1. Informacje og\u00f3lne Regulamin okre\u015bla zasady korzystania z us\u0142ugi Newsletter prowadzonej przez w\u0142a\u015bciciela dzia\u0142alno\u015bci:King\u0119 Bor zamieszka\u0142\u0105 w Kluczborku.Administratorem danych osobowych jest\u00a0Kinga Bor, e-mail:\u00a0kontakt@kingabor.pl\/grafik. Newsletter jest us\u0142ug\u0105 bezp\u0142atn\u0105, \u015bwiadczon\u0105 drog\u0105 elektroniczn\u0105, polegaj\u0105c\u0105 na cyklicznym przesy\u0142aniu tre\u015bci e-mail zawieraj\u0105cych m.in.: artyku\u0142y, poradniki i materia\u0142y [&hellip;]<\/p>\n","protected":false},"author":1,"featured_media":0,"parent":0,"menu_order":0,"comment_status":"closed","ping_status":"closed","template":"elementor_canvas","meta":{"footnotes":""},"class_list":["post-38275","page","type-page","status-publish","hentry"],"yoast_head":"<!-- This site is optimized with the Yoast SEO plugin v27.1.1 - https:\/\/yoast.com\/product\/yoast-seo-wordpress\/ -->\n<title>Regulamin newslettera - Kinga Bor Grafik komputerowy<\/title>\n<meta name=\"robots\" content=\"index, follow, max-snippet:-1, max-image-preview:large, max-video-preview:-1\" \/>\n<link rel=\"canonical\" href=\"https:\/\/kingabor.pl\/grafik\/regulamin-newslettera\/\" \/>\n<meta property=\"og:locale\" content=\"pl_PL\" \/>\n<meta property=\"og:type\" content=\"article\" \/>\n<meta property=\"og:title\" content=\"Regulamin newslettera - Kinga Bor Grafik komputerowy\" \/>\n<meta property=\"og:description\" content=\"Regulamin udost\u0119pniania tre\u015bci i us\u0142ugi cyfrowej &#8211; Regulamin newslettera Data publikacji: 10.11.2025 r. 1. Informacje og\u00f3lne Regulamin okre\u015bla zasady korzystania z us\u0142ugi Newsletter prowadzonej przez w\u0142a\u015bciciela dzia\u0142alno\u015bci:King\u0119 Bor zamieszka\u0142\u0105 w Kluczborku.Administratorem danych osobowych jest\u00a0Kinga Bor, e-mail:\u00a0kontakt@kingabor.pl\/grafik. Newsletter jest us\u0142ug\u0105 bezp\u0142atn\u0105, \u015bwiadczon\u0105 drog\u0105 elektroniczn\u0105, polegaj\u0105c\u0105 na cyklicznym przesy\u0142aniu tre\u015bci e-mail zawieraj\u0105cych m.in.: artyku\u0142y, poradniki i materia\u0142y [&hellip;]\" \/>\n<meta property=\"og:url\" content=\"https:\/\/kingabor.pl\/grafik\/regulamin-newslettera\/\" \/>\n<meta property=\"og:site_name\" content=\"Kinga Bor Grafik komputerowy\" \/>\n<meta property=\"article:modified_time\" content=\"2026-01-07T17:04:04+00:00\" \/>\n<meta name=\"twitter:card\" content=\"summary_large_image\" \/>\n<meta name=\"twitter:label1\" content=\"Szacowany czas czytania\" \/>\n\t<meta name=\"twitter:data1\" content=\"7 minut\" \/>\n<script type=\"application\/ld+json\" class=\"yoast-schema-graph\">{\"@context\":\"https:\/\/schema.org\",\"@graph\":[{\"@type\":\"WebPage\",\"@id\":\"https:\/\/kingabor.pl\/grafik\/regulamin-newslettera\/\",\"url\":\"https:\/\/kingabor.pl\/grafik\/regulamin-newslettera\/\",\"name\":\"Regulamin newslettera - Kinga Bor Grafik komputerowy\",\"isPartOf\":{\"@id\":\"https:\/\/kingabor.pl\/grafik\/#website\"},\"datePublished\":\"2025-11-10T10:55:09+00:00\",\"dateModified\":\"2026-01-07T17:04:04+00:00\",\"breadcrumb\":{\"@id\":\"https:\/\/kingabor.pl\/grafik\/regulamin-newslettera\/#breadcrumb\"},\"inLanguage\":\"pl-PL\",\"potentialAction\":[{\"@type\":\"ReadAction\",\"target\":[\"https:\/\/kingabor.pl\/grafik\/regulamin-newslettera\/\"]}]},{\"@type\":\"BreadcrumbList\",\"@id\":\"https:\/\/kingabor.pl\/grafik\/regulamin-newslettera\/#breadcrumb\",\"itemListElement\":[{\"@type\":\"ListItem\",\"position\":1,\"name\":\"Strona g\u0142\u00f3wna\",\"item\":\"https:\/\/kingabor.pl\/grafik\/\"},{\"@type\":\"ListItem\",\"position\":2,\"name\":\"Regulamin newslettera\"}]},{\"@type\":\"WebSite\",\"@id\":\"https:\/\/kingabor.pl\/grafik\/#website\",\"url\":\"https:\/\/kingabor.pl\/grafik\/\",\"name\":\"Kinga Bor Grafik komputerowy\",\"description\":\"Portfolio graficzne\",\"potentialAction\":[{\"@type\":\"SearchAction\",\"target\":{\"@type\":\"EntryPoint\",\"urlTemplate\":\"https:\/\/kingabor.pl\/grafik\/?s={search_term_string}\"},\"query-input\":{\"@type\":\"PropertyValueSpecification\",\"valueRequired\":true,\"valueName\":\"search_term_string\"}}],\"inLanguage\":\"pl-PL\"}]}<\/script>\n<!-- \/ Yoast SEO plugin. -->","yoast_head_json":{"title":"Regulamin newslettera - Kinga Bor Grafik komputerowy","robots":{"index":"index","follow":"follow","max-snippet":"max-snippet:-1","max-image-preview":"max-image-preview:large","max-video-preview":"max-video-preview:-1"},"canonical":"https:\/\/kingabor.pl\/grafik\/regulamin-newslettera\/","og_locale":"pl_PL","og_type":"article","og_title":"Regulamin newslettera - Kinga Bor Grafik komputerowy","og_description":"Regulamin udost\u0119pniania tre\u015bci i us\u0142ugi cyfrowej &#8211; Regulamin newslettera Data publikacji: 10.11.2025 r. 1. Informacje og\u00f3lne Regulamin okre\u015bla zasady korzystania z us\u0142ugi Newsletter prowadzonej przez w\u0142a\u015bciciela dzia\u0142alno\u015bci:King\u0119 Bor zamieszka\u0142\u0105 w Kluczborku.Administratorem danych osobowych jest\u00a0Kinga Bor, e-mail:\u00a0kontakt@kingabor.pl\/grafik. Newsletter jest us\u0142ug\u0105 bezp\u0142atn\u0105, \u015bwiadczon\u0105 drog\u0105 elektroniczn\u0105, polegaj\u0105c\u0105 na cyklicznym przesy\u0142aniu tre\u015bci e-mail zawieraj\u0105cych m.in.: artyku\u0142y, poradniki i materia\u0142y [&hellip;]","og_url":"https:\/\/kingabor.pl\/grafik\/regulamin-newslettera\/","og_site_name":"Kinga Bor Grafik komputerowy","article_modified_time":"2026-01-07T17:04:04+00:00","twitter_card":"summary_large_image","twitter_misc":{"Szacowany czas czytania":"7 minut"},"schema":{"@context":"https:\/\/schema.org","@graph":[{"@type":"WebPage","@id":"https:\/\/kingabor.pl\/grafik\/regulamin-newslettera\/","url":"https:\/\/kingabor.pl\/grafik\/regulamin-newslettera\/","name":"Regulamin newslettera - Kinga Bor Grafik komputerowy","isPartOf":{"@id":"https:\/\/kingabor.pl\/grafik\/#website"},"datePublished":"2025-11-10T10:55:09+00:00","dateModified":"2026-01-07T17:04:04+00:00","breadcrumb":{"@id":"https:\/\/kingabor.pl\/grafik\/regulamin-newslettera\/#breadcrumb"},"inLanguage":"pl-PL","potentialAction":[{"@type":"ReadAction","target":["https:\/\/kingabor.pl\/grafik\/regulamin-newslettera\/"]}]},{"@type":"BreadcrumbList","@id":"https:\/\/kingabor.pl\/grafik\/regulamin-newslettera\/#breadcrumb","itemListElement":[{"@type":"ListItem","position":1,"name":"Strona g\u0142\u00f3wna","item":"https:\/\/kingabor.pl\/grafik\/"},{"@type":"ListItem","position":2,"name":"Regulamin newslettera"}]},{"@type":"WebSite","@id":"https:\/\/kingabor.pl\/grafik\/#website","url":"https:\/\/kingabor.pl\/grafik\/","name":"Kinga Bor Grafik komputerowy","description":"Portfolio graficzne","potentialAction":[{"@type":"SearchAction","target":{"@type":"EntryPoint","urlTemplate":"https:\/\/kingabor.pl\/grafik\/?s={search_term_string}"},"query-input":{"@type":"PropertyValueSpecification","valueRequired":true,"valueName":"search_term_string"}}],"inLanguage":"pl-PL"}]}},"_links":{"self":[{"href":"https:\/\/kingabor.pl\/grafik\/wp-json\/wp\/v2\/pages\/38275","targetHints":{"allow":["GET"]}}],"collection":[{"href":"https:\/\/kingabor.pl\/grafik\/wp-json\/wp\/v2\/pages"}],"about":[{"href":"https:\/\/kingabor.pl\/grafik\/wp-json\/wp\/v2\/types\/page"}],"author":[{"embeddable":true,"href":"https:\/\/kingabor.pl\/grafik\/wp-json\/wp\/v2\/users\/1"}],"replies":[{"embeddable":true,"href":"https:\/\/kingabor.pl\/grafik\/wp-json\/wp\/v2\/comments?post=38275"}],"version-history":[{"count":6,"href":"https:\/\/kingabor.pl\/grafik\/wp-json\/wp\/v2\/pages\/38275\/revisions"}],"predecessor-version":[{"id":39027,"href":"https:\/\/kingabor.pl\/grafik\/wp-json\/wp\/v2\/pages\/38275\/revisions\/39027"}],"wp:attachment":[{"href":"https:\/\/kingabor.pl\/grafik\/wp-json\/wp\/v2\/media?parent=38275"}],"curies":[{"name":"wp","href":"https:\/\/api.w.org\/{rel}","templated":true}]}}